{"id":19179,"date":"2024-03-24T07:35:02","date_gmt":"2024-03-24T07:35:02","guid":{"rendered":"https:\/\/tinyknit.eu\/?post_type=product&#038;p=19179"},"modified":"2024-03-24T07:36:44","modified_gmt":"2024-03-24T07:36:44","slug":"riidest-koristi-mustard-kuu","status":"publish","type":"product","link":"https:\/\/tinyknit.eu\/et\/product\/riidest-koristid\/riidest-koristi-mustard-kuu\/","title":{"rendered":"Riidest k\u00f5risti &#8211; Mustard kuu"},"content":{"rendered":"<p><strong>Riidest k\u00f5risti<\/strong> on vahva kingitus, mis pakub lapsele avastamisr\u00f5\u00f5mu ning arendab k\u00e4te motoorikat. M\u00e4nguasja on mugav haarata ja k\u00e4es hoida. Materjal on beebile ohutu ja ei \u00e4rrita beebi nahka.<br \/>\nMugav n\u00f6\u00f6r v\u00f5imaldab m\u00e4nguasja kinnitada kuhu iganes &#8211; n\u00e4iteks beebivoodile v\u00f5i lutipudelile.<\/p>\n<p><strong>Materjal:<\/strong> 100% pol\u00fcester<br \/>\n<strong>T\u00e4ide:<\/strong>\u00a0100% holofiber (allergiavaba t\u00e4idis)<br \/>\n<strong>M\u00f5\u00f5dud:<\/strong> ~10 x 9 cm<br \/>\n<strong>N\u00f6\u00f6ri pikkus:<\/strong> ~13 cm<br \/>\n<strong>Kaal:<\/strong> ~30g<br \/>\n<strong>Sobib alates s\u00fcnnist.<\/strong><br \/>\nM\u00e4nguasja sees on kelluke, mis stimuleerib beebi kuulmist. K\u00e4sitsi valmistatud k\u00f5ristid on imelised kingitused ja m\u00e4letused beebiajast.<br \/>\nT\u00e4helepanu! Lutt ei kuulu komplekti!<\/p>\n<p><strong>Komplekti kuuluvad:<\/strong><br \/>\n\u2022 1x Riidest k\u00f5risti<\/p>\n<p><strong>Hooldussoovitused:<\/strong> K\u00e4sipesu \u00f5rnatoimelise pesuvahendiga.<\/p>\n","protected":false},"excerpt":{"rendered":"<p>Riidest k\u00f5risti on vahva kingitus, mis pakub lapsele avastamisr\u00f5\u00f5mu ning arendab k\u00e4te motoorikat.<\/p>\n<p><iframe title=\"YouTube video player\" src=\"https:\/\/www.youtube.com\/embed\/V7ObyTR1n0E?si=Ld9WXaCKP2rxNM_j\" width=\"560\" height=\"315\" frameborder=\"0\" allowfullscreen=\"allowfullscreen\"><\/iframe><\/p>\n","protected":false},"featured_media":19184,"comment_status":"open","ping_status":"closed","template":"","meta":[],"product_brand":[],"product_cat":[323,182],"product_tag":[],"class_list":{"0":"post-19179","1":"product","2":"type-product","3":"status-publish","4":"has-post-thumbnail","6":"product_cat-riidest-koristid","7":"product_cat-saatmiseks-valmis","9":"first","10":"instock","11":"taxable","12":"shipping-taxable","13":"purchasable","14":"product-type-simple"},"_links":{"self":[{"href":"https:\/\/tinyknit.eu\/et\/wp-json\/wp\/v2\/product\/19179","targetHints":{"allow":["GET"]}}],"collection":[{"href":"https:\/\/tinyknit.eu\/et\/wp-json\/wp\/v2\/product"}],"about":[{"href":"https:\/\/tinyknit.eu\/et\/wp-json\/wp\/v2\/types\/product"}],"replies":[{"embeddable":true,"href":"https:\/\/tinyknit.eu\/et\/wp-json\/wp\/v2\/comments?post=19179"}],"version-history":[{"count":1,"href":"https:\/\/tinyknit.eu\/et\/wp-json\/wp\/v2\/product\/19179\/revisions"}],"predecessor-version":[{"id":19196,"href":"https:\/\/tinyknit.eu\/et\/wp-json\/wp\/v2\/product\/19179\/revisions\/19196"}],"wp:featuredmedia":[{"embeddable":true,"href":"https:\/\/tinyknit.eu\/et\/wp-json\/wp\/v2\/media\/19184"}],"wp:attachment":[{"href":"https:\/\/tinyknit.eu\/et\/wp-json\/wp\/v2\/media?parent=19179"}],"wp:term":[{"taxonomy":"product_brand","embeddable":true,"href":"https:\/\/tinyknit.eu\/et\/wp-json\/wp\/v2\/product_brand?post=19179"},{"taxonomy":"product_cat","embeddable":true,"href":"https:\/\/tinyknit.eu\/et\/wp-json\/wp\/v2\/product_cat?post=19179"},{"taxonomy":"product_tag","embeddable":true,"href":"https:\/\/tinyknit.eu\/et\/wp-json\/wp\/v2\/product_tag?post=19179"}],"curies":[{"name":"wp","href":"https:\/\/api.w.org\/{rel}","templated":true}]}}