{"id":16870,"date":"2024-01-13T15:15:24","date_gmt":"2024-01-13T15:15:24","guid":{"rendered":"https:\/\/tinyknit.eu\/?post_type=product&#038;p=16870"},"modified":"2025-04-05T18:57:00","modified_gmt":"2025-04-05T18:57:00","slug":"sugisene-dekoratsioon-pehme-manguasi-heegeldatud-ohupallikoer","status":"publish","type":"product","link":"https:\/\/tinyknit.eu\/et\/product\/allahindlus\/sugisene-dekoratsioon-pehme-manguasi-heegeldatud-ohupallikoer\/","title":{"rendered":"S\u00fcgisene dekoratsioon, pehme m\u00e4nguasi &#8211; Heegeldatud \u00f5hupallikoer"},"content":{"rendered":"<p>Hekitud \u00f5hupallikoer on ideaalne valik teie lapse magamistoa kaunistamiseks. Armsad looduslikud v\u00e4rvid t\u00e4idavad teie kodu soojuse ja kutsuva meeleoluga. Lisaks v\u00f5ib \u00f5hupallikoer olla imeline ja ainulaadne kingitus.<\/p>\n<p><strong>Omadused:<\/strong><br \/>\n\u2022 K\u00f5ik m\u00e4nguasjad on valmistatud h\u00fcpoallergeensetest materjalidest, muutes need ohutuks lapsele.<br \/>\n\u2022 M\u00e4nguasi v\u00f5ib olla huvitav lisand igas vanuses lapse magamistoale.<\/p>\n<p><strong>Suurus:<\/strong> umbes 20 x 11 cm<br \/>\n<strong>Materjal:<\/strong>\u00a0k\u00e4sitsi kootud\u00a0<strong>h\u00fcpoallergeensest, pl\u00fc\u00fcsist ja puuvillast l\u00f5ngast.<\/strong>\u00a0Sisemus on t\u00e4idetud holofiberiga ja see on valmistatud suitsu- ja lemmikloomavabas kodus.<\/p>\n<p><strong>Valmistatud Eestis.<\/strong><\/p>\n<p><strong>Komplekt sisaldab:<\/strong><br \/>\n\u2022 1x Heegeldatud \u00f5hupallikoer<\/p>\n<p><strong>Hooldussoovitused:<br \/>\n<\/strong>\u2022 Allergiliste reaktsioonide v\u00e4ltimiseks kasutage vedelaid ja h\u00fcpoallergeenseid pesuaineid.<br \/>\n\u2022 Kasutage pesumasina \u00f5rnpesu re\u017eiimi ja seadke temperatuur 30 kraadi juurde 30 minutiks.<br \/>\n\u2022 P\u00e4rast pesemist asetage m\u00e4nguasi tasasele pinnale kuivama.<\/p>\n","protected":false},"excerpt":{"rendered":"<p>Hekitud \u00f5hupallikoer on ideaalne valik teie lapse magamistoa kaunistamiseks. Armsad looduslikud v\u00e4rvid t\u00e4idavad teie kodu soojuse ja kutsuva meeleoluga. Lisaks v\u00f5ib \u00f5hupallikoer olla imeline ja ainulaadne kingitus.<\/p>\n","protected":false},"featured_media":16889,"comment_status":"open","ping_status":"closed","template":"","meta":[],"product_brand":[],"product_cat":[661,278,182],"product_tag":[],"class_list":{"0":"post-16870","1":"product","2":"type-product","3":"status-publish","4":"has-post-thumbnail","6":"product_cat-allahindlus","7":"product_cat-kodukaunistused","8":"product_cat-saatmiseks-valmis","10":"first","11":"instock","12":"sale","13":"taxable","14":"shipping-taxable","15":"purchasable","16":"product-type-simple"},"_links":{"self":[{"href":"https:\/\/tinyknit.eu\/et\/wp-json\/wp\/v2\/product\/16870","targetHints":{"allow":["GET"]}}],"collection":[{"href":"https:\/\/tinyknit.eu\/et\/wp-json\/wp\/v2\/product"}],"about":[{"href":"https:\/\/tinyknit.eu\/et\/wp-json\/wp\/v2\/types\/product"}],"replies":[{"embeddable":true,"href":"https:\/\/tinyknit.eu\/et\/wp-json\/wp\/v2\/comments?post=16870"}],"version-history":[{"count":2,"href":"https:\/\/tinyknit.eu\/et\/wp-json\/wp\/v2\/product\/16870\/revisions"}],"predecessor-version":[{"id":17081,"href":"https:\/\/tinyknit.eu\/et\/wp-json\/wp\/v2\/product\/16870\/revisions\/17081"}],"wp:featuredmedia":[{"embeddable":true,"href":"https:\/\/tinyknit.eu\/et\/wp-json\/wp\/v2\/media\/16889"}],"wp:attachment":[{"href":"https:\/\/tinyknit.eu\/et\/wp-json\/wp\/v2\/media?parent=16870"}],"wp:term":[{"taxonomy":"product_brand","embeddable":true,"href":"https:\/\/tinyknit.eu\/et\/wp-json\/wp\/v2\/product_brand?post=16870"},{"taxonomy":"product_cat","embeddable":true,"href":"https:\/\/tinyknit.eu\/et\/wp-json\/wp\/v2\/product_cat?post=16870"},{"taxonomy":"product_tag","embeddable":true,"href":"https:\/\/tinyknit.eu\/et\/wp-json\/wp\/v2\/product_tag?post=16870"}],"curies":[{"name":"wp","href":"https:\/\/api.w.org\/{rel}","templated":true}]}}