{"id":16673,"date":"2023-10-23T20:32:56","date_gmt":"2023-10-23T20:32:56","guid":{"rendered":"https:\/\/tinyknit.eu\/?post_type=product&#038;p=16673"},"modified":"2025-04-05T18:57:04","modified_gmt":"2025-04-05T18:57:04","slug":"pehme-oosargikott-pidzaamakott-heegeldatud-hirv-2","status":"publish","type":"product","link":"https:\/\/tinyknit.eu\/et\/product\/pidzaamakotid\/pehme-oosargikott-pidzaamakott-heegeldatud-hirv-2\/","title":{"rendered":"Pehme \u00f6\u00f6s\u00e4rgikott, pid\u017eaamakott &#8211; Heegeldatud Hirv"},"content":{"rendered":"<p><strong>Pid\u017eaamakott<\/strong> on v\u00f5luv ja mitmek\u00fclgne heegeldatud m\u00e4nguasi, mis t\u00e4idab mitut eesm\u00e4rki. Lapsed saavad sellega m\u00e4ngida, magades kaisus hoida ja isegi korralik olla, sest selles on t\u00fchi kehaosa, kuhu nad saavad p\u00e4eva jooksul oma pid\u017eaama panna. M\u00f5ned vanemad lisavad m\u00e4nguasjale lavendli kotikese, et aidata oma beebil enne magamaminekut rahuneda.<\/p>\n<p><strong>Omadused:<\/strong><br \/>\n\u2022 Pid\u017eaamakott v\u00f5ib aidata \u00f5petada lapsele korraldust, sest pid\u017eaama panemine m\u00e4nguasja sisse on palju l\u00f5busam kui selle peitmist padja alla.<br \/>\n\u2022 Pid\u017eaamakott v\u00f5ib aidata kaasa peenmotoorika arengule, kuna lapsed \u00f5pivad n\u00f6\u00f6pn\u00f5ela avama ja sulgema<br \/>\n\u2022 Peenmotoorika on otseselt seotud m\u00e4lu, t\u00e4helepanu ja koordinatsiooni arenguga.<br \/>\n\u2022 M\u00e4nguasi v\u00f5ib rikastada ka kombatavaid aistinguid, kuna see \u00fchendab erinevaid tekstuuriga l\u00f5ngu, mis on lapse jaoks huvitav ning aitab neil \u00fcmbritseva maailma kohta \u00f5ppida.<br \/>\n\u2022 See v\u00f5ib rahustada ja aidata last uinuda, sest pid\u017eaamakoti kaisus on v\u00e4ga meeldiv olla K\u00f5ik m\u00e4nguasjad on valmistatud h\u00fcpoallergeensetest materjalidest, mist\u00f5ttu on need lapsele ohutud.<br \/>\n\u2022 Pid\u017eaamakott v\u00f5ib olla huvitav lisand igale lapse toa interj\u00f6\u00f6rile.<\/p>\n<p><strong>Suurus:<\/strong> umbes 58 x 22 cm<br \/>\n<strong>Materjal:<\/strong> k\u00e4sitsi kootud <strong>h\u00fcpoallergeensest, pl\u00fc\u00fcsist ja puuvillast l\u00f5ngast.<\/strong> Sisemus on t\u00e4idetud holofiberiga ja see on valmistatud suitsu- ja lemmikloomavabas kodus.<\/p>\n<p><strong>Valmistatud Eestis.<\/strong><\/p>\n<p><strong>Komplekt sisaldab:<\/strong><br \/>\n\u2022 1x Pid\u017eaamakott<\/p>\n<p><strong>T\u00e4iuslik kingitus beebile!<\/strong><br \/>\nKingituseks valmis pakend iga beebipeo, beebiregistri v\u00f5i s\u00fcnnip\u00e4eva t\u00e4histamiseks.<\/p>\n<p><strong>Palun pange t\u00e4hele,<\/strong> et m\u00e4nguasi sisaldab plastik kinnitus. On oluline j\u00e4lgida alla 3-aastaseid lapsi v\u00f5i neid, kellel on kalduvus asju suhu panna.<\/p>\n<p><strong>Hooldussoovitused:<br \/>\n<\/strong> \u2022 Allergiliste reaktsioonide v\u00e4ltimiseks kasutage vedelaid ja h\u00fcpoallergeenseid pesuaineid.<br \/>\n\u2022 Kasutage pesumasina \u00f5rnpesu re\u017eiimi ja seadke temperatuur 30 kraadi juurde 30 minutiks.<br \/>\n\u2022 P\u00e4rast pesemist asetage m\u00e4nguasi tasasele pinnale kuivama.<\/p>\n<p>&nbsp;<\/p>\n","protected":false},"excerpt":{"rendered":"<p>Kui te ei tea, kuidas \u00f5petada oma lapsele pid\u017eaamade voltimist, siis see aitab teil teha m\u00e4nguasja pid\u017eaamade hoidmiseks. See ainulaadne ese v\u00f5ib olla nii magamiseks ja m\u00e4ngimiseks m\u00f5eldud t\u00e4idetud loomake kui ka k\u00e4ep\u00e4rane koht pid\u017eaamade hoidmiseks.<\/p>\n","protected":false},"featured_media":16696,"comment_status":"open","ping_status":"closed","template":"","meta":[],"product_brand":[],"product_cat":[191,184],"product_tag":[],"class_list":{"0":"post-16673","1":"product","2":"type-product","3":"status-publish","4":"has-post-thumbnail","6":"product_cat-pidzaamakotid","7":"product_cat-tellimisel","9":"first","10":"onbackorder","11":"taxable","12":"shipping-taxable","13":"purchasable","14":"product-type-simple"},"_links":{"self":[{"href":"https:\/\/tinyknit.eu\/et\/wp-json\/wp\/v2\/product\/16673","targetHints":{"allow":["GET"]}}],"collection":[{"href":"https:\/\/tinyknit.eu\/et\/wp-json\/wp\/v2\/product"}],"about":[{"href":"https:\/\/tinyknit.eu\/et\/wp-json\/wp\/v2\/types\/product"}],"replies":[{"embeddable":true,"href":"https:\/\/tinyknit.eu\/et\/wp-json\/wp\/v2\/comments?post=16673"}],"version-history":[{"count":1,"href":"https:\/\/tinyknit.eu\/et\/wp-json\/wp\/v2\/product\/16673\/revisions"}],"predecessor-version":[{"id":16688,"href":"https:\/\/tinyknit.eu\/et\/wp-json\/wp\/v2\/product\/16673\/revisions\/16688"}],"wp:featuredmedia":[{"embeddable":true,"href":"https:\/\/tinyknit.eu\/et\/wp-json\/wp\/v2\/media\/16696"}],"wp:attachment":[{"href":"https:\/\/tinyknit.eu\/et\/wp-json\/wp\/v2\/media?parent=16673"}],"wp:term":[{"taxonomy":"product_brand","embeddable":true,"href":"https:\/\/tinyknit.eu\/et\/wp-json\/wp\/v2\/product_brand?post=16673"},{"taxonomy":"product_cat","embeddable":true,"href":"https:\/\/tinyknit.eu\/et\/wp-json\/wp\/v2\/product_cat?post=16673"},{"taxonomy":"product_tag","embeddable":true,"href":"https:\/\/tinyknit.eu\/et\/wp-json\/wp\/v2\/product_tag?post=16673"}],"curies":[{"name":"wp","href":"https:\/\/api.w.org\/{rel}","templated":true}]}}