{"id":16444,"date":"2023-10-09T16:12:30","date_gmt":"2023-10-09T16:12:30","guid":{"rendered":"https:\/\/tinyknit.eu\/?post_type=product&#038;p=16444"},"modified":"2025-04-05T18:57:09","modified_gmt":"2025-04-05T18:57:09","slug":"sugisene-dekoratsioon-sugise-esteetika-heegeldatud-tammetoru-suur","status":"publish","type":"product","link":"https:\/\/tinyknit.eu\/et\/product\/kodukaunistused\/sugisene-dekoratsioon-sugise-esteetika-heegeldatud-tammetoru-suur\/","title":{"rendered":"S\u00fcgisene dekoratsioon, s\u00fcgise esteetika &#8211; Heegeldatud tammet\u00f5ru, Suur"},"content":{"rendered":"<p>Heegeldatud tammet\u00f5rud on suurep\u00e4rane valik oma kodu kaunistamiseks s\u00fcgise ajal. Nende kaunid ja looduslikud v\u00e4rvid lisavad teie koju sooja ja kutsuva \u00f5hkkonna. Neid saate kasutada dekoratsioonidena k\u00f5ikjal, kus soovite s\u00fcgise olemust esile tuua. Lisaks v\u00f5ivad tammet\u00f5rud olla imelised kingitused teie kallitele.<\/p>\n<p><strong>Omadused:<\/strong><br \/>\n\u2022 K\u00f5ik m\u00e4nguasjad on valmistatud h\u00fcpoallergeensetest materjalidest, muutes need ohutuks lapsele.<br \/>\n\u2022 M\u00e4nguasi v\u00f5ib olla huvitav lisand igas vanuses lapse magamistoale.<\/p>\n<p><strong>Suurus:<\/strong> umbes 28 x 17 cm<br \/>\n<strong>Materjal:<\/strong>\u00a0k\u00e4sitsi kootud\u00a0<strong>h\u00fcpoallergeensest, pl\u00fc\u00fcsist ja puuvillast l\u00f5ngast.<\/strong>\u00a0Sisemus on t\u00e4idetud holofiberiga ja see on valmistatud suitsu- ja lemmikloomavabas kodus.<\/p>\n<p><strong>Valmistatud Eestis.<\/strong><\/p>\n<p><strong>Komplekt sisaldab:<\/strong><br \/>\n\u2022 1x Heegeldatud tammet\u00f5ru<\/p>\n<p><strong>Hooldussoovitused:<br \/>\n<\/strong>\u2022 Allergiliste reaktsioonide v\u00e4ltimiseks kasutage vedelaid ja h\u00fcpoallergeenseid pesuaineid.<br \/>\n\u2022 Kasutage pesumasina \u00f5rnpesu re\u017eiimi ja seadke temperatuur 30 kraadi juurde 30 minutiks.<br \/>\n\u2022 P\u00e4rast pesemist asetage m\u00e4nguasi tasasele pinnale kuivama.<\/p>\n","protected":false},"excerpt":{"rendered":"<p>Heegeldatud tammet\u00f5rud on suurep\u00e4rane valik oma kodu kaunistamiseks s\u00fcgise ajal. Nende kaunid ja looduslikud v\u00e4rvid lisavad teie koju sooja ja kutsuva \u00f5hkkonna.<\/p>\n","protected":false},"featured_media":16454,"comment_status":"open","ping_status":"closed","template":"","meta":[],"product_brand":[],"product_cat":[278],"product_tag":[],"class_list":{"0":"post-16444","1":"product","2":"type-product","3":"status-publish","4":"has-post-thumbnail","6":"product_cat-kodukaunistused","8":"first","9":"onbackorder","10":"taxable","11":"shipping-taxable","12":"purchasable","13":"product-type-simple"},"_links":{"self":[{"href":"https:\/\/tinyknit.eu\/et\/wp-json\/wp\/v2\/product\/16444","targetHints":{"allow":["GET"]}}],"collection":[{"href":"https:\/\/tinyknit.eu\/et\/wp-json\/wp\/v2\/product"}],"about":[{"href":"https:\/\/tinyknit.eu\/et\/wp-json\/wp\/v2\/types\/product"}],"replies":[{"embeddable":true,"href":"https:\/\/tinyknit.eu\/et\/wp-json\/wp\/v2\/comments?post=16444"}],"version-history":[{"count":2,"href":"https:\/\/tinyknit.eu\/et\/wp-json\/wp\/v2\/product\/16444\/revisions"}],"predecessor-version":[{"id":16490,"href":"https:\/\/tinyknit.eu\/et\/wp-json\/wp\/v2\/product\/16444\/revisions\/16490"}],"wp:featuredmedia":[{"embeddable":true,"href":"https:\/\/tinyknit.eu\/et\/wp-json\/wp\/v2\/media\/16454"}],"wp:attachment":[{"href":"https:\/\/tinyknit.eu\/et\/wp-json\/wp\/v2\/media?parent=16444"}],"wp:term":[{"taxonomy":"product_brand","embeddable":true,"href":"https:\/\/tinyknit.eu\/et\/wp-json\/wp\/v2\/product_brand?post=16444"},{"taxonomy":"product_cat","embeddable":true,"href":"https:\/\/tinyknit.eu\/et\/wp-json\/wp\/v2\/product_cat?post=16444"},{"taxonomy":"product_tag","embeddable":true,"href":"https:\/\/tinyknit.eu\/et\/wp-json\/wp\/v2\/product_tag?post=16444"}],"curies":[{"name":"wp","href":"https:\/\/api.w.org\/{rel}","templated":true}]}}