{"id":15557,"date":"2023-09-23T10:31:16","date_gmt":"2023-09-23T10:31:16","guid":{"rendered":"https:\/\/tinyknit.eu\/?post_type=product&#038;p=15557"},"modified":"2025-04-05T18:57:18","modified_gmt":"2025-04-05T18:57:18","slug":"manguasi-une-jaoks-kaisulapp-kaelkirjak","status":"publish","type":"product","link":"https:\/\/tinyknit.eu\/et\/product\/kallistuse-manguasjad\/manguasi-une-jaoks-kaisulapp-kaelkirjak\/","title":{"rendered":"M\u00e4nguasi une jaoks, kaisulapp &#8211; Kaelkirjak"},"content":{"rendered":"<p>Kas otsid oma v\u00e4ikesele unikaalset ja hubast magamiss\u00f5pra? Sul pole vaja enam otsida, sest see armas heegeldatud m\u00e4nguasi on just see, mida vajad! See on ideaalne kaisutamiseks une ajal ja l\u00f5busaks m\u00e4nguks p\u00e4eva ajal, tehes selle sobivaks kingituseks igas vanuses lapsele.<\/p>\n<p><strong>Omadused:<\/strong><br \/>\n\u2022 Magamism\u00e4nguasi v\u00f5ib rikastada taktiilseid aistinguid, kuna see \u00fchendab erinevaid tekstureeritud l\u00f5ngu, mis on lapsele huvitavad ja aitavad neil \u00f5ppida \u00fcmbritsevast maailmast.<br \/>\n\u2022 K\u00f5ik m\u00e4nguasjad on valmistatud h\u00fcpoallergeensetest materjalidest, muutes need ohutuks lapsele.<br \/>\n\u2022 M\u00e4nguasi v\u00f5ib olla huvitav lisand igas vanuses lapse magamistoale.<\/p>\n<p><strong>Suurus:<\/strong> umbes 55 x 19 cm<br \/>\n<strong>Materjal:<\/strong>\u00a0k\u00e4sitsi kootud\u00a0<strong>h\u00fcpoallergeensest, pl\u00fc\u00fcsist ja puuvillast l\u00f5ngast.<\/strong>\u00a0Sisemus on t\u00e4idetud holofiberiga ja see on valmistatud suitsu- ja lemmikloomavabas kodus.<\/p>\n<p><strong>Valmistatud Eestis.<\/strong><\/p>\n<p><strong>Komplekt sisaldab:<\/strong><br \/>\n\u2022 1x M\u00e4nguasi une jaoks<\/p>\n<p><strong>T\u00e4iuslik kingitus beebile!<\/strong><br \/>\nKingituseks valmis pakend iga beebipeo, beebiregistri v\u00f5i s\u00fcnnip\u00e4eva t\u00e4histamiseks.<\/p>\n<p><strong>Hooldussoovitused:<br \/>\n<\/strong>\u2022 Allergiliste reaktsioonide v\u00e4ltimiseks kasutage vedelaid ja h\u00fcpoallergeenseid pesuaineid.<br \/>\n\u2022 Kasutage pesumasina \u00f5rnpesu re\u017eiimi ja seadke temperatuur 30 kraadi juurde 30 minutiks.<br \/>\n\u2022 P\u00e4rast pesemist asetage m\u00e4nguasi tasasele pinnale kuivama.<\/p>\n","protected":false},"excerpt":{"rendered":"<p>Kas otsid oma v\u00e4ikesele unikaalset ja hubast magamiss\u00f5pra? Sul pole vaja enam otsida, sest see armas heegeldatud m\u00e4nguasi on just see, mida vajad! See on ideaalne kaisutamiseks une ajal ja l\u00f5busaks m\u00e4nguks p\u00e4eva ajal, tehes selle sobivaks kingituseks igas vanuses lapsele.<\/p>\n","protected":false},"featured_media":15567,"comment_status":"open","ping_status":"closed","template":"","meta":[],"product_brand":[],"product_cat":[193,184],"product_tag":[],"class_list":{"0":"post-15557","1":"product","2":"type-product","3":"status-publish","4":"has-post-thumbnail","6":"product_cat-kallistuse-manguasjad","7":"product_cat-tellimisel","9":"first","10":"onbackorder","11":"taxable","12":"shipping-taxable","13":"purchasable","14":"product-type-simple"},"_links":{"self":[{"href":"https:\/\/tinyknit.eu\/et\/wp-json\/wp\/v2\/product\/15557","targetHints":{"allow":["GET"]}}],"collection":[{"href":"https:\/\/tinyknit.eu\/et\/wp-json\/wp\/v2\/product"}],"about":[{"href":"https:\/\/tinyknit.eu\/et\/wp-json\/wp\/v2\/types\/product"}],"replies":[{"embeddable":true,"href":"https:\/\/tinyknit.eu\/et\/wp-json\/wp\/v2\/comments?post=15557"}],"version-history":[{"count":2,"href":"https:\/\/tinyknit.eu\/et\/wp-json\/wp\/v2\/product\/15557\/revisions"}],"predecessor-version":[{"id":16954,"href":"https:\/\/tinyknit.eu\/et\/wp-json\/wp\/v2\/product\/15557\/revisions\/16954"}],"wp:featuredmedia":[{"embeddable":true,"href":"https:\/\/tinyknit.eu\/et\/wp-json\/wp\/v2\/media\/15567"}],"wp:attachment":[{"href":"https:\/\/tinyknit.eu\/et\/wp-json\/wp\/v2\/media?parent=15557"}],"wp:term":[{"taxonomy":"product_brand","embeddable":true,"href":"https:\/\/tinyknit.eu\/et\/wp-json\/wp\/v2\/product_brand?post=15557"},{"taxonomy":"product_cat","embeddable":true,"href":"https:\/\/tinyknit.eu\/et\/wp-json\/wp\/v2\/product_cat?post=15557"},{"taxonomy":"product_tag","embeddable":true,"href":"https:\/\/tinyknit.eu\/et\/wp-json\/wp\/v2\/product_tag?post=15557"}],"curies":[{"name":"wp","href":"https:\/\/api.w.org\/{rel}","templated":true}]}}