{"id":15289,"date":"2023-09-21T15:51:26","date_gmt":"2023-09-21T15:51:26","guid":{"rendered":"https:\/\/tinyknit.eu\/?post_type=product&#038;p=15289"},"modified":"2025-04-05T18:57:21","modified_gmt":"2025-04-05T18:57:21","slug":"pehme-laste-padi-vikerkaar-3","status":"publish","type":"product","link":"https:\/\/tinyknit.eu\/et\/product\/kodukaunistused\/pehme-laste-padi-vikerkaar-3\/","title":{"rendered":"Pehme laste padi &#8211; vikerkaar"},"content":{"rendered":"<p><strong>Pehmed padjad<\/strong>\u00a0on ideaalne t\u00e4iendus lihtsale ja tagasihoidlikule beebituppa. Padja kaunid ja looduslikud toonid loovad ka sooja ja kutsuva \u00f5hkkonna kodus.<\/p>\n<p><strong>Omadused:<\/strong><br \/>\n\u2022 Padi v\u00f5ib rikastada lapse kombatundeid, kuna see koosneb erineva tekstuuriga l\u00f5ngadest, mis on huvitavad lapsele ning aitavad neil \u00f5ppida \u00fcmbritsevat maailma.<br \/>\n\u2022 K\u00f5ik padjad on valmistatud h\u00fcpoallergeensetest materjalidest, muutes need lapsele ohutuks.<br \/>\n\u2022 Padi v\u00f5ib olla huvitav t\u00e4iendus igale lapse magamistoale<\/p>\n<p><strong>Suurus:<\/strong> umbes \u00a031 x 27 cm<br \/>\n<strong>Materjal:<\/strong>\u00a0k\u00e4sitsi kootud\u00a0<strong>h\u00fcpoallergeensest, pl\u00fc\u00fcsist ja puuvillast l\u00f5ngast.<\/strong>\u00a0Sisemus on t\u00e4idetud holofiberiga ja see on valmistatud suitsu- ja lemmikloomavabas kodus.<\/p>\n<p><strong>Valmistatud Eestis.<\/strong><\/p>\n<p><strong>Komplekt sisaldab:<\/strong><br \/>\n\u2022 1x Pehme laste padi<\/p>\n<p><strong>T\u00e4iuslik kingitus beebile!<\/strong><br \/>\nKingituseks valmis pakend iga beebipeo, beebiregistri v\u00f5i s\u00fcnnip\u00e4eva t\u00e4histamiseks.<\/p>\n<p><strong>Hooldussoovitused:<br \/>\n<\/strong>\u2022 Allergiliste reaktsioonide v\u00e4ltimiseks kasutage vedelaid ja h\u00fcpoallergeenseid pesuaineid.<br \/>\n\u2022 Kasutage pesumasina \u00f5rnpesu re\u017eiimi ja seadke temperatuur 30 kraadi juurde 30 minutiks.<br \/>\n\u2022 P\u00e4rast pesemist asetage m\u00e4nguasi tasasele pinnale kuivama.<\/p>\n","protected":false},"excerpt":{"rendered":"<p><strong>Pehmed padjad<\/strong>\u00a0on ideaalne t\u00e4iendus lihtsale ja tagasihoidlikule beebituppa. Padja kaunid ja looduslikud toonid loovad ka sooja ja kutsuva \u00f5hkkonna kodus.<\/p>\n","protected":false},"featured_media":15309,"comment_status":"open","ping_status":"closed","template":"","meta":[],"product_brand":[],"product_cat":[278,184],"product_tag":[],"class_list":{"0":"post-15289","1":"product","2":"type-product","3":"status-publish","4":"has-post-thumbnail","6":"product_cat-kodukaunistused","7":"product_cat-tellimisel","9":"first","10":"onbackorder","11":"taxable","12":"shipping-taxable","13":"purchasable","14":"product-type-simple"},"_links":{"self":[{"href":"https:\/\/tinyknit.eu\/et\/wp-json\/wp\/v2\/product\/15289","targetHints":{"allow":["GET"]}}],"collection":[{"href":"https:\/\/tinyknit.eu\/et\/wp-json\/wp\/v2\/product"}],"about":[{"href":"https:\/\/tinyknit.eu\/et\/wp-json\/wp\/v2\/types\/product"}],"replies":[{"embeddable":true,"href":"https:\/\/tinyknit.eu\/et\/wp-json\/wp\/v2\/comments?post=15289"}],"version-history":[{"count":2,"href":"https:\/\/tinyknit.eu\/et\/wp-json\/wp\/v2\/product\/15289\/revisions"}],"predecessor-version":[{"id":15766,"href":"https:\/\/tinyknit.eu\/et\/wp-json\/wp\/v2\/product\/15289\/revisions\/15766"}],"wp:featuredmedia":[{"embeddable":true,"href":"https:\/\/tinyknit.eu\/et\/wp-json\/wp\/v2\/media\/15309"}],"wp:attachment":[{"href":"https:\/\/tinyknit.eu\/et\/wp-json\/wp\/v2\/media?parent=15289"}],"wp:term":[{"taxonomy":"product_brand","embeddable":true,"href":"https:\/\/tinyknit.eu\/et\/wp-json\/wp\/v2\/product_brand?post=15289"},{"taxonomy":"product_cat","embeddable":true,"href":"https:\/\/tinyknit.eu\/et\/wp-json\/wp\/v2\/product_cat?post=15289"},{"taxonomy":"product_tag","embeddable":true,"href":"https:\/\/tinyknit.eu\/et\/wp-json\/wp\/v2\/product_tag?post=15289"}],"curies":[{"name":"wp","href":"https:\/\/api.w.org\/{rel}","templated":true}]}}