{"id":12578,"date":"2023-04-24T08:16:33","date_gmt":"2023-04-24T08:16:33","guid":{"rendered":"https:\/\/tinyknit.eu\/?post_type=product&#038;p=12578"},"modified":"2025-04-05T18:57:24","modified_gmt":"2025-04-05T18:57:24","slug":"heegeldatud-koristi-jaartall","status":"publish","type":"product","link":"https:\/\/tinyknit.eu\/et\/product\/allahindlus\/heegeldatud-koristi-jaartall\/","title":{"rendered":"Heegeldatud k\u00f5risti \u2013 J\u00e4\u00e4rtall"},"content":{"rendered":"<p><strong>Heegeldatud k\u00f5risti<\/strong>\u00a0on vahva kingitus mis pakub lapsele avastamisr\u00f5\u00f5mu ning arendab k\u00e4te motoorikat. M\u00e4nguasja on mugav haarata ja k\u00e4es hoida.<br \/>\nMaterjal on beebile ohutu ja ei \u00e4rrita beebi nahka. Meie k\u00f5ristid ei sisalda v\u00e4ikseid detaile \u2013 silmad ja nina on tikitud.<\/p>\n<p><strong>Materjal:<\/strong>\u00a0100% puuvill<br \/>\n<strong>T\u00e4ide:<\/strong>\u00a0100% holofiber (allergiavaba t\u00e4idis)<br \/>\n<strong>K\u00f5rgus:<\/strong>\u00a016 cm<br \/>\n<strong>Sobib beebidele vanuses 4-5 kuud.<\/strong><br \/>\nM\u00e4nguasja sees on kelluke, mis stimuleerib beebi kuulmist. K\u00e4sitsi heegeldatud n\u00e4rimisr\u00f5nga k\u00f5ristid on imelised kingitused ja m\u00e4letused beebiajast.<\/p>\n<p><strong>Hooldussoovitused:<\/strong>\u00a0\u00d5rn masinpesu 30 kraadi juures. \u00c4rge v\u00e4\u00e4nake ega kuivatage trummelkuivatis. \u00c4rge triikige. \u00c4rge puhastage keemiliselt.<\/p>\n","protected":false},"excerpt":{"rendered":"<p>Heegeldatud k\u00f5risti on vahva kingitus mis pakub lapsele avastamisr\u00f5\u00f5mu ning arendab k\u00e4te motoorikat. M\u00e4nguasja on mugav haarata ja k\u00e4es hoida.<\/p>\n<p><iframe title=\"YouTube video player\" src=\"https:\/\/www.youtube.com\/embed\/etm9vJ1g7Ys?si=P1P1sSeAZ8sYAiNJ\" width=\"560\" height=\"315\" frameborder=\"0\" allowfullscreen=\"allowfullscreen\"><\/iframe><\/p>\n","protected":false},"featured_media":20716,"comment_status":"open","ping_status":"closed","template":"","meta":[],"product_brand":[],"product_cat":[661,214,182],"product_tag":[],"class_list":{"0":"post-12578","1":"product","2":"type-product","3":"status-publish","4":"has-post-thumbnail","6":"product_cat-allahindlus","7":"product_cat-heegeldatud-koristid","8":"product_cat-saatmiseks-valmis","10":"first","11":"instock","12":"sale","13":"taxable","14":"shipping-taxable","15":"purchasable","16":"product-type-simple"},"_links":{"self":[{"href":"https:\/\/tinyknit.eu\/et\/wp-json\/wp\/v2\/product\/12578","targetHints":{"allow":["GET"]}}],"collection":[{"href":"https:\/\/tinyknit.eu\/et\/wp-json\/wp\/v2\/product"}],"about":[{"href":"https:\/\/tinyknit.eu\/et\/wp-json\/wp\/v2\/types\/product"}],"replies":[{"embeddable":true,"href":"https:\/\/tinyknit.eu\/et\/wp-json\/wp\/v2\/comments?post=12578"}],"version-history":[{"count":2,"href":"https:\/\/tinyknit.eu\/et\/wp-json\/wp\/v2\/product\/12578\/revisions"}],"predecessor-version":[{"id":21175,"href":"https:\/\/tinyknit.eu\/et\/wp-json\/wp\/v2\/product\/12578\/revisions\/21175"}],"wp:featuredmedia":[{"embeddable":true,"href":"https:\/\/tinyknit.eu\/et\/wp-json\/wp\/v2\/media\/20716"}],"wp:attachment":[{"href":"https:\/\/tinyknit.eu\/et\/wp-json\/wp\/v2\/media?parent=12578"}],"wp:term":[{"taxonomy":"product_brand","embeddable":true,"href":"https:\/\/tinyknit.eu\/et\/wp-json\/wp\/v2\/product_brand?post=12578"},{"taxonomy":"product_cat","embeddable":true,"href":"https:\/\/tinyknit.eu\/et\/wp-json\/wp\/v2\/product_cat?post=12578"},{"taxonomy":"product_tag","embeddable":true,"href":"https:\/\/tinyknit.eu\/et\/wp-json\/wp\/v2\/product_tag?post=12578"}],"curies":[{"name":"wp","href":"https:\/\/api.w.org\/{rel}","templated":true}]}}