{"id":12368,"date":"2023-04-24T06:13:03","date_gmt":"2023-04-24T06:13:03","guid":{"rendered":"https:\/\/tinyknit.eu\/?post_type=product&#038;p=12368"},"modified":"2025-04-05T18:57:28","modified_gmt":"2025-04-05T18:57:28","slug":"heegeldatud-koristi-karu-3","status":"publish","type":"product","link":"https:\/\/tinyknit.eu\/et\/product\/heegeldatud-koristid\/heegeldatud-koristi-karu-3\/","title":{"rendered":"Heegeldatud k\u00f5risti \u2013 Karu"},"content":{"rendered":"<p><strong>Heegeldatud k\u00f5risti<\/strong>\u00a0on vahva kingitus mis pakub lapsele avastamisr\u00f5\u00f5mu ning arendab k\u00e4te motoorikat. M\u00e4nguasja on mugav haarata ja k\u00e4es hoida. Materjal on beebile ohutu ja ei \u00e4rrita beebi nahka. Meie k\u00f5ristid ei sisalda v\u00e4ikseid detaile \u2013 silmad ja nina on tikitud.<\/p>\n<p><strong>Materjal:<\/strong>\u00a0100% puuvill<br \/>\n<strong>T\u00e4ide:<\/strong>\u00a0100% holofiber (allergiavaba t\u00e4idis)<br \/>\n<strong>K\u00f5rgus:<\/strong>\u00a013 cm<br \/>\n<strong>Kaal:<\/strong>\u00a060g<br \/>\n<strong>Sobib beebidele vanuses 4-5 kuud.<\/strong><br \/>\nM\u00e4nguasja sees on kelluke, mis stimuleerib beebi kuulmist. K\u00e4sitsi heegeldatud n\u00e4rimisr\u00f5nga k\u00f5ristid on imelised kingitused ja m\u00e4letused beebiajast.<\/p>\n<p><strong>Hooldussoovitused:<\/strong>\u00a0K\u00e4sipesu sooja veega ja \u00f5rnatoimelise pesuvahendiga. Ei tohi uputada vette kuna see p\u00f5hjustab puidu killustumist ja pragunemist.<\/p>\n","protected":false},"excerpt":{"rendered":"<p>Heegeldatud k\u00f5risti\u00a0on vahva kingitus mis pakub lapsele avastamisr\u00f5\u00f5mu ning arendab k\u00e4te motoorikat.<\/p>\n<p><iframe title=\"YouTube video player\" src=\"https:\/\/www.youtube.com\/embed\/Kleyb_PVxP0?si=MIL9FH7RBmGSlszt\" width=\"560\" height=\"315\" frameborder=\"0\" allowfullscreen=\"allowfullscreen\"><\/iframe><\/p>\n","protected":false},"featured_media":20842,"comment_status":"open","ping_status":"closed","template":"","meta":[],"product_brand":[],"product_cat":[214,182],"product_tag":[],"class_list":{"0":"post-12368","1":"product","2":"type-product","3":"status-publish","4":"has-post-thumbnail","6":"product_cat-heegeldatud-koristid","7":"product_cat-saatmiseks-valmis","9":"first","10":"instock","11":"taxable","12":"shipping-taxable","13":"purchasable","14":"product-type-simple"},"_links":{"self":[{"href":"https:\/\/tinyknit.eu\/et\/wp-json\/wp\/v2\/product\/12368","targetHints":{"allow":["GET"]}}],"collection":[{"href":"https:\/\/tinyknit.eu\/et\/wp-json\/wp\/v2\/product"}],"about":[{"href":"https:\/\/tinyknit.eu\/et\/wp-json\/wp\/v2\/types\/product"}],"replies":[{"embeddable":true,"href":"https:\/\/tinyknit.eu\/et\/wp-json\/wp\/v2\/comments?post=12368"}],"version-history":[{"count":2,"href":"https:\/\/tinyknit.eu\/et\/wp-json\/wp\/v2\/product\/12368\/revisions"}],"predecessor-version":[{"id":21268,"href":"https:\/\/tinyknit.eu\/et\/wp-json\/wp\/v2\/product\/12368\/revisions\/21268"}],"wp:featuredmedia":[{"embeddable":true,"href":"https:\/\/tinyknit.eu\/et\/wp-json\/wp\/v2\/media\/20842"}],"wp:attachment":[{"href":"https:\/\/tinyknit.eu\/et\/wp-json\/wp\/v2\/media?parent=12368"}],"wp:term":[{"taxonomy":"product_brand","embeddable":true,"href":"https:\/\/tinyknit.eu\/et\/wp-json\/wp\/v2\/product_brand?post=12368"},{"taxonomy":"product_cat","embeddable":true,"href":"https:\/\/tinyknit.eu\/et\/wp-json\/wp\/v2\/product_cat?post=12368"},{"taxonomy":"product_tag","embeddable":true,"href":"https:\/\/tinyknit.eu\/et\/wp-json\/wp\/v2\/product_tag?post=12368"}],"curies":[{"name":"wp","href":"https:\/\/api.w.org\/{rel}","templated":true}]}}