{"id":33955,"date":"2025-09-14T09:40:50","date_gmt":"2025-09-14T09:40:50","guid":{"rendered":"https:\/\/tinyknit.eu\/?page_id=33955"},"modified":"2025-09-14T09:41:23","modified_gmt":"2025-09-14T09:41:23","slug":"esto-jarelmaks","status":"publish","type":"page","link":"https:\/\/tinyknit.eu\/et\/esto-jarelmaks\/","title":{"rendered":"ESTO j\u00e4relmaks"},"content":{"rendered":"<p><img fetchpriority=\"high\" decoding=\"async\" class=\"alignnone wp-image-161476 size-full\" src=\"https:\/\/mytiny.store\/wp-content\/uploads\/2025\/09\/esto3-banner.webp\" sizes=\"(max-width: 1000px) 100vw, 1000px\" srcset=\"https:\/\/mytiny.store\/wp-content\/uploads\/2025\/09\/esto3-banner.webp 1000w, https:\/\/mytiny.store\/wp-content\/uploads\/2025\/09\/esto3-banner-300x157.webp 300w, https:\/\/mytiny.store\/wp-content\/uploads\/2025\/09\/esto3-banner-768x402.webp 768w, https:\/\/mytiny.store\/wp-content\/uploads\/2025\/09\/esto3-banner-510x267.webp 510w, https:\/\/mytiny.store\/wp-content\/uploads\/2025\/09\/esto3-banner-150x78.webp 150w\" alt=\"\" width=\"1000\" height=\"523\" \/><\/p>\n<p><strong>ESTO<\/strong><strong>\u00a0ESTO 3 makseviis on innovatiivne lahendus, mis v\u00f5imaldab ostu kinnitada ja tasuda mugavalt ning kiirelt \u2013 kolmes v\u00f5rdses osas, ilma lisatasudeta!<\/strong><\/p>\n<p>Vali e-poe kassas oma ostude eest tasumiseks \u00fclimalt populaarne ESTO 3-osaline makseviis!<\/p>\n<p>ESTO 3 aitab jagada ostusumma kuni 3-ks v\u00f5rdseks osaks.<\/p>\n<ul class=\"wp-block-list\">\n<li>\u25cf \u00dchtegi lisatasu ei lisandu.<\/li>\n<li>\u25cf Lihtsalt kolm v\u00f5rdses osas makset, kolme kuu jooksul.<\/li>\n<li>\u25cf Esimene makse on alles j\u00e4rgmise kuu 15. kuup\u00e4eval.<\/li>\n<\/ul>\n<p>ESTO 3 makseviisi pakub ja haldab ESTO AS.<\/p>\n<p><strong>MIS<\/strong>\u00a0<strong>ON<\/strong>\u00a0<strong>ESTO?<\/strong><\/p>\n<p>ESTO on finantsteenuseid pakkuv ettev\u00f5te, mille algusaeg ulatub aastasse 2016. Br\u00e4nd sai alguse vajadusest uue generatsiooni makselahenduste j\u00e4rele, mis oleksid sobilikud nii l\u00f5pptarbijale kui ka m\u00fc\u00fcjale. T\u00e4na pakub ESTO k\u00f5ige suuremat valikut erinevaid makselahendusi Baltikumis ning ESTO partnerv\u00f5rgustikku kuulub \u00fcle 2600 koost\u00f6\u00f6partneri ja kaupluse ning \u00fcle 300 000 kliendi.<\/p>\n<p>Tutvu tingimustega siin: www.esto.ee Vajadusel kontakteeruge ESTO AS t\u00f6\u00f6tajaga \u2013 info@esto.ee v\u00f5i www.esto.ee LIVE chat-aknas.<\/p>\n","protected":false},"excerpt":{"rendered":"<p>ESTO\u00a0ESTO 3 makseviis on innovatiivne lahendus, mis v\u00f5imaldab ostu kinnitada ja tasuda mugavalt ning kiirelt \u2013 kolmes v\u00f5rdses osas, ilma<\/p>\n","protected":false},"author":1,"featured_media":0,"parent":0,"menu_order":0,"comment_status":"closed","ping_status":"closed","template":"","meta":{"footnotes":""},"class_list":["post-33955","page","type-page","status-publish","hentry"],"_links":{"self":[{"href":"https:\/\/tinyknit.eu\/et\/wp-json\/wp\/v2\/pages\/33955","targetHints":{"allow":["GET"]}}],"collection":[{"href":"https:\/\/tinyknit.eu\/et\/wp-json\/wp\/v2\/pages"}],"about":[{"href":"https:\/\/tinyknit.eu\/et\/wp-json\/wp\/v2\/types\/page"}],"author":[{"embeddable":true,"href":"https:\/\/tinyknit.eu\/et\/wp-json\/wp\/v2\/users\/1"}],"replies":[{"embeddable":true,"href":"https:\/\/tinyknit.eu\/et\/wp-json\/wp\/v2\/comments?post=33955"}],"version-history":[{"count":1,"href":"https:\/\/tinyknit.eu\/et\/wp-json\/wp\/v2\/pages\/33955\/revisions"}],"predecessor-version":[{"id":33956,"href":"https:\/\/tinyknit.eu\/et\/wp-json\/wp\/v2\/pages\/33955\/revisions\/33956"}],"wp:attachment":[{"href":"https:\/\/tinyknit.eu\/et\/wp-json\/wp\/v2\/media?parent=33955"}],"curies":[{"name":"wp","href":"https:\/\/api.w.org\/{rel}","templated":true}]}}