{"id":30291,"date":"2025-06-15T18:49:14","date_gmt":"2025-06-15T18:49:14","guid":{"rendered":"https:\/\/tinyknit.eu\/custom-toys-builder\/"},"modified":"2025-06-15T19:14:50","modified_gmt":"2025-06-15T19:14:50","slug":"isikuparaste-manguasjade-looja","status":"publish","type":"page","link":"https:\/\/tinyknit.eu\/et\/isikuparaste-manguasjade-looja\/","title":{"rendered":"Isikup\u00e4raste m\u00e4nguasjade looja"},"content":{"rendered":"\t\t<div data-elementor-type=\"wp-page\" data-elementor-id=\"30291\" class=\"elementor elementor-30291 elementor-30272\">\n\t\t\t\t\t\t<section class=\"wd-negative-gap elementor-section elementor-top-section elementor-element elementor-element-68f810a elementor-section-boxed elementor-section-height-default elementor-section-height-default\" data-id=\"68f810a\" data-element_type=\"section\">\n\t\t\t\t\t\t<div class=\"elementor-container elementor-column-gap-default\">\n\t\t\t\t\t<div class=\"elementor-column elementor-col-100 elementor-top-column elementor-element elementor-element-3732410\" data-id=\"3732410\" data-element_type=\"column\">\n\t\t\t<div class=\"elementor-widget-wrap elementor-element-populated\">\n\t\t\t\t\t\t<div class=\"elementor-element elementor-element-ccd18cc elementor-widget elementor-widget-image\" data-id=\"ccd18cc\" data-element_type=\"widget\" data-widget_type=\"image.default\">\n\t\t\t\t<div class=\"elementor-widget-container\">\n\t\t\t\t\t\t\t\t\t\t\t\t\t\t\t<img fetchpriority=\"high\" decoding=\"async\" width=\"1200\" height=\"300\" src=\"https:\/\/tinyknit.eu\/wp-content\/uploads\/2025\/06\/etsy-1200x300-1.jpg\" class=\"attachment-full size-full wp-image-30281\" alt=\"\" srcset=\"https:\/\/tinyknit.eu\/wp-content\/uploads\/2025\/06\/etsy-1200x300-1.jpg 1200w, https:\/\/tinyknit.eu\/wp-content\/uploads\/2025\/06\/etsy-1200x300-1-400x100.jpg 400w, https:\/\/tinyknit.eu\/wp-content\/uploads\/2025\/06\/etsy-1200x300-1-768x192.jpg 768w, https:\/\/tinyknit.eu\/wp-content\/uploads\/2025\/06\/etsy-1200x300-1-430x108.jpg 430w, https:\/\/tinyknit.eu\/wp-content\/uploads\/2025\/06\/etsy-1200x300-1-700x175.jpg 700w, https:\/\/tinyknit.eu\/wp-content\/uploads\/2025\/06\/etsy-1200x300-1-150x38.jpg 150w\" sizes=\"(max-width: 1200px) 100vw, 1200px\" \/>\t\t\t\t\t\t\t\t\t\t\t\t\t\t\t<\/div>\n\t\t\t\t<\/div>\n\t\t\t\t\t<\/div>\n\t\t<\/div>\n\t\t\t\t\t<\/div>\n\t\t<\/section>\n\t\t\t\t<section class=\"wd-negative-gap elementor-section elementor-top-section elementor-element elementor-element-3766a26 elementor-section-boxed elementor-section-height-default elementor-section-height-default\" data-id=\"3766a26\" data-element_type=\"section\">\n\t\t\t\t\t\t<div class=\"elementor-container elementor-column-gap-default\">\n\t\t\t\t\t<div class=\"elementor-column elementor-col-100 elementor-top-column elementor-element elementor-element-45113bc\" data-id=\"45113bc\" data-element_type=\"column\">\n\t\t\t<div class=\"elementor-widget-wrap elementor-element-populated\">\n\t\t\t\t\t\t<div class=\"elementor-element elementor-element-8cef006 wd-width-100 elementor-widget elementor-widget-wd_title\" data-id=\"8cef006\" data-element_type=\"widget\" data-widget_type=\"wd_title.default\">\n\t\t\t\t<div class=\"elementor-widget-container\">\n\t\t\t\t\t\t\t<div class=\"title-wrapper wd-set-mb reset-last-child wd-title-color-default wd-title-style-default wd-title-size-default text-center\">\n\n\t\t\t\n\t\t\t<div class=\"liner-continer\">\n\t\t\t\t<h4 class=\"woodmart-title-container title wd-fontsize-l\">Loo oma unistuste m\u00e4nguasi!<\/h4> \n\t\t\t\t\t\t\t<\/div>\n\n\t\t\t\t\t<\/div>\n\t\t\t\t\t\t<\/div>\n\t\t\t\t<\/div>\n\t\t\t\t<div class=\"elementor-element elementor-element-b890171 elementor-widget elementor-widget-wd_text_block\" data-id=\"b890171\" data-element_type=\"widget\" data-widget_type=\"wd_text_block.default\">\n\t\t\t\t<div class=\"elementor-widget-container\">\n\t\t\t\t\t\t\t<div class=\"wd-text-block reset-last-child text-left\">\n\t\t\t\n\t\t\t<p>M\u00f5ned meie m\u00e4nguasjad on saadaval kohandamisv\u00f5imalusega, mis t\u00e4hendab, et saad isikup\u00e4rastada teatud osi ja muuta m\u00e4nguasja t\u00f5eliselt ainulaadseks. Ole osa loomeprotsessist ja kujunda eriline kaaslane oma pisikesele \u2014 v\u00f5i tee sellest armas kingitus!<\/p>\n\t\t\t\t\t<\/div>\n\t\t\t\t\t\t<\/div>\n\t\t\t\t<\/div>\n\t\t\t\t\t<\/div>\n\t\t<\/div>\n\t\t\t\t\t<\/div>\n\t\t<\/section>\n\t\t\t\t<section class=\"wd-negative-gap elementor-section elementor-top-section elementor-element elementor-element-56e5f9d elementor-section-boxed elementor-section-height-default elementor-section-height-default\" data-id=\"56e5f9d\" data-element_type=\"section\">\n\t\t\t\t\t\t<div class=\"elementor-container elementor-column-gap-default\">\n\t\t\t\t\t<div class=\"elementor-column elementor-col-100 elementor-top-column elementor-element elementor-element-9be6fcb\" data-id=\"9be6fcb\" data-element_type=\"column\">\n\t\t\t<div class=\"elementor-widget-wrap elementor-element-populated\">\n\t\t\t\t\t\t<div class=\"elementor-element elementor-element-e6f9873 elementor-widget-divider--view-line elementor-widget elementor-widget-divider\" data-id=\"e6f9873\" data-element_type=\"widget\" data-widget_type=\"divider.default\">\n\t\t\t\t<div class=\"elementor-widget-container\">\n\t\t\t\t\t\t\t<div class=\"elementor-divider\">\n\t\t\t<span class=\"elementor-divider-separator\">\n\t\t\t\t\t\t<\/span>\n\t\t<\/div>\n\t\t\t\t\t\t<\/div>\n\t\t\t\t<\/div>\n\t\t\t\t\t<\/div>\n\t\t<\/div>\n\t\t\t\t\t<\/div>\n\t\t<\/section>\n\t\t\t\t<section class=\"wd-negative-gap elementor-section elementor-top-section elementor-element elementor-element-a8a3751 elementor-section-boxed elementor-section-height-default elementor-section-height-default\" data-id=\"a8a3751\" data-element_type=\"section\">\n\t\t\t\t\t\t<div class=\"elementor-container elementor-column-gap-default\">\n\t\t\t\t\t<div class=\"elementor-column elementor-col-33 elementor-top-column elementor-element elementor-element-343ac0d\" data-id=\"343ac0d\" data-element_type=\"column\">\n\t\t\t<div class=\"elementor-widget-wrap elementor-element-populated\">\n\t\t\t\t\t\t<div class=\"elementor-element elementor-element-ed6490b wd-width-100 elementor-widget elementor-widget-wd_title\" data-id=\"ed6490b\" data-element_type=\"widget\" data-widget_type=\"wd_title.default\">\n\t\t\t\t<div class=\"elementor-widget-container\">\n\t\t\t\t\t\t\t<div class=\"title-wrapper wd-set-mb reset-last-child wd-title-color-default wd-title-style-default wd-title-size-default text-center\">\n\n\t\t\t\n\t\t\t<div class=\"liner-continer\">\n\t\t\t\t<h4 class=\"woodmart-title-container title wd-fontsize-l\">Mida saab kohandada?<\/h4> \n\t\t\t\t\t\t\t<\/div>\n\n\t\t\t\t\t\t\t<div class=\"title-after_title reset-last-child wd-fontsize-xs\">\n\t\t\t\t\t<p>Valitud m\u00e4nguasjade puhul saad valida:<br \/>\ud83c\udfa8 Keha v\u00e4rv<br \/>\ud83d\udc40 Silmade v\u00e4rv<br \/>\ud83d\udc3e K\u00e4ppade, k\u00f5rvade v\u00f5i saba v\u00e4rv (s\u00f5ltuvalt m\u00e4nguasjast)<\/p><p>K\u00f5ik materjalid on allergiavabad ja lastele ohutud, s\u00f5ltumata kohandamisest.<\/p>\t\t\t\t<\/div>\n\t\t\t\t\t<\/div>\n\t\t\t\t\t\t<\/div>\n\t\t\t\t<\/div>\n\t\t\t\t\t<\/div>\n\t\t<\/div>\n\t\t\t\t<div class=\"elementor-column elementor-col-33 elementor-top-column elementor-element elementor-element-6c7daa7\" data-id=\"6c7daa7\" data-element_type=\"column\">\n\t\t\t<div class=\"elementor-widget-wrap elementor-element-populated\">\n\t\t\t\t\t\t<div class=\"elementor-element elementor-element-2517008 wd-width-100 elementor-widget elementor-widget-wd_title\" data-id=\"2517008\" data-element_type=\"widget\" data-widget_type=\"wd_title.default\">\n\t\t\t\t<div class=\"elementor-widget-container\">\n\t\t\t\t\t\t\t<div class=\"title-wrapper wd-set-mb reset-last-child wd-title-color-default wd-title-style-default wd-title-size-default text-center\">\n\n\t\t\t\n\t\t\t<div class=\"liner-continer\">\n\t\t\t\t<h4 class=\"woodmart-title-container title wd-fontsize-l\">Kuidas see t\u00f6\u00f6tab:<\/h4> \n\t\t\t\t\t\t\t<\/div>\n\n\t\t\t\t\t\t\t<div class=\"title-after_title reset-last-child wd-fontsize-xs\">\n\t\t\t\t\t<p>1) Otsi tootepaneelilt m\u00e4rget \"Vali m\u00e4nguasja t\u00fc\u00fcp\"<\/p><p>2) Kl\u00f5psa \"Soovin valida teise\/oma v\u00e4rvi\"<\/p><p>3) Vali oma lemmikv\u00e4rvid meie paletist<\/p><p>4) Lisa m\u00e4rkused v\u00f5i eelistused (soovi korral)<\/p><p>5) Esita tellimus \u2014 meie hoolitseme \u00fclej\u00e4\u00e4nu eest!<\/p>\t\t\t\t<\/div>\n\t\t\t\t\t<\/div>\n\t\t\t\t\t\t<\/div>\n\t\t\t\t<\/div>\n\t\t\t\t\t<\/div>\n\t\t<\/div>\n\t\t\t\t<div class=\"elementor-column elementor-col-33 elementor-top-column elementor-element elementor-element-98f9c78\" data-id=\"98f9c78\" data-element_type=\"column\">\n\t\t\t<div class=\"elementor-widget-wrap elementor-element-populated\">\n\t\t\t\t\t\t<div class=\"elementor-element elementor-element-9e86df6 wd-width-100 elementor-widget elementor-widget-wd_title\" data-id=\"9e86df6\" data-element_type=\"widget\" data-widget_type=\"wd_title.default\">\n\t\t\t\t<div class=\"elementor-widget-container\">\n\t\t\t\t\t\t\t<div class=\"title-wrapper wd-set-mb reset-last-child wd-title-color-default wd-title-style-default wd-title-size-default text-center\">\n\n\t\t\t\n\t\t\t<div class=\"liner-continer\">\n\t\t\t\t<h4 class=\"woodmart-title-container title wd-fontsize-l\">K\u00e4sitsi armastusega valmistatud<\/h4> \n\t\t\t\t\t\t\t<\/div>\n\n\t\t\t\t\t\t\t<div class=\"title-after_title reset-last-child wd-fontsize-xs\">\n\t\t\t\t\t<p>Nagu ka meie tavalised m\u00e4nguasjad, on ka kohandatud m\u00e4nguasjad:<br \/>\u2022 K\u00e4sitsi heegeldatud pl\u00fc\u00fcsi ja puuvillase l\u00f5ngaga<br \/>\u2022 T\u00e4idetud allergiavaba holokiuga<br \/>\u2022 Valmistatud suitsu- ja loomavabas stuudios Eestis, EL<\/p>\t\t\t\t<\/div>\n\t\t\t\t\t<\/div>\n\t\t\t\t\t\t<\/div>\n\t\t\t\t<\/div>\n\t\t\t\t\t<\/div>\n\t\t<\/div>\n\t\t\t\t\t<\/div>\n\t\t<\/section>\n\t\t\t\t<section class=\"wd-negative-gap elementor-section elementor-top-section elementor-element elementor-element-45c86c0 elementor-section-boxed elementor-section-height-default elementor-section-height-default\" data-id=\"45c86c0\" data-element_type=\"section\">\n\t\t\t\t\t\t<div class=\"elementor-container elementor-column-gap-default\">\n\t\t\t\t\t<div class=\"elementor-column elementor-col-100 elementor-top-column elementor-element elementor-element-47fa834\" data-id=\"47fa834\" data-element_type=\"column\">\n\t\t\t<div class=\"elementor-widget-wrap elementor-element-populated\">\n\t\t\t\t\t\t<div class=\"elementor-element elementor-element-a152bb7 elementor-widget-divider--view-line elementor-widget elementor-widget-divider\" data-id=\"a152bb7\" data-element_type=\"widget\" data-widget_type=\"divider.default\">\n\t\t\t\t<div class=\"elementor-widget-container\">\n\t\t\t\t\t\t\t<div class=\"elementor-divider\">\n\t\t\t<span class=\"elementor-divider-separator\">\n\t\t\t\t\t\t<\/span>\n\t\t<\/div>\n\t\t\t\t\t\t<\/div>\n\t\t\t\t<\/div>\n\t\t\t\t\t<\/div>\n\t\t<\/div>\n\t\t\t\t\t<\/div>\n\t\t<\/section>\n\t\t\t\t<section class=\"wd-negative-gap elementor-section elementor-top-section elementor-element elementor-element-d6669d9 elementor-section-boxed elementor-section-height-default elementor-section-height-default\" data-id=\"d6669d9\" data-element_type=\"section\">\n\t\t\t\t\t\t<div class=\"elementor-container elementor-column-gap-default\">\n\t\t\t\t\t<div class=\"elementor-column elementor-col-100 elementor-top-column elementor-element elementor-element-debd609\" data-id=\"debd609\" data-element_type=\"column\">\n\t\t\t<div class=\"elementor-widget-wrap elementor-element-populated\">\n\t\t\t\t\t\t<div class=\"elementor-element elementor-element-e1d4fa7 wd-width-100 elementor-widget elementor-widget-wd_title\" data-id=\"e1d4fa7\" data-element_type=\"widget\" data-widget_type=\"wd_title.default\">\n\t\t\t\t<div class=\"elementor-widget-container\">\n\t\t\t\t\t\t\t<div class=\"title-wrapper wd-set-mb reset-last-child wd-title-color-default wd-title-style-default wd-title-size-default text-center\">\n\n\t\t\t\n\t\t\t<div class=\"liner-continer\">\n\t\t\t\t<h4 class=\"woodmart-title-container title wd-fontsize-l\">Ainulaadne ja isiklik kingitus<\/h4> \n\t\t\t\t\t\t\t<\/div>\n\n\t\t\t\t\t\t\t<div class=\"title-after_title reset-last-child wd-fontsize-xs\">\n\t\t\t\t\t<p>Ideaalne katsikuks, s\u00fcnnip\u00e4evaks v\u00f5i lihtsalt niisama \u2014 sinu kohandatud m\u00e4nguasi saabub kingitusena valmis pakendis.<\/p>\t\t\t\t<\/div>\n\t\t\t\t\t<\/div>\n\t\t\t\t\t\t<\/div>\n\t\t\t\t<\/div>\n\t\t\t\t\t<\/div>\n\t\t<\/div>\n\t\t\t\t\t<\/div>\n\t\t<\/section>\n\t\t\t\t<\/div>\n\t\t","protected":false},"excerpt":{"rendered":"<p>Loo oma unistuste m\u00e4nguasi! M\u00f5ned meie m\u00e4nguasjad on saadaval kohandamisv\u00f5imalusega, mis t\u00e4hendab, et saad isikup\u00e4rastada teatud osi ja muuta m\u00e4nguasja<\/p>\n","protected":false},"author":1,"featured_media":0,"parent":0,"menu_order":0,"comment_status":"closed","ping_status":"closed","template":"","meta":{"footnotes":""},"class_list":["post-30291","page","type-page","status-publish","hentry"],"_links":{"self":[{"href":"https:\/\/tinyknit.eu\/et\/wp-json\/wp\/v2\/pages\/30291","targetHints":{"allow":["GET"]}}],"collection":[{"href":"https:\/\/tinyknit.eu\/et\/wp-json\/wp\/v2\/pages"}],"about":[{"href":"https:\/\/tinyknit.eu\/et\/wp-json\/wp\/v2\/types\/page"}],"author":[{"embeddable":true,"href":"https:\/\/tinyknit.eu\/et\/wp-json\/wp\/v2\/users\/1"}],"replies":[{"embeddable":true,"href":"https:\/\/tinyknit.eu\/et\/wp-json\/wp\/v2\/comments?post=30291"}],"version-history":[{"count":4,"href":"https:\/\/tinyknit.eu\/et\/wp-json\/wp\/v2\/pages\/30291\/revisions"}],"predecessor-version":[{"id":30295,"href":"https:\/\/tinyknit.eu\/et\/wp-json\/wp\/v2\/pages\/30291\/revisions\/30295"}],"wp:attachment":[{"href":"https:\/\/tinyknit.eu\/et\/wp-json\/wp\/v2\/media?parent=30291"}],"curies":[{"name":"wp","href":"https:\/\/api.w.org\/{rel}","templated":true}]}}