{"id":17191,"date":"2024-01-17T18:02:13","date_gmt":"2024-01-17T18:02:13","guid":{"rendered":"https:\/\/tinyknit.eu\/shipping-and-returns\/"},"modified":"2024-01-17T19:00:25","modified_gmt":"2024-01-17T19:00:25","slug":"kohaletoimetamine-ja-tagastamine","status":"publish","type":"page","link":"https:\/\/tinyknit.eu\/et\/kohaletoimetamine-ja-tagastamine\/","title":{"rendered":"Kohaletoimetamine ja tagastamine"},"content":{"rendered":"<p><strong>Kohaletoimetamine:<\/strong><br \/>\nKohaletoimetamine Eestist.<\/p>\n<p>Tarneaeg:<br \/>\n<strong>Eesti<\/strong>\u00a0\u2013 1\u20132 t\u00f6\u00f6p\u00e4eva;<br \/>\n<strong>Euroopa \u2013<\/strong>\u00a04 \u2013 15 t\u00f6\u00f6p\u00e4eva;<br \/>\n<strong>USA ja Kanada<\/strong>\u00a0\u2013 5 \u2013 30 t\u00f6\u00f6p\u00e4eva.<br \/>\n<strong>Maailm<\/strong>\u00a0\u2013 15 \u2013 40 t\u00f6\u00f6p\u00e4eva.<\/p>\n<p>Meie tellimuse t\u00f6\u00f6tlemise aeg on 3 kuni 6 t\u00f6\u00f6p\u00e4eva ettetellimisel olevatele toodetele ja 1 kuni 2 t\u00f6\u00f6p\u00e4eva laos olevatele toodetele. Tellimuse t\u00f6\u00f6tlemise aeg ei ole kohaletoimetamise aeg. Kui tellimus koosneb nii laos olevatest kui ka ettetellimisel olevatest toodetest, saadetakse tellimus teele p\u00e4rast k\u00f5ikide toodete laos olemist ja saatmiseks valmis olemist. Kui soovite, et teie tellimus saadetakse kiiremini, palun esitage eraldi tellimused<\/p>\n<p><strong>\u00dclemaailmne kohaletoimetamine:<\/strong><\/p>\n\n<table id=\"tablepress-1\" class=\"tablepress tablepress-id-1\">\n<thead>\n<tr class=\"row-1\">\n\t<th class=\"column-1\">Country<\/th><th class=\"column-2\">Courier Delivery<\/th><th class=\"column-3\">Parcel pickup point (Post office)<\/th><th class=\"column-4\">Delivery time in days (approximately)<\/th>\n<\/tr>\n<\/thead>\n<tbody class=\"row-striping row-hover\">\n<tr class=\"row-2\">\n\t<td class=\"column-1\">Austria<\/td><td class=\"column-2\">15.96<\/td><td class=\"column-3\">9.25<\/td><td class=\"column-4\">5-8<\/td>\n<\/tr>\n<tr class=\"row-3\">\n\t<td class=\"column-1\">Belgium<\/td><td class=\"column-2\">15.38<\/td><td class=\"column-3\">8.22<\/td><td class=\"column-4\">5-9<\/td>\n<\/tr>\n<tr class=\"row-4\">\n\t<td class=\"column-1\">Bulgaria<\/td><td class=\"column-2\">17.06<\/td><td class=\"column-3\">11.23<\/td><td class=\"column-4\">8-13<\/td>\n<\/tr>\n<tr class=\"row-5\">\n\t<td class=\"column-1\">Ireland<\/td><td class=\"column-2\">21.19<\/td><td class=\"column-3\">15.11<\/td><td class=\"column-4\">8-13<\/td>\n<\/tr>\n<tr class=\"row-6\">\n\t<td class=\"column-1\">Germany<\/td><td class=\"column-2\">13.37<\/td><td class=\"column-3\">7.85<\/td><td class=\"column-4\">5-9<\/td>\n<\/tr>\n<tr class=\"row-7\">\n\t<td class=\"column-1\">Greece<\/td><td class=\"column-2\">18.53<\/td><td class=\"column-3\">12.62<\/td><td class=\"column-4\">6-12<\/td>\n<\/tr>\n<tr class=\"row-8\">\n\t<td class=\"column-1\">Spain<\/td><td class=\"column-2\">15.10<\/td><td class=\"column-3\">9.18<\/td><td class=\"column-4\">6-11<\/td>\n<\/tr>\n<tr class=\"row-9\">\n\t<td class=\"column-1\">Italy<\/td><td class=\"column-2\">13.73<\/td><td class=\"column-3\">10.58<\/td><td class=\"column-4\">6-11<\/td>\n<\/tr>\n<tr class=\"row-10\">\n\t<td class=\"column-1\">Luxembourg<\/td><td class=\"column-2\">15.07<\/td><td class=\"column-3\">9.38<\/td><td class=\"column-4\">4-8<\/td>\n<\/tr>\n<tr class=\"row-11\">\n\t<td class=\"column-1\">France<\/td><td class=\"column-2\">21.13<\/td><td class=\"column-3\">8.28<\/td><td class=\"column-4\">5-9<\/td>\n<\/tr>\n<tr class=\"row-12\">\n\t<td class=\"column-1\">Croatia<\/td><td class=\"column-2\">16.31<\/td><td class=\"column-3\">10.54<\/td><td class=\"column-4\">5-9<\/td>\n<\/tr>\n<tr class=\"row-13\">\n\t<td class=\"column-1\">Czech Republic<\/td><td class=\"column-2\">13.23<\/td><td class=\"column-3\">9.25<\/td><td class=\"column-4\">10-14<\/td>\n<\/tr>\n<tr class=\"row-14\">\n\t<td class=\"column-1\">Sweden<\/td><td class=\"column-2\">18.70<\/td><td class=\"column-3\">9.88<\/td><td class=\"column-4\">5-9<\/td>\n<\/tr>\n<tr class=\"row-15\">\n\t<td class=\"column-1\">Australia<\/td><td class=\"column-2\">33.73<\/td><td class=\"column-3\">20.83<\/td><td class=\"column-4\">13-25<\/td>\n<\/tr>\n<tr class=\"row-16\">\n\t<td class=\"column-1\">Argentina<\/td><td class=\"column-2\">35.79<\/td><td class=\"column-3\">20.84<\/td><td class=\"column-4\">11-19<\/td>\n<\/tr>\n<tr class=\"row-17\">\n\t<td class=\"column-1\">United Kingdom<\/td><td class=\"column-2\">21.19<\/td><td class=\"column-3\">15.11<\/td><td class=\"column-4\">4-8<\/td>\n<\/tr>\n<tr class=\"row-18\">\n\t<td class=\"column-1\">Canada<\/td><td class=\"column-2\">32.28<\/td><td class=\"column-3\">24.09<\/td><td class=\"column-4\">6-13<\/td>\n<\/tr>\n<tr class=\"row-19\">\n\t<td class=\"column-1\">South Korea<\/td><td class=\"column-2\">43.90<\/td><td class=\"column-3\">19.45<\/td><td class=\"column-4\">25-34<\/td>\n<\/tr>\n<tr class=\"row-20\">\n\t<td class=\"column-1\">New Zealand<\/td><td class=\"column-2\">33.04<\/td><td class=\"column-3\">25.25<\/td><td class=\"column-4\">11-20<\/td>\n<\/tr>\n<tr class=\"row-21\">\n\t<td class=\"column-1\">Norway<\/td><td class=\"column-2\">-<\/td><td class=\"column-3\">15.54<\/td><td class=\"column-4\">7-13<\/td>\n<\/tr>\n<tr class=\"row-22\">\n\t<td class=\"column-1\">USA<\/td><td class=\"column-2\">43.52<\/td><td class=\"column-3\">20.58<\/td><td class=\"column-4\">7-18<\/td>\n<\/tr>\n<tr class=\"row-23\">\n\t<td class=\"column-1\">Switzerland<\/td><td class=\"column-2\">19.33<\/td><td class=\"column-3\">14.20<\/td><td class=\"column-4\">8-11<\/td>\n<\/tr>\n<tr class=\"row-24\">\n\t<td class=\"column-1\">Japan<\/td><td class=\"column-2\">49.23<\/td><td class=\"column-3\">17.26<\/td><td class=\"column-4\">6-13<\/td>\n<\/tr>\n<\/tbody>\n<\/table>\n<!-- #tablepress-1 from cache -->\n<p><em>Hinnad on eurodes. Viimane kohaletoimetamise maksumus arvutatakse tellimuse kassalehel. Tabeli hind kehtib kuni 250 grammi kaaluvatele pakettidele. Kohaletoimetamise aeg v\u00f5ib pikeneda riiklikel p\u00fchadel. Oleme t\u00e4nulikud teie m\u00f5istmise eest. Tellides riikidesse v\u00e4ljaspool Euroopa Liitu, v\u00f5ib lisanduda tollimaks (maks). Palun kinnitage t\u00e4pne teave oma kohaliku postiorganisatsiooniga.<\/p>\n<p><\/em><strong>Tagastamine:<\/strong><br \/>\nTellimuse k\u00e4ttesaamisel on ostjal \u00f5igus 14 p\u00e4eva jooksul lepingust e-poe kaudu taganeda. Ostetud kaupa ei saa tagastada, kui see on valmistatud v\u00f5i ostetud kliendi eritellimusel. Tagastatav toode peab olema originaalpakendis ja kasutamata. 14-p\u00e4evase taganemis\u00f5iguse kasutamiseks ei tohi tellitud kaupa kasutada muul viisil kui vajalik tagamaks kauba olemust, omadusi ja toimivust samamoodi, nagu saaksite kaupa testida tavapoes. Ostja kannab kauba tagastamise kulud, v\u00e4lja arvatud juhul, kui tagastuse p\u00f5hjus seisneb selles, et tagastatav toode ei vasta tellimusele (nt vale v\u00f5i defektne toode).\u00a0<a href=\"https:\/\/myov.be\/et\/muugitingimused\/\">Loe l\u00e4hemalt.<\/a><\/p>\n<p><strong>Sagedased k\u00fcsimused:<\/strong><\/p>\n<p><strong>Mis juhtub, kui ma paketti ei kogu ja see saadetakse tagasi saatjale?<\/strong><br \/>\nKui pakend saadetakse minu poole tagasi teie poolt selle mittekogumise t\u00f5ttu, raha ei h\u00fcvitata.<\/p>\n<p><strong>Kas hinnas sisalduvad tollimaksud, teenustasud ja impordimaksud?<\/strong><br \/>\nTollimaksud, teenustasud ja impordimaksud ei sisaldu hinnas ning on ostja t\u00e4ielik vastutus nende tasumise eest.<\/p>\n<p><strong>Kas te aktsepteerite vahetusi ja tagasip\u00f6\u00f6rdumisi?<\/strong><br \/>\nTeil on 14 p\u00e4eva aega toote tagastamiseks v\u00f5i vahetamiseks.<br \/>\nTeavitage mind 3 p\u00e4eva jooksul, kui soovite toote tagastada v\u00f5i vahetada.<br \/>\nOstja vastutab tagasisaatmise kulude eest ja v\u00e4\u00e4rtuse kaotuse eest, kui toode ei ole tagastatud originaalses seisukorras.<br \/>\nToote maksumus tagastatakse p\u00e4rast selle k\u00e4ttesaamist ja originaalse seisundi kontrollimist.<\/p>\n<p><strong>Mida teha, kui pakk on hilinenud?<\/strong><br \/>\nSeaduse kohaselt on Postil vastust\u00e4htaeg 30\u201390 p\u00e4eva, mille jooksul pakend kas leitakse ja tuuakse teile v\u00f5i tunnistatakse kadunud. Kui pakend kuulutatakse kadunuks, saate tellimuse summa t\u00e4ieliku tagastuse. Palun m\u00e4rkige, et k\u00f5ik kuup\u00e4evad on umbkaudsed ja v\u00e4ljaspool minu kontrolli, kuna s\u00f5ltun postiteenusest paki kohaletoimetamisel. Kui pakend leitakse l\u00f5puks ja toimetatakse teile, kuid p\u00e4rast olulist viivitust, ei anta sel juhul tagasimakset.<\/p>\n<p><strong>Milline on teie t\u00fchistamispoliitika?<\/strong><br \/>\nV\u00f5in aktsepteerida t\u00fchistamist 2 tunni jooksul p\u00e4rast ostu sooritamist. Erandiks on isikup\u00e4rastatud tooted.<\/p>\n<p><strong>Mida teha, kui ese on saatmise ajal kahjustatud?<\/strong><br \/>\nKui toode oli saatmise ajal kahjustatud, palun esitage meile foto 3 p\u00e4eva jooksul p\u00e4rast k\u00e4ttesaamist ja me saadame teile uue toote v\u00f5i teeme tagasimakse.<\/p>\n<p><strong>Kas saate minu tellimuse kinkepaberisse pakkida?<\/strong><br \/>\nJah, pakume kinkepakendi valikuliselt lisatasu eest. Palun v\u00f5tke minuga \u00fchendust lisateabe saamiseks kinkepakendi valikute kohta.<\/p>\n<p><strong>Mis on &#8220;paki k\u00e4ttesaamise punkt&#8221;?<\/strong><br \/>\nTeie riigi l\u00e4him postkontor. M\u00f5nikord v\u00f5ib paki k\u00e4tte toimetada postkasti v\u00f5i kulleriga. Paki kadumise korral pakutakse minimaalset kompensatsiooni.<\/p>\n<p><strong>Mis on &#8220;kullerteenus&#8221;?<\/strong><br \/>\nKohaletoimetamine kontori v\u00f5i koduukseni. Kui kullerteenus kaotab teie paki, pakutakse suurimat kahjude h\u00fcvitist.<\/p>\n<p>&nbsp;<\/p>\n","protected":false},"excerpt":{"rendered":"<p>Kohaletoimetamine: Kohaletoimetamine Eestist. Tarneaeg: Eesti\u00a0\u2013 1\u20132 t\u00f6\u00f6p\u00e4eva; Euroopa \u2013\u00a04 \u2013 15 t\u00f6\u00f6p\u00e4eva; USA ja Kanada\u00a0\u2013 5 \u2013 30 t\u00f6\u00f6p\u00e4eva. Maailm\u00a0\u2013<\/p>\n","protected":false},"author":1,"featured_media":0,"parent":0,"menu_order":0,"comment_status":"closed","ping_status":"closed","template":"","meta":{"footnotes":""},"class_list":["post-17191","page","type-page","status-publish","hentry"],"_links":{"self":[{"href":"https:\/\/tinyknit.eu\/et\/wp-json\/wp\/v2\/pages\/17191","targetHints":{"allow":["GET"]}}],"collection":[{"href":"https:\/\/tinyknit.eu\/et\/wp-json\/wp\/v2\/pages"}],"about":[{"href":"https:\/\/tinyknit.eu\/et\/wp-json\/wp\/v2\/types\/page"}],"author":[{"embeddable":true,"href":"https:\/\/tinyknit.eu\/et\/wp-json\/wp\/v2\/users\/1"}],"replies":[{"embeddable":true,"href":"https:\/\/tinyknit.eu\/et\/wp-json\/wp\/v2\/comments?post=17191"}],"version-history":[{"count":2,"href":"https:\/\/tinyknit.eu\/et\/wp-json\/wp\/v2\/pages\/17191\/revisions"}],"predecessor-version":[{"id":17196,"href":"https:\/\/tinyknit.eu\/et\/wp-json\/wp\/v2\/pages\/17191\/revisions\/17196"}],"wp:attachment":[{"href":"https:\/\/tinyknit.eu\/et\/wp-json\/wp\/v2\/media?parent=17191"}],"curies":[{"name":"wp","href":"https:\/\/api.w.org\/{rel}","templated":true}]}}