{"id":12690,"date":"2023-04-25T14:52:18","date_gmt":"2023-04-25T14:52:18","guid":{"rendered":"https:\/\/tinyknit.eu\/faq\/"},"modified":"2023-04-25T17:22:15","modified_gmt":"2023-04-25T17:22:15","slug":"kkk","status":"publish","type":"page","link":"https:\/\/tinyknit.eu\/et\/kkk\/","title":{"rendered":"KKK"},"content":{"rendered":"\t\t<div data-elementor-type=\"wp-page\" data-elementor-id=\"12690\" class=\"elementor elementor-12690 elementor-12682\">\n\t\t\t\t\t\t<section class=\"wd-negative-gap elementor-section elementor-top-section elementor-element elementor-element-53d1c30a elementor-section-boxed elementor-section-height-default elementor-section-height-default\" data-id=\"53d1c30a\" data-element_type=\"section\">\n\t\t\t\t\t\t<div class=\"elementor-container elementor-column-gap-default\">\n\t\t\t\t\t<div class=\"elementor-column elementor-col-100 elementor-top-column elementor-element elementor-element-3f2fac2b\" data-id=\"3f2fac2b\" data-element_type=\"column\">\n\t\t\t<div class=\"elementor-widget-wrap elementor-element-populated\">\n\t\t\t\t\t\t<div class=\"elementor-element elementor-element-563f3168 wd-width-100 elementor-widget elementor-widget-wd_title\" data-id=\"563f3168\" data-element_type=\"widget\" data-widget_type=\"wd_title.default\">\n\t\t\t\t<div class=\"elementor-widget-container\">\n\t\t\t\t\t\t\t<div class=\"title-wrapper wd-set-mb reset-last-child wd-title-color-default wd-title-style-underlined wd-title-size-default text-left\">\n\n\t\t\t\n\t\t\t<div class=\"liner-continer\">\n\t\t\t\t<h4 class=\"woodmart-title-container title wd-fontsize-l\">Korduma kippuvad k\u00fcsimused<br \/>\n<\/h4> \n\t\t\t\t\t\t\t<\/div>\n\n\t\t\t\t\t<\/div>\n\t\t\t\t\t\t<\/div>\n\t\t\t\t<\/div>\n\t\t\t\t<section class=\"wd-negative-gap elementor-section elementor-inner-section elementor-element elementor-element-165b47a3 elementor-section-boxed elementor-section-height-default elementor-section-height-default\" data-id=\"165b47a3\" data-element_type=\"section\">\n\t\t\t\t\t\t<div class=\"elementor-container elementor-column-gap-extended\">\n\t\t\t\t\t<div class=\"elementor-column elementor-col-50 elementor-inner-column elementor-element elementor-element-1df55440\" data-id=\"1df55440\" data-element_type=\"column\">\n\t\t\t<div class=\"elementor-widget-wrap elementor-element-populated\">\n\t\t\t\t\t\t<div class=\"elementor-element elementor-element-42af0a69 elementor-widget elementor-widget-wd_text_block\" data-id=\"42af0a69\" data-element_type=\"widget\" data-widget_type=\"wd_text_block.default\">\n\t\t\t\t<div class=\"elementor-widget-container\">\n\t\t\t\t\t\t\t<div class=\"wd-text-block reset-last-child text-left\">\n\t\t\t\n\t\t\t<h5>Kohandatud ja personaalsed tellimused<\/h5>\nJah, v\u00f5tan vastu tellimusi kohandatud m\u00e4nguasjade jaoks.\n\t\t\t\t\t<\/div>\n\t\t\t\t\t\t<\/div>\n\t\t\t\t<\/div>\n\t\t\t\t<div class=\"elementor-element elementor-element-3d202e43 elementor-widget elementor-widget-wd_text_block\" data-id=\"3d202e43\" data-element_type=\"widget\" data-widget_type=\"wd_text_block.default\">\n\t\t\t\t<div class=\"elementor-widget-container\">\n\t\t\t\t\t\t\t<div class=\"wd-text-block reset-last-child text-left\">\n\t\t\t\n\t\t\t<h5>Hulgim\u00fc\u00fcgi v\u00f5imalus<\/h5>\nJah, v\u00f5tan vastu hulgim\u00fc\u00fcgi tellimusi. Kahjuks olen ainus k\u00e4sit\u00f6\u00f6line, seega saan t\u00e4ita ainult v\u00e4iksemaid hulgim\u00fc\u00fcgi tellimusi.\n\t\t\t\t\t<\/div>\n\t\t\t\t\t\t<\/div>\n\t\t\t\t<\/div>\n\t\t\t\t<div class=\"elementor-element elementor-element-3333df9a elementor-widget elementor-widget-wd_text_block\" data-id=\"3333df9a\" data-element_type=\"widget\" data-widget_type=\"wd_text_block.default\">\n\t\t\t\t<div class=\"elementor-widget-container\">\n\t\t\t\t\t\t\t<div class=\"wd-text-block reset-last-child text-left\">\n\t\t\t\n\t\t\t<h5>Mis juhtub, kui ma ei v\u00f5ta paketti vastu ja see saadetakse tagasi saatjale?<\/h5>\nKui pakk tagastatakse mulle teie poolt selle mittevastuv\u00f5tmise t\u00f5ttu, siis raha ei tagastata.\n\t\t\t\t\t<\/div>\n\t\t\t\t\t\t<\/div>\n\t\t\t\t<\/div>\n\t\t\t\t<div class=\"elementor-element elementor-element-0b03164 elementor-widget elementor-widget-wd_text_block\" data-id=\"0b03164\" data-element_type=\"widget\" data-widget_type=\"wd_text_block.default\">\n\t\t\t\t<div class=\"elementor-widget-container\">\n\t\t\t\t\t\t\t<div class=\"wd-text-block reset-last-child text-left\">\n\t\t\t\n\t\t\t<h5>Kas tollimaksud, tasud ja impordimaksud sisalduvad hinnas? <\/h5>\nTollimaksude, tasude ja impordimaksude maksumus ei sisaldu hinnas ja on ostja t\u00e4ielik vastutus need maksta.\n\t\t\t\t\t<\/div>\n\t\t\t\t\t\t<\/div>\n\t\t\t\t<\/div>\n\t\t\t\t<div class=\"elementor-element elementor-element-f174f78 elementor-widget elementor-widget-wd_text_block\" data-id=\"f174f78\" data-element_type=\"widget\" data-widget_type=\"wd_text_block.default\">\n\t\t\t\t<div class=\"elementor-widget-container\">\n\t\t\t\t\t\t\t<div class=\"wd-text-block reset-last-child text-left\">\n\t\t\t\n\t\t\t<h5>Kas te saadate minu riiki? Kui palju maksab saatmine?<\/h5><p>Jah, Baltic Tiny Knit saadab \u00fcle maailma!<br \/><br \/>Esimene samm on valida tooted ja lisada need ostukorvi. Seej\u00e4rel saate sisestada oma t\u00e4pse tarneaadressi ning valida saadaval olevate kullerite vahel ning n\u00e4ha saatmiskulusid.<\/p><p>Pakume erinevaid saatmisv\u00f5imalusi s\u00f5ltuvalt tarne tingimustest, ajakavadest ja hinnast.<\/p>\n\t\t\t\t\t<\/div>\n\t\t\t\t\t\t<\/div>\n\t\t\t\t<\/div>\n\t\t\t\t<div class=\"elementor-element elementor-element-7085844 elementor-widget elementor-widget-wd_text_block\" data-id=\"7085844\" data-element_type=\"widget\" data-widget_type=\"wd_text_block.default\">\n\t\t\t\t<div class=\"elementor-widget-container\">\n\t\t\t\t\t\t\t<div class=\"wd-text-block reset-last-child text-left\">\n\t\t\t\n\t\t\t<h5>Kas te v\u00f5tate vastu vahetusi ja tagastusi? <\/h5>\nTeil on 14 p\u00e4eva aega toote tagastamiseks v\u00f5i vahetamiseks. Ostja vastutab tagastamiskulude ja kaotatud v\u00e4\u00e4rtuse eest, kui toode ei ole originaaltingimustes tagastatud.\n\t\t\t\t\t<\/div>\n\t\t\t\t\t\t<\/div>\n\t\t\t\t<\/div>\n\t\t\t\t\t<\/div>\n\t\t<\/div>\n\t\t\t\t<div class=\"elementor-column elementor-col-50 elementor-inner-column elementor-element elementor-element-71b29e58\" data-id=\"71b29e58\" data-element_type=\"column\">\n\t\t\t<div class=\"elementor-widget-wrap elementor-element-populated\">\n\t\t\t\t\t\t<div class=\"elementor-element elementor-element-34a6de8 elementor-widget elementor-widget-wd_text_block\" data-id=\"34a6de8\" data-element_type=\"widget\" data-widget_type=\"wd_text_block.default\">\n\t\t\t\t<div class=\"elementor-widget-container\">\n\t\t\t\t\t\t\t<div class=\"wd-text-block reset-last-child text-left\">\n\t\t\t\n\t\t\t<h5>Kuidas ma saan toote eest hoolt kanda?<\/h5><p>\u2022 Allergiliste reaktsioonide v\u00e4ltimiseks kasutage vedelaid ja h\u00fcpoallergeenseid pesuvahendeid.<br \/>\u2022 Kasutage pesumasina \u00f5rna ts\u00fcklit ja seadke temperatuur 30 kraadi juures 30 minutiks.<br \/>\u2022 P\u00e4rast pesemist asetage m\u00e4nguasi lamedale pinnale kuivama.<\/p>\n\t\t\t\t\t<\/div>\n\t\t\t\t\t\t<\/div>\n\t\t\t\t<\/div>\n\t\t\t\t<div class=\"elementor-element elementor-element-12e8742c elementor-widget elementor-widget-wd_text_block\" data-id=\"12e8742c\" data-element_type=\"widget\" data-widget_type=\"wd_text_block.default\">\n\t\t\t\t<div class=\"elementor-widget-container\">\n\t\t\t\t\t\t\t<div class=\"wd-text-block reset-last-child text-left\">\n\t\t\t\n\t\t\t<h5>Mida teha, kui pakk on hilinenud?<\/h5>\nVastavalt seadusele on Postil vastamiseks aega 30-90 p\u00e4eva, mille jooksul pakett kas leitakse ja toimetatakse teieni v\u00f5i tunnistatakse kadunuks. Kui pakk on tunnistatud kadunuks, saate tellimuse summa t\u00e4ieliku tagasimakse. Palun m\u00e4rkige, et k\u00f5ik t\u00e4htajad on ligikaudsed ja s\u00f5ltuvad Postiteenusest, kellelt ma paketi k\u00e4ttetoimetamiseks s\u00f5ltun. Kui pakk leitakse l\u00f5puks \u00fcles ja toimetatakse teieni, kuid olulise viivitusega, siis antud juhul tagasimakset ei v\u00e4ljastata.\n\t\t\t\t\t<\/div>\n\t\t\t\t\t\t<\/div>\n\t\t\t\t<\/div>\n\t\t\t\t\t<\/div>\n\t\t<\/div>\n\t\t\t\t\t<\/div>\n\t\t<\/section>\n\t\t\t\t\t<\/div>\n\t\t<\/div>\n\t\t\t\t\t<\/div>\n\t\t<\/section>\n\t\t\t\t<\/div>\n\t\t","protected":false},"excerpt":{"rendered":"<p>Korduma kippuvad k\u00fcsimused Kohandatud ja personaalsed tellimused Jah, v\u00f5tan vastu tellimusi kohandatud m\u00e4nguasjade jaoks. Hulgim\u00fc\u00fcgi v\u00f5imalus Jah, v\u00f5tan vastu hulgim\u00fc\u00fcgi<\/p>\n","protected":false},"author":1,"featured_media":0,"parent":0,"menu_order":0,"comment_status":"closed","ping_status":"closed","template":"","meta":{"footnotes":""},"class_list":["post-12690","page","type-page","status-publish","hentry"],"_links":{"self":[{"href":"https:\/\/tinyknit.eu\/et\/wp-json\/wp\/v2\/pages\/12690","targetHints":{"allow":["GET"]}}],"collection":[{"href":"https:\/\/tinyknit.eu\/et\/wp-json\/wp\/v2\/pages"}],"about":[{"href":"https:\/\/tinyknit.eu\/et\/wp-json\/wp\/v2\/types\/page"}],"author":[{"embeddable":true,"href":"https:\/\/tinyknit.eu\/et\/wp-json\/wp\/v2\/users\/1"}],"replies":[{"embeddable":true,"href":"https:\/\/tinyknit.eu\/et\/wp-json\/wp\/v2\/comments?post=12690"}],"version-history":[{"count":7,"href":"https:\/\/tinyknit.eu\/et\/wp-json\/wp\/v2\/pages\/12690\/revisions"}],"predecessor-version":[{"id":12701,"href":"https:\/\/tinyknit.eu\/et\/wp-json\/wp\/v2\/pages\/12690\/revisions\/12701"}],"wp:attachment":[{"href":"https:\/\/tinyknit.eu\/et\/wp-json\/wp\/v2\/media?parent=12690"}],"curies":[{"name":"wp","href":"https:\/\/api.w.org\/{rel}","templated":true}]}}