{"id":11855,"date":"2023-02-25T18:53:37","date_gmt":"2023-02-25T18:53:37","guid":{"rendered":"https:\/\/tinyknit.eu\/?page_id=11855"},"modified":"2024-12-10T17:02:06","modified_gmt":"2024-12-10T17:02:06","slug":"hooldussoovitused","status":"publish","type":"page","link":"https:\/\/tinyknit.eu\/et\/hooldussoovitused\/","title":{"rendered":"Hooldussoovitused ja ohutus"},"content":{"rendered":"\t\t<div data-elementor-type=\"wp-page\" data-elementor-id=\"11855\" class=\"elementor elementor-11855 elementor-11220\">\n\t\t\t\t\t\t<section class=\"wd-negative-gap elementor-section elementor-top-section elementor-element elementor-element-e40632f elementor-section-boxed elementor-section-height-default elementor-section-height-default\" data-id=\"e40632f\" data-element_type=\"section\">\n\t\t\t\t\t\t<div class=\"elementor-container elementor-column-gap-default\">\n\t\t\t\t\t<div class=\"elementor-column elementor-col-100 elementor-top-column elementor-element elementor-element-1152333\" data-id=\"1152333\" data-element_type=\"column\">\n\t\t\t<div class=\"elementor-widget-wrap elementor-element-populated\">\n\t\t\t\t\t\t<div class=\"elementor-element elementor-element-87e8417 wd-width-100 elementor-widget elementor-widget-wd_title\" data-id=\"87e8417\" data-element_type=\"widget\" data-widget_type=\"wd_title.default\">\n\t\t\t\t<div class=\"elementor-widget-container\">\n\t\t\t\t\t\t\t<div class=\"title-wrapper wd-set-mb reset-last-child wd-title-color-default wd-title-style-default wd-title-size-default text-center\">\n\n\t\t\t\n\t\t\t<div class=\"liner-continer\">\n\t\t\t\t<h4 class=\"woodmart-title-container title wd-fontsize-l\">Hooldussoovitused ja ohutus<\/h4> \n\t\t\t\t\t\t\t<\/div>\n\n\t\t\t\t\t<\/div>\n\t\t\t\t\t\t<\/div>\n\t\t\t\t<\/div>\n\t\t\t\t\t<\/div>\n\t\t<\/div>\n\t\t\t\t\t<\/div>\n\t\t<\/section>\n\t\t\t\t<section class=\"wd-negative-gap elementor-section elementor-top-section elementor-element elementor-element-4461aed elementor-section-boxed elementor-section-height-default elementor-section-height-default\" data-id=\"4461aed\" data-element_type=\"section\">\n\t\t\t\t\t\t<div class=\"elementor-container elementor-column-gap-default\">\n\t\t\t\t\t<div class=\"elementor-column elementor-col-100 elementor-top-column elementor-element elementor-element-f3f1dad\" data-id=\"f3f1dad\" data-element_type=\"column\">\n\t\t\t<div class=\"elementor-widget-wrap elementor-element-populated\">\n\t\t\t\t\t\t<div class=\"elementor-element elementor-element-3f06b6b wd-width-100 elementor-widget elementor-widget-wd_title\" data-id=\"3f06b6b\" data-element_type=\"widget\" data-widget_type=\"wd_title.default\">\n\t\t\t\t<div class=\"elementor-widget-container\">\n\t\t\t\t\t\t\t<div class=\"title-wrapper wd-set-mb reset-last-child wd-title-color-default wd-title-style-default wd-title-size-default text-center\">\n\n\t\t\t\n\t\t\t<div class=\"liner-continer\">\n\t\t\t\t<h4 class=\"woodmart-title-container title wd-fontsize-l\">Pid\u017eaamakotid, Padjad, Kallistuse m\u00e4nguasjad, Kaisulapid, Kr\u00f5bisevad m\u00e4nguasjad, Riidest k\u00f5ristid, Kodukaunistused<\/h4> \n\t\t\t\t\t\t\t<\/div>\n\n\t\t\t\t\t<\/div>\n\t\t\t\t\t\t<\/div>\n\t\t\t\t<\/div>\n\t\t\t\t\t<\/div>\n\t\t<\/div>\n\t\t\t\t\t<\/div>\n\t\t<\/section>\n\t\t\t\t<section class=\"wd-negative-gap elementor-section elementor-top-section elementor-element elementor-element-baca7b3 elementor-section-boxed elementor-section-height-default elementor-section-height-default\" data-id=\"baca7b3\" data-element_type=\"section\">\n\t\t\t\t\t\t<div class=\"elementor-container elementor-column-gap-default\">\n\t\t\t\t\t<div class=\"elementor-column elementor-col-100 elementor-top-column elementor-element elementor-element-a6dbe25\" data-id=\"a6dbe25\" data-element_type=\"column\">\n\t\t\t<div class=\"elementor-widget-wrap elementor-element-populated\">\n\t\t\t\t\t\t<div class=\"elementor-element elementor-element-0a1c54b elementor-widget elementor-widget-wd_text_block\" data-id=\"0a1c54b\" data-element_type=\"widget\" data-widget_type=\"wd_text_block.default\">\n\t\t\t\t<div class=\"elementor-widget-container\">\n\t\t\t\t\t\t\t<div class=\"wd-text-block reset-last-child text-left\">\n\t\t\t\n\t\t\t<p data-pm-slice=\"1 1 []\"><strong>HOOLDUS:<\/strong><\/p><p>\u2022 Allergiliste reaktsioonide v\u00e4ltimiseks kasutage vedelaid ja h\u00fcpoallergeenseid pesuvahendeid.<br>\u2022 Kasutage pesumasina \u00f5rna ts\u00fcklit ja seadke temperatuur 30 kraadi juurde 30 minutiks.<br>\u2022 Eseme kahjustuste v\u00e4ltimiseks soovitame kasutada pesukotti.<br>\u2022 P\u00e4rast pesemist asetage ese kuivamiseks tasapinnale.<br>\u2022 \u00c4rge kasutage pleegitusvahendeid.<\/p><p>Teie laste ohutuse huvides me ei t\u00f6\u00f6tle meie m\u00e4nguasju enne saatmist \u00fchegi pesuvahendiga. Saate selle ise pesta sobiva pesuvahendiga oma lastele. Samuti saate teha aurut\u00f6\u00f6tlust ilma kemikaalide kasutamiseta.<\/p><p><strong>OHUTUSKASUTUSE EESKIRJAD:<\/strong><\/p><p>\u2022 Kontrollige alati m\u00e4nguasja enne selle kasutamist. Visake v\u00f5i l\u00f5petage m\u00e4nguasja kasutamine esimese kulumise v\u00f5i kahjustuse m\u00e4rgi ilmnemisel.<br>\u2022 T\u00e4iskasvanu j\u00e4relevalve on vajalik meie m\u00e4nguasjade kasutamisel. Eriti kui m\u00e4nguasjad sisaldavad v\u00e4ikseid plastikosakesi, nagu silmad ja nina.<\/p>\n\t\t\t\t\t<\/div>\n\t\t\t\t\t\t<\/div>\n\t\t\t\t<\/div>\n\t\t\t\t<div class=\"elementor-element elementor-element-978311c elementor-widget-divider--view-line elementor-widget elementor-widget-divider\" data-id=\"978311c\" data-element_type=\"widget\" data-widget_type=\"divider.default\">\n\t\t\t\t<div class=\"elementor-widget-container\">\n\t\t\t\t\t\t\t<div class=\"elementor-divider\">\n\t\t\t<span class=\"elementor-divider-separator\">\n\t\t\t\t\t\t<\/span>\n\t\t<\/div>\n\t\t\t\t\t\t<\/div>\n\t\t\t\t<\/div>\n\t\t\t\t\t<\/div>\n\t\t<\/div>\n\t\t\t\t\t<\/div>\n\t\t<\/section>\n\t\t\t\t<section class=\"wd-negative-gap elementor-section elementor-top-section elementor-element elementor-element-ad3a22a elementor-section-boxed elementor-section-height-default elementor-section-height-default\" data-id=\"ad3a22a\" data-element_type=\"section\">\n\t\t\t\t\t\t<div class=\"elementor-container elementor-column-gap-default\">\n\t\t\t\t\t<div class=\"elementor-column elementor-col-100 elementor-top-column elementor-element elementor-element-ffce9cb\" data-id=\"ffce9cb\" data-element_type=\"column\">\n\t\t\t<div class=\"elementor-widget-wrap elementor-element-populated\">\n\t\t\t\t\t\t<div class=\"elementor-element elementor-element-b1b72b2 wd-width-100 elementor-widget elementor-widget-wd_title\" data-id=\"b1b72b2\" data-element_type=\"widget\" data-widget_type=\"wd_title.default\">\n\t\t\t\t<div class=\"elementor-widget-container\">\n\t\t\t\t\t\t\t<div class=\"title-wrapper wd-set-mb reset-last-child wd-title-color-default wd-title-style-default wd-title-size-default text-center\">\n\n\t\t\t\n\t\t\t<div class=\"liner-continer\">\n\t\t\t\t<h4 class=\"woodmart-title-container title wd-fontsize-l\">Heegeldatud k\u00f5ristid<\/h4> \n\t\t\t\t\t\t\t<\/div>\n\n\t\t\t\t\t\t\t<div class=\"title-after_title reset-last-child wd-fontsize-xs\">\n\t\t\t\t\t<p><em>Heegeldatud k\u00f5risti puidust r\u00f5ngaga<\/em><\/p>\t\t\t\t<\/div>\n\t\t\t\t\t<\/div>\n\t\t\t\t\t\t<\/div>\n\t\t\t\t<\/div>\n\t\t\t\t\t<\/div>\n\t\t<\/div>\n\t\t\t\t\t<\/div>\n\t\t<\/section>\n\t\t\t\t<section class=\"wd-negative-gap elementor-section elementor-top-section elementor-element elementor-element-ed7139c elementor-section-boxed elementor-section-height-default elementor-section-height-default\" data-id=\"ed7139c\" data-element_type=\"section\">\n\t\t\t\t\t\t<div class=\"elementor-container elementor-column-gap-default\">\n\t\t\t\t\t<div class=\"elementor-column elementor-col-100 elementor-top-column elementor-element elementor-element-8d1fafa\" data-id=\"8d1fafa\" data-element_type=\"column\">\n\t\t\t<div class=\"elementor-widget-wrap elementor-element-populated\">\n\t\t\t\t\t\t<div class=\"elementor-element elementor-element-b2715a2 elementor-widget elementor-widget-wd_text_block\" data-id=\"b2715a2\" data-element_type=\"widget\" data-widget_type=\"wd_text_block.default\">\n\t\t\t\t<div class=\"elementor-widget-container\">\n\t\t\t\t\t\t\t<div class=\"wd-text-block reset-last-child text-left\">\n\t\t\t\n\t\t\t<p data-pm-slice=\"1 1 []\"><strong>HOOLDUS:<\/strong><\/p><p>\u00c4rge uputage ja \u00e4rge j\u00e4tke vett, see v\u00f5ib puidu kuivada ja v\u00f5imalikult kihiliseks v\u00f5i praguneda. Puhastage kohtpuhastuslapiga, leige seebiga ja veega.<\/p><p><strong>OHUTUSKASUTUSE EESKIRJAD:<\/strong><\/p><p>Palun kasutage alati ainult t\u00e4iskasvanu j\u00e4relevalve all, et tagada teie lapse turvalisus. Kontrollige regulaarselt v\u00f5imalike kahjustuste osas enne iga kasutamist. Visake v\u00f5i l\u00f5petage kasutamine esimese kulumise v\u00f5i kahjustuse m\u00e4rgi ilmnemisel.<\/p>\n\t\t\t\t\t<\/div>\n\t\t\t\t\t\t<\/div>\n\t\t\t\t<\/div>\n\t\t\t\t<div class=\"elementor-element elementor-element-38cad82 elementor-widget-divider--view-line elementor-widget elementor-widget-divider\" data-id=\"38cad82\" data-element_type=\"widget\" data-widget_type=\"divider.default\">\n\t\t\t\t<div class=\"elementor-widget-container\">\n\t\t\t\t\t\t\t<div class=\"elementor-divider\">\n\t\t\t<span class=\"elementor-divider-separator\">\n\t\t\t\t\t\t<\/span>\n\t\t<\/div>\n\t\t\t\t\t\t<\/div>\n\t\t\t\t<\/div>\n\t\t\t\t\t<\/div>\n\t\t<\/div>\n\t\t\t\t\t<\/div>\n\t\t<\/section>\n\t\t\t\t<\/div>\n\t\t","protected":false},"excerpt":{"rendered":"<p>Hooldussoovitused ja ohutus Pid\u017eaamakotid, Padjad, Kallistuse m\u00e4nguasjad, Kaisulapid, Kr\u00f5bisevad m\u00e4nguasjad, Riidest k\u00f5ristid, Kodukaunistused HOOLDUS: \u2022 Allergiliste reaktsioonide v\u00e4ltimiseks kasutage vedelaid<\/p>\n","protected":false},"author":1,"featured_media":0,"parent":0,"menu_order":0,"comment_status":"closed","ping_status":"closed","template":"","meta":{"footnotes":""},"class_list":["post-11855","page","type-page","status-publish","hentry"],"_links":{"self":[{"href":"https:\/\/tinyknit.eu\/et\/wp-json\/wp\/v2\/pages\/11855","targetHints":{"allow":["GET"]}}],"collection":[{"href":"https:\/\/tinyknit.eu\/et\/wp-json\/wp\/v2\/pages"}],"about":[{"href":"https:\/\/tinyknit.eu\/et\/wp-json\/wp\/v2\/types\/page"}],"author":[{"embeddable":true,"href":"https:\/\/tinyknit.eu\/et\/wp-json\/wp\/v2\/users\/1"}],"replies":[{"embeddable":true,"href":"https:\/\/tinyknit.eu\/et\/wp-json\/wp\/v2\/comments?post=11855"}],"version-history":[{"count":6,"href":"https:\/\/tinyknit.eu\/et\/wp-json\/wp\/v2\/pages\/11855\/revisions"}],"predecessor-version":[{"id":24763,"href":"https:\/\/tinyknit.eu\/et\/wp-json\/wp\/v2\/pages\/11855\/revisions\/24763"}],"wp:attachment":[{"href":"https:\/\/tinyknit.eu\/et\/wp-json\/wp\/v2\/media?parent=11855"}],"curies":[{"name":"wp","href":"https:\/\/api.w.org\/{rel}","templated":true}]}}