{"id":11326,"date":"2023-02-25T18:54:39","date_gmt":"2023-02-25T18:54:39","guid":{"rendered":"https:\/\/tinyknit.eu\/?page_id=11326"},"modified":"2024-11-11T07:39:13","modified_gmt":"2024-11-11T07:39:13","slug":"privaatsuspoliitika","status":"publish","type":"page","link":"https:\/\/tinyknit.eu\/et\/privaatsuspoliitika\/","title":{"rendered":"Privaatsuspoliitika"},"content":{"rendered":"<p>K\u00e4esoleva privaatsuspoliitika tingimused kehtivad Baltiny O\u00dc (edaspidi tinyknit.eu) kodulehel\/e-poes (www.tinyknit.eu). Privaatsuspoliitika p\u00f5him\u00f5tted k\u00e4sitlevad klientide isikuandmete kogumist, kasutamist, avaldamist, edastamist ja talletamist (edaspidi koos nimetatud \u201et\u00f6\u00f6tlemine\u201c).<br \/>\nIsikuandmeid t\u00f6\u00f6deldakse vaid koosk\u00f5las \u00f5igusaktides kehtestatud n\u00f5uetega ning rakendades k\u00f5iki ettevaatusabin\u00f5usid isikuandmete kaitsmiseks.<br \/>\nVeebilehe kasutamisega kinnitab klient oma n\u00f5ustumist k\u00e4esoleva privaatsuspoliitikaga.<\/p>\n<p>&nbsp;<\/p>\n<p>1. Isikuandmete t\u00f6\u00f6tleja kontaktandmed Baltiny O\u00dc (edaspidi tinyknit.eu)<br \/>\n\u00c4riregistri kood: 16972194<br \/>\nAadress: : Harju maakond, Tallinn, P\u00f5hja-Tallinna linnaosa, S\u00f5le tn 45-18, 10311<br \/>\nE-posti aadress: info@tinyknit.eu<\/p>\n<p>2. Isikuandmete kogumine ja t\u00f6\u00f6tlemine<br \/>\nIsikuandmetena k\u00e4sitleb tinyknit.eu k\u00f5iki andmeid, mis k\u00e4ivad tuvastatud v\u00f5i tuvastatava f\u00fc\u00fcsilise isiku kohta. Need h\u00f5lmavad:<br \/>\nEes- ja perekonnanimi<br \/>\nAadress<br \/>\nTelefoninumber<br \/>\nE-maili aadress<br \/>\nIsikukood<br \/>\nInfo kliendi sooritatud ostude kohta tinyknit.eu kauplustes ja e-poes<br \/>\ntinyknit.eu edastab klientidele uudiskirju ja pakkumisi \u00fcksnes juhul, kui klient on selleks n\u00f5usoleku andnud. Kliendil on \u00f5igus nimetatud n\u00f5usolek igal ajal tagasi v\u00f5tta.<\/p>\n<p>tinyknit.eu-il on \u00f5igus edastada isikuandmeid:<\/p>\n<p>transpordiettev\u00f5tetele, kui see on vajalik kliendi e-poest sooritatud ostu kliendile kohaletoimetamiseks<\/p>\n<p>seadusega etten\u00e4htud juhtudel j\u00e4relevalve- ja uurimisasutustele kohtutele, kohtuv\u00e4liste vaidluste lahendamise organitele, v\u00f5lgade sissen\u00f5udmisega tegelevatele ettev\u00f5tetele<\/p>\n<p>tinyknit.eu koost\u00f6\u00f6partneritele turunduslike teadete edastamiseks (v.a. juhul, kui klient ei ole andnud n\u00f5usolekut uudiskirjade ja pakkumiste saamiseks)<\/p>\n<p>tinyknit.eu j\u00e4rgib ja tagab, et k\u00f5ik koost\u00f6\u00f6partnerid, kellele kliendi isikuandmeid k\u00e4esoleva privaatsuspoliitika alusel edastatakse, on lepinguga kohustatud edastatud isikuandmeid konfidentsiaalsuses hoidma ning tagama isikuandmete kaitse vastavalt isikuandmete kaitse seadusele.<br \/>\nKliendil on \u00f5igus tutvuda tema kohta kogutud andmetega, n\u00f5uda tema isikuandmete parandamist v\u00f5i isikuandmete t\u00f6\u00f6tlemise l\u00f5petamist igal ajal.<br \/>\nKui klient leiab, et isikuandmete t\u00f6\u00f6tlemisel on rikutud tema \u00f5igusi, on tal \u00f5igus p\u00f6\u00f6rduda rikkumise l\u00f5petamise n\u00f5udega tinyknit.eu, Andmekaitse Inspektsiooni v\u00f5i kohtu poole.<\/p>\n<p>3. Muude andmete kogumine<br \/>\ntinyknit.eu kogub ka isikustmata andmeid, mille puhul ei ole isik tuvastatav (n\u00e4iteks sugu, vanus, asukoht). Neid andmeid kogutakse ja t\u00f6\u00f6deldakse eesm\u00e4rgiga anal\u00fc\u00fcsida k\u00fclastajate mahtu ja nende ostuk\u00e4itumist, et oleks v\u00f5imalik vajadusel parandada ja arendada tinyknit.eu-i poolt pakutavaid tooteid ja teenuseid.<\/p>\n<p>4. Andmete kogumisviisid<br \/>\nIsiku- ja isikustamata andmete kogumine v\u00f5ib toimuda allj\u00e4rgnevatel viisidel:<\/p>\n<p>Kontaktandmete esitamisel tinyknit.eu kauplustes v\u00f5i e-poes<br \/>\nVeebilehe kasutamisel kasutaja kontoinfo v\u00f5i k\u00fcpsiste (cookies) kaudu<br \/>\nOstu, hinnap\u00e4ringu v\u00f5i tellimuse sooritamisel tinyknit.eu kaupluses v\u00f5i e-poes<\/p>\n<p>5. Turvalisus<br \/>\nK\u00f5iki tinyknit.eu teatavaks saanud klientide isikuandmeid k\u00e4sitletakse kui konfidentsiaalset infot. Juurdep\u00e4\u00e4s isikuandmete t\u00f6\u00f6tlemiseks ja muutmiseks on ainult selleks volitatud isikutel ning tinyknit.eu rakendab k\u00f5iki ettevaatusabin\u00f5usid (sh administratiivseid, tehnilisi ja f\u00fc\u00fcsilisi meetmeid) kliendi isikuandmete kaitsmiseks.<\/p>\n<p>6. Privaatsuspoliitika muudatused<br \/>\ntinyknit.eu j\u00e4tab endale \u00f5iguse privaatsuspoliitika tingimusi muuta, avaldades muudetud privaatsuspoliitika oma kodulehel. tinyknit.eu tagab, et s\u00f5ltumata mistahes muudatustest on klientide isikuandmete seadusj\u00e4rgne kaitse tagatud. K\u00f5igi privaatsuspoliitika v\u00f5i andmet\u00f6\u00f6tluse kohta tekkivate k\u00fcsimuste v\u00f5i muredega palume v\u00f5tta meiega \u00fchendust aadressil info@tinyknit.eu<\/p>\n<p>7. Teie ettev\u00f5te on isikuandmete vastutav t\u00f6\u00f6tleja, Teie ettev\u00f5te edastab maksete teostamiseks vajalikud isikuandmed volitatud t\u00f6\u00f6tleja Maksekeskus AS-ile<\/p>\n","protected":false},"excerpt":{"rendered":"<p>K\u00e4esoleva privaatsuspoliitika tingimused kehtivad Baltiny O\u00dc (edaspidi tinyknit.eu) kodulehel\/e-poes (www.tinyknit.eu). Privaatsuspoliitika p\u00f5him\u00f5tted k\u00e4sitlevad klientide isikuandmete kogumist, kasutamist, avaldamist, edastamist ja<\/p>\n","protected":false},"author":1,"featured_media":0,"parent":0,"menu_order":0,"comment_status":"closed","ping_status":"closed","template":"","meta":{"footnotes":""},"class_list":["post-11326","page","type-page","status-publish","hentry"],"_links":{"self":[{"href":"https:\/\/tinyknit.eu\/et\/wp-json\/wp\/v2\/pages\/11326","targetHints":{"allow":["GET"]}}],"collection":[{"href":"https:\/\/tinyknit.eu\/et\/wp-json\/wp\/v2\/pages"}],"about":[{"href":"https:\/\/tinyknit.eu\/et\/wp-json\/wp\/v2\/types\/page"}],"author":[{"embeddable":true,"href":"https:\/\/tinyknit.eu\/et\/wp-json\/wp\/v2\/users\/1"}],"replies":[{"embeddable":true,"href":"https:\/\/tinyknit.eu\/et\/wp-json\/wp\/v2\/comments?post=11326"}],"version-history":[{"count":3,"href":"https:\/\/tinyknit.eu\/et\/wp-json\/wp\/v2\/pages\/11326\/revisions"}],"predecessor-version":[{"id":22843,"href":"https:\/\/tinyknit.eu\/et\/wp-json\/wp\/v2\/pages\/11326\/revisions\/22843"}],"wp:attachment":[{"href":"https:\/\/tinyknit.eu\/et\/wp-json\/wp\/v2\/media?parent=11326"}],"curies":[{"name":"wp","href":"https:\/\/api.w.org\/{rel}","templated":true}]}}