{"id":11319,"date":"2023-02-25T18:54:10","date_gmt":"2023-02-25T18:54:10","guid":{"rendered":"https:\/\/tinyknit.eu\/?page_id=11319"},"modified":"2024-05-01T05:31:12","modified_gmt":"2024-05-01T05:31:12","slug":"muugitingimused","status":"publish","type":"page","link":"https:\/\/tinyknit.eu\/et\/muugitingimused\/","title":{"rendered":"M\u00fc\u00fcgitingimused"},"content":{"rendered":"<h3><strong>1. M\u00fc\u00fcgitingimuste kehtivus<\/strong><\/h3>\n<p>1.1 M\u00fc\u00fcgitingimused kehtivad tinyknit.eu veebipoest ostja (edaspidi Tarbija) ja ettev\u00f5tja Baltiny O\u00dc (edaspidi Veebipood tinyknit.eu) vahel kaupade ja teenuste ostmisel.<\/p>\n<p>1.2 Lisaks k\u00e4esolevatele tingimustele reguleerivad tinyknit.eu veebipoest toodete ostmisel tekkivaid \u00f5igussuhteid Eesti Vabariigis kehtivad v\u00f5la\u00f5igusseadus (edaspidi V\u00d5S), tarbijakaitseseadus (edaspidi TKS) ja teised \u00f5igusaktid.<\/p>\n<p>1.3 Veebipood tinyknit.eu j\u00e4tab endale \u00f5iguse teha m\u00fc\u00fcgitingimustes muudatusi. Nimetatud muudatusi kajastatakse veebilehel tinyknit.eu<\/p>\n<h3><strong>2. Hinnainfo ja Makseviisid<\/strong><\/h3>\n<p>2.1 K\u00f5ik hinnad tinyknit.eu veebipoes sisaldavad 22% lisandv\u00e4\u00e4rtusmaksu.<\/p>\n<p>2.2 Hinnad kehtivad tellimuse vormistamisest kuni vormistatud tellimuse makset\u00e4htaja aegumiseni (2 p\u00e4ev p\u00e4rast tellimuse vormistamist).<\/p>\n<p>2.3 Veebipood tinyknit.eu j\u00e4tab endale \u00f5iguse teha m\u00fc\u00fcgihindades muudatusi. Nimetatud muudatusi kajastatakse veebilehel tinyknit.eu<\/p>\n<p>2.4 Hinnale lisandub tasu kauba k\u00e4ttetoimetamise eest. Kauba k\u00e4ttetoimetamise tasu s\u00f5ltub ostja asukohast ning k\u00e4ttetoimetamise viisist. K\u00e4ttetoimetamise tasu kuvatakse ostjale tellimuse vormistamisel.<\/p>\n<p>2.5 Tellimuse eest saab turvaliselt tasuda Eesti pangalinkide abil (Swedbank, SEB, Luminor, Danske, LHV, Coop ja Pocopay).<\/p>\n<p>2.6 Makse toimub v\u00e4ljaspool e-poodi teenusepakkuja Maksekeskus AS turvalises maksekeskonnas.<\/p>\n<p>2.7 M\u00fc\u00fcjal puudub ligip\u00e4\u00e4s kliendi pangaandmetele ja krediitkaardi andmetele.<\/p>\n<p>2.8 Maksmine toimub eurodes.<\/p>\n<h3><strong>3. Tellimuse vormistamine<\/strong><\/h3>\n<p>3.1 Lisage soovitud tooted ostukorvi.<\/p>\n<p>3.2 Tellimuse vormistamiseks vajutage k\u00f5igepealt ostukorvis lingile \u201eVormista tellimus\u02ee.<\/p>\n<p>3.3 Tellimuse vormistamise lehel t\u00e4itke n\u00f5utud andmev\u00e4ljad, valige teile sobiv toodete kohaletoimetamise viis. Seej\u00e4rel kuvatakse ekraanile arve, mille saate tasuda mugavalt pangalingi kaudu (Swedbank, SEB, Nordea vm) v\u00f5i teiste makselahenduste abil pankades euromaksena. Andmed euromakse sooritamiseks koos k\u00f5igi kehtivate riiklike maksudega ja lisanduvate tasudega leiate p\u00e4rast tellimuse kinnitamist ekraanile kuvatud arvelt.<\/p>\n<p>3.4 T\u00e4itke andmete ja tellimuse kinnituse lehek\u00fcljel olevad lahtrid t\u00e4helepanelikult, sest esitatud informatsiooni t\u00e4psusest ja \u00f5igsusest s\u00f5ltub Teie ostetud toodete kiire ja t\u00f5rgeteta kohaletoimetamine ning hilisem vaidluste ja pretensioonide lahendamine.<\/p>\n<p>3.5 Veebipoes sooritatud tellimusi k\u00e4sitletakse iga p\u00e4ev 9.00\u221217.00 (v.a. riiklikud p\u00fchad).<\/p>\n<h3><strong>4. M\u00fc\u00fcgilepingu j\u00f5ustumine<\/strong><\/h3>\n<p>4.1 Kauba m\u00fc\u00fcgilepinguga kohustub veebipood tinyknit.eu andma Tarbijale \u00fcle olemasoleva, valmistatava v\u00f5i veebipood tinyknit.eu poolt tulevikus omandatava Kauba ning tegema v\u00f5imalikuks omandi \u00fclemineku Tarbijale, Tarbija aga kohustub veebipood tinyknit.eu sele tasuma Kauba eest esitatud arvel n\u00e4idatud summa ja v\u00f5tma Kauba vastu.<\/p>\n<p>4.2 Tellimused, mille eest ei ole tasutud, annulleeritakse 48 tunni m\u00f6\u00f6dudes alates tellimuse vormistamisest.<\/p>\n<p>4.3 M\u00fc\u00fcgileping j\u00f5ustub p\u00e4rast Tarbija tehtud makse laekumist Veebipoe pangakontole.<\/p>\n<h3><strong>5. Kohaletoimetamine<\/strong><\/h3>\n<p>5.1 P\u00e4rast m\u00fc\u00fcgilepingu j\u00f5ustumist komplekteerib veebipood tinyknit.eu tellimuse ning annab selle kohaletoimetamiseks \u00fcle ettev\u00f5tte logistikapartneritele.<\/p>\n<p>5.2 E-poe veebilehel n\u00e4idatud kohaletoimetamise t\u00e4htajad kehtivad tellimuse summa laekumise hetkest Veebipoe pangakontole.<\/p>\n<p>5.3 Viivitusteta kohaletoimetamiseks tuleb olla hoolas ning tellimuse vormistamisel esitada kohaletoimetamise andmete sisestamisel t\u00f5ele vastavad ning kehtivad andmed.<\/p>\n<p>5.4 Veebipood tinyknit.eu ei vastuta kauba kohaletoimetamise viibimise eest juhul, kui kaup on logistikapartneritele \u00fcle antud \u00f5igel ajal, kuid kohaletoimetamise viibimine on tingitud asjaoludest, mida veebipood tinyknit.eu ei saanud m\u00f5jutada ega ette n\u00e4ha.<\/p>\n<p>5.5 Kliendil on v\u00f5imalik tellimuse kohaletoimetamiseks valida Kuller \u201cDoor-to-door\u201d v\u00f5i Tulen ise j\u00e4rgi Poodi.<\/p>\n<p>5.5.1 Tarnes v\u00f5ib esineda 3-8 p\u00e4eva ooteaeg.<\/p>\n<p>5.6 Tellimuse kohaletoimetamine Kuller \u201cDoor-to-door\u201d.<\/p>\n<p>5.6.1 Tellimuse hinnale lisandub kohaletoimetamise tasu<\/p>\n<p>5.7 Juhul, kui klient avastab kauba k\u00e4ttesaamisel, et talle on saadetud vale v\u00f5i defektne kaup v\u00f5i kaup ei j\u00f5ua kliendini heas seisukorras ja kinnises pakendis, tuleb sellest koheselt e-poodi teavitada, saates vastavasisulise kirja e-posti aadressile info@tinyknit.eu<\/p>\n<h3><strong>6. Tagastamis\u00f5igus<\/strong><\/h3>\n<p>6.1 P\u00e4rast tellimuse k\u00e4ttesaamist on ostjal \u00f5igus e-poes s\u00f5lmitud lepingust taganeda 14 p\u00e4eva jooksul.<\/p>\n<p>6.2 Ostetud kaup ei kuulu tagastamisele, kui kaup on spetsiaalselt kliendile eritellimuse alusel valmistatud v\u00f5i ostetud.<\/p>\n<p>6.3 Taganemis\u00f5igus ei kohaldu, kui ostjaks on juriidiline isik.<\/p>\n<p>6.4 14-p\u00e4evase tagastamis\u00f5iguse kasutamiseks ei tohi tellitud kaupa kasutada muul viisil kui on vajalik kauba olemuses, omadustes ja toimimises veendumiseks viisil nagu see on lubatud kauba testimiseks f\u00fc\u00fcsilises poes.<\/p>\n<p>6.5 Kui kaupa on kasutatud muuks otstarbeks kui on vajalik kauba olemuses, omadustes ja toimimises veendumiseks v\u00f5i sellel on kasutamise v\u00f5i kulumise m\u00e4rke, on Veebipoel \u00f5igus alandada tagastatavat tasu vastavalt kauba v\u00e4\u00e4rtuse v\u00e4henemisele.<\/p>\n<p>6.6 Kauba tagastamiseks tuleb esitada kauba ostmisest taganemise avaldus ning saata see e-posti aadressile info@tinyknit.eu hiljemalt 14 p\u00e4eva jooksul kauba k\u00e4ttesaamisest.<\/p>\n<p>6.6 Kauba tagastamise kulud kannab ostja, v\u00e4lja arvatud juhul, kui tagastamise p\u00f5hjus seisneb asjaolus, et tagastamisele kuuluv asi ei vasta tellitule (nt vale v\u00f5i defektiga asi).<\/p>\n<p>6.7 Ostja peab kauba tagastama avalduse esitamisele j\u00e4rgneva 14 p\u00e4eva jooksul v\u00f5i esitama t\u00f5endi, et ta on eelnimetatud perioodi jooksul kauba \u00fcle andnud kauba vedajale.<\/p>\n<p>6.8 Veebipood tagastab tagastatava kauba k\u00e4ttesaamisel ostjale viivitamata, kuid mitte hiljem kui 14 p\u00e4eva m\u00f6\u00f6dumisel arvates taganemisavalduse saamisest, k\u00f5ik ostjalt lepingu alusel saadud tasud.<\/p>\n<p>6.9 Veebipood v\u00f5ib keelduda tagasimaksete tegemisest seni, kuni on lepingu esemeks oleva asja tagasi saanud v\u00f5i kuni ostja on esitanud t\u00f5endid, et on asja tagasi saatnud, s\u00f5ltuvalt sellest, kumb toimub varem.<\/p>\n<p>6.10 Kui ostja on s\u00f5naselgelt valinud Veebipoe pakutud k\u00f5ige odavamast tavap\u00e4rasest asja k\u00e4ttetoimetamise viisist erineva k\u00e4ttetoimetamise viisi, ei pea Veebipood tarbijale tagastama kulu, mis \u00fcletab tavap\u00e4rase k\u00e4ttetoimetamise viisiga seotud kulu.<\/p>\n<p>6.11 Veebipoel on \u00f5igus taganeda m\u00fc\u00fcgitehingust ning n\u00f5uda ostjalt tagasi kaup, kui kauba hind veebipoes on eksituse t\u00f5ttu m\u00e4rgitud oluliselt alla kauba turuhinna.<\/p>\n<h3><strong>7. V\u00e4\u00e4ramatu j\u00f5ud<\/strong><\/h3>\n<p>7.1 Veebipood tinyknit.eu ei vastuta Tellijale tekitatud kahjude v\u00f5i kauba kohaletoimetamise viibimise eest juhul, kui kahju v\u00f5i kauba kohaletoimetamise viibimine on tingitud asjaoludest, mida veebipood tinyknit.eu ei saanud m\u00f5jutada v\u00f5i ette n\u00e4ha.<\/p>\n<h3><strong>8. Isikuandmete t\u00f6\u00f6tlemine<\/strong><\/h3>\n<p>8.1 Tarbija annab veebipoes andmeid sisestades ning vastava kinnitusega \u00f5iguse koguda ja t\u00f6\u00f6delda Tarbija isikuandmeid (nimi, kontakttelefon, paki k\u00e4ttetoimetamise ja\/v\u00f5i kodune aadress, e-postiaadress) ning edastada logistikapartnerile isikuandmeid kauba kohaletoimetamiseks.<\/p>\n<p>8.2 Veebipoel tinyknit.eu on \u00f5igus kasutada Tarbija elu- v\u00f5i asukoha aadressi reklaami ja muu informatsiooni edastamiseks Tarbijale.<\/p>\n<p>8.3 Tarbijal on igal ajal \u00f5igus keelata oma isikuandmete kogumine ning kasutamine, v\u00e4lja arvatud juhul, kui see on vajalik lepingust tuleneva n\u00f5ude sissen\u00f5udmiseks v\u00f5i kauba kohaletoimetamiseks.<\/p>\n<p>8.4 Elektrooniliste isikuandmete kasutamine otsepostituseks toimub ainult siis, kui Tarbija on selle jaoks andnud eraldi n\u00f5usoleku veebilehel tinyknit.eu. Ostjal on igal ajal v\u00f5imalik loobuda e-postile saadetavatest pakkumistest ja uudiskirjadest andes sellest meile teada e-kirja teel v\u00f5i j\u00e4rgides pakkumisi sisaldava e-kirjas toodud juhiseid.<\/p>\n<h3><strong>9. Pretensioonide esitamise kord<\/strong><\/h3>\n<p>9.1 Veebipood vastutab ostjale m\u00fc\u00fcdud kauba lepingutingimustele mittevastavuse v\u00f5i puuduse eest, mis oli olemas juba asja \u00fcleandmise hetkel ning mis ilmneb kuni kahe aasta jooksul, alates kauba \u00fcleandmisest ostjale. ellest esimese kuue kuu jooksul asja \u00fcleandmisest ostjale eeldatakse, et puudus oli olemas juba asja \u00fcleandmise ajal. Vastava eelduse \u00fcmberl\u00fckkamine on Veebipoe kohustus.<\/p>\n<p>9.2 Tarbijal on \u00f5igus puuduse ilmnemisel p\u00f6\u00f6rduda hiljemalt kahe kuu jooksul veebipood tinyknit.eu poole, esitades arve, mille alusel kauba ostu eest tasuti.<\/p>\n<p>9.3 Kaubal puuduse ilmnemisel palume l\u00f5petada kauba kasutamise.<\/p>\n<p>9.4 Puudusega kauba parandamise v\u00f5i asendamise lepivad veebipood tinyknit.eu ja Tarbija omavahel kokku.<\/p>\n<p>9.5 Veebipood tinyknit.eu ei vastuta Tarbija s\u00fc\u00fcl tootel tekkinud puuduste eest, mis on tekkinud toote mitten\u00f5uetekohase hoiustamise v\u00f5i mitte eesm\u00e4rgip\u00e4rase kasutamise tulemusena.<\/p>\n<p>9.6 Toote n\u00f5uetele mittevastavuse v\u00f5i puuduste ilmnemisel palume edastada tinyknit.eu e-postiaadressile pretensiooni, kus on m\u00e4rgitud tellimuse esitaja nimi, kontakttelefon, tellimuse number ja toote tingimustele mittevastavuse v\u00f5i puuduse t\u00e4pne kirjeldus.<\/p>\n<p>9.7 Pretensioon toote n\u00f5uetele mittevastavuse v\u00f5i puuduste avastamise kohta peab olema esitatud kahe kuu jooksul alates toote n\u00f5uetele mittevastavuse v\u00f5i puuduse avastamisest.<\/p>\n<p>9.8 K\u00f5ik pretensioonid vaadatakse l\u00e4bi ja Tarbijaga v\u00f5etakse \u00fchendust esimesel v\u00f5imalusel, kuid mitte hiljem kui 14 p\u00e4eva jooksul alates pretensiooni k\u00e4ttesaamisest.<\/p>\n<p>9.9 Tarbijal on \u00f5igus n\u00f5uda veebipoelt tinyknit.eu ostuhinna alandamist v\u00f5i lepingu l\u00f5petamist ja kauba eest raha tagasi n\u00f5uda, kui veebipoel tinyknit.eu ei ole v\u00f5imalik kaupa parandada v\u00f5i asendada, kauba parandamine v\u00f5i asendamine eba\u00f5nnestub.<\/p>\n<h3><strong>10. Vaidluste lahendamine<\/strong><\/h3>\n<p>Kui ostjal on Veebipoe osas pretensioone, tuleb need saata e-kirja aadressile info@tinyknit.eu<\/p>\n<p>Kui ostja ja Veebipood ei suuda lahenda vaidlust kokkuleppe teel, siis on ostjal v\u00f5imalik p\u00f6\u00f6rduda Tarbijavaidluste komisjoni poole. Menetlustingimustega saab tutvuda ning avaldust esitada siin. Tarbijavaidluste komisjoni p\u00e4devuses on lahendada ostja ja Veebipoe vahel s\u00f5lmitud lepingust tulenevaid vaidlusi. Ostja kaebuse l\u00e4bivaatamine komisjonis on tasuta.<\/p>\n","protected":false},"excerpt":{"rendered":"<p>1. M\u00fc\u00fcgitingimuste kehtivus 1.1 M\u00fc\u00fcgitingimused kehtivad tinyknit.eu veebipoest ostja (edaspidi Tarbija) ja ettev\u00f5tja Baltiny O\u00dc (edaspidi Veebipood tinyknit.eu) vahel kaupade<\/p>\n","protected":false},"author":1,"featured_media":0,"parent":0,"menu_order":0,"comment_status":"closed","ping_status":"closed","template":"","meta":{"footnotes":""},"class_list":["post-11319","page","type-page","status-publish","hentry"],"_links":{"self":[{"href":"https:\/\/tinyknit.eu\/et\/wp-json\/wp\/v2\/pages\/11319","targetHints":{"allow":["GET"]}}],"collection":[{"href":"https:\/\/tinyknit.eu\/et\/wp-json\/wp\/v2\/pages"}],"about":[{"href":"https:\/\/tinyknit.eu\/et\/wp-json\/wp\/v2\/types\/page"}],"author":[{"embeddable":true,"href":"https:\/\/tinyknit.eu\/et\/wp-json\/wp\/v2\/users\/1"}],"replies":[{"embeddable":true,"href":"https:\/\/tinyknit.eu\/et\/wp-json\/wp\/v2\/comments?post=11319"}],"version-history":[{"count":4,"href":"https:\/\/tinyknit.eu\/et\/wp-json\/wp\/v2\/pages\/11319\/revisions"}],"predecessor-version":[{"id":21519,"href":"https:\/\/tinyknit.eu\/et\/wp-json\/wp\/v2\/pages\/11319\/revisions\/21519"}],"wp:attachment":[{"href":"https:\/\/tinyknit.eu\/et\/wp-json\/wp\/v2\/media?parent=11319"}],"curies":[{"name":"wp","href":"https:\/\/api.w.org\/{rel}","templated":true}]}}