{"id":49388,"date":"2026-04-14T14:45:31","date_gmt":"2026-04-14T14:45:31","guid":{"rendered":"https:\/\/tinyknit.eu\/?post_type=product&#038;p=49388"},"modified":"2026-04-14T14:50:28","modified_gmt":"2026-04-14T14:50:28","slug":"juguete-de-peluche-de-ganchillo-conejo","status":"publish","type":"product","link":"https:\/\/tinyknit.eu\/es\/product\/hecho-por-encargo\/juguete-de-peluche-de-ganchillo-conejo\/","title":{"rendered":"Juguete de Peluche de Ganchillo \u2013 conejo"},"content":{"rendered":"<p>El <strong>Juguete de Peluche de Ganchillo<\/strong> es un mu\u00f1eco de felpa hecho a mano, elaborado con hilo suave y duradero. Su dise\u00f1o intrincado de ganchillo y colores vibrantes lo convierten en una adici\u00f3n \u00fanica y encantadora a cualquier colecci\u00f3n de juguetes. Perfecto para abrazar o como pieza decorativa, este peluche seguramente traer\u00e1 alegr\u00eda y comodidad a personas de todas las edades.<\/p>\n<p><strong>Caracter\u00edsticas:<\/strong><br \/>\n\u2022 El <strong>Juguete de Peluche de Ganchillo<\/strong> enriquece las sensaciones t\u00e1ctiles al combinar hilos con diferentes texturas, lo que ser\u00e1 interesante para el ni\u00f1o y le ayudar\u00e1 a explorar el mundo que lo rodea.<br \/>\n\u2022 Todos los juguetes est\u00e1n hechos con materiales hipoalerg\u00e9nicos, lo que los hace seguros para los ni\u00f1os.<br \/>\n\u2022 Este juguete tambi\u00e9n puede convertirse en una interesante adici\u00f3n a la decoraci\u00f3n de la habitaci\u00f3n de cualquier ni\u00f1o.<\/p>\n<p><strong>Altura:<\/strong> aprox. 24 cm (9,45\u2033)<br \/>\n<strong>Material:<\/strong> Este art\u00edculo est\u00e1 hecho a mano con hilo hipoalerg\u00e9nico, suave y de algod\u00f3n. Est\u00e1 relleno con holofibra y se fabrica en un hogar libre de humo y mascotas.<\/p>\n<p><strong>Hecho en Estonia, Uni\u00f3n Europea.<\/strong><\/p>\n<p><strong>El set contiene:<\/strong><br \/>\n\u2022 1x Juguete de Peluche de Ganchillo<\/p>\n<p><strong>\u00a1El regalo perfecto para beb\u00e9!<\/strong><br \/>\nEmpaque listo para regalo para cualquier baby shower, registro de beb\u00e9 o celebraci\u00f3n de cumplea\u00f1os.<\/p>\n<p><strong>Recomendaciones de cuidado:<\/strong><br \/>\n\u2022 Para prevenir reacciones al\u00e9rgicas, use detergentes l\u00edquidos e hipoalerg\u00e9nicos.<br \/>\n\u2022 Use el ciclo delicado de la lavadora y ajuste la temperatura a 30 grados durante 30 minutos.<br \/>\n\u2022 Despu\u00e9s de lavar, deje secar el juguete en plano.<\/p>\n","protected":false},"excerpt":{"rendered":"<p>El <strong>Juguete de Peluche de Ganchillo<\/strong> es un mu\u00f1eco de felpa hecho a mano, elaborado con hilo suave y duradero. Su dise\u00f1o intrincado de ganchillo y colores vibrantes lo convierten en una adici\u00f3n \u00fanica y encantadora a cualquier colecci\u00f3n de juguetes. Perfecto para abrazar o como pieza decorativa, este peluche seguramente traer\u00e1 alegr\u00eda y comodidad a personas de todas las edades.<\/p>\n","protected":false},"featured_media":49408,"comment_status":"open","ping_status":"closed","template":"","meta":[],"product_brand":[],"product_cat":[531,538],"product_tag":[],"class_list":{"0":"post-49388","1":"product","2":"type-product","3":"status-publish","4":"has-post-thumbnail","6":"product_cat-hecho-por-encargo","7":"product_cat-juguetes-de-peluche","9":"first","10":"onbackorder","11":"taxable","12":"shipping-taxable","13":"purchasable","14":"product-type-simple"},"_links":{"self":[{"href":"https:\/\/tinyknit.eu\/es\/wp-json\/wp\/v2\/product\/49388","targetHints":{"allow":["GET"]}}],"collection":[{"href":"https:\/\/tinyknit.eu\/es\/wp-json\/wp\/v2\/product"}],"about":[{"href":"https:\/\/tinyknit.eu\/es\/wp-json\/wp\/v2\/types\/product"}],"replies":[{"embeddable":true,"href":"https:\/\/tinyknit.eu\/es\/wp-json\/wp\/v2\/comments?post=49388"}],"version-history":[{"count":1,"href":"https:\/\/tinyknit.eu\/es\/wp-json\/wp\/v2\/product\/49388\/revisions"}],"predecessor-version":[{"id":49416,"href":"https:\/\/tinyknit.eu\/es\/wp-json\/wp\/v2\/product\/49388\/revisions\/49416"}],"wp:featuredmedia":[{"embeddable":true,"href":"https:\/\/tinyknit.eu\/es\/wp-json\/wp\/v2\/media\/49408"}],"wp:attachment":[{"href":"https:\/\/tinyknit.eu\/es\/wp-json\/wp\/v2\/media?parent=49388"}],"wp:term":[{"taxonomy":"product_brand","embeddable":true,"href":"https:\/\/tinyknit.eu\/es\/wp-json\/wp\/v2\/product_brand?post=49388"},{"taxonomy":"product_cat","embeddable":true,"href":"https:\/\/tinyknit.eu\/es\/wp-json\/wp\/v2\/product_cat?post=49388"},{"taxonomy":"product_tag","embeddable":true,"href":"https:\/\/tinyknit.eu\/es\/wp-json\/wp\/v2\/product_tag?post=49388"}],"curies":[{"name":"wp","href":"https:\/\/api.w.org\/{rel}","templated":true}]}}