{"id":47914,"date":"2026-04-05T18:43:49","date_gmt":"2026-04-05T18:43:49","guid":{"rendered":"https:\/\/tinyknit.eu\/?post_type=product&#038;p=47914"},"modified":"2026-04-05T19:00:05","modified_gmt":"2026-04-05T19:00:05","slug":"juguete-de-peluche-para-dormir-manta-pegaso","status":"publish","type":"product","link":"https:\/\/tinyknit.eu\/es\/product\/hecho-por-encargo\/juguete-de-peluche-para-dormir-manta-pegaso\/","title":{"rendered":"Juguete de Peluche para Dormir, Manta \u2013 Pegaso"},"content":{"rendered":"<p data-start=\"5289\" data-end=\"5542\"><strong data-start=\"5289\" data-end=\"5350\">\u00bfBuscas un amigo de sue\u00f1o \u00fanico y acogedor para tu peque?<\/strong><br data-start=\"5350\" data-end=\"5353\" \/>\u00a1No busques m\u00e1s! Este adorable juguete de ganchillo Pegasus es perfecto para abrazos al dormir y juegos durante el d\u00eda. Ideal como regalo para cualquier beb\u00e9 o ni\u00f1o, sin importar la edad.<\/p>\n<p data-start=\"5544\" data-end=\"6076\"><strong data-start=\"5544\" data-end=\"5564\">Caracter\u00edsticas:<\/strong><br data-start=\"5564\" data-end=\"5567\" \/>\u2022 <strong data-start=\"5569\" data-end=\"5597\">Conexi\u00f3n con los padres:<\/strong> Absorbe el olor de mam\u00e1 o pap\u00e1 al colocarlo cerca durante la lactancia o arrullo, ofreciendo consuelo incluso cuando no est\u00e1s presente.<br data-start=\"5733\" data-end=\"5736\" \/>\u2022 <strong data-start=\"5738\" data-end=\"5754\">Exploraci\u00f3n:<\/strong> Ofrece una rica experiencia t\u00e1ctil, estimulando la curiosidad y el descubrimiento del mundo.<br data-start=\"5847\" data-end=\"5850\" \/>\u2022 <strong data-start=\"5852\" data-end=\"5876\">Momentos memorables:<\/strong> Puede usarse como accesorio en fotos de reci\u00e9n nacidos.<br data-start=\"5932\" data-end=\"5935\" \/>\u2022 <strong data-start=\"5937\" data-end=\"5957\">Efecto calmante:<\/strong> Proporciona seguridad y confort d\u00eda y noche.<br data-start=\"6002\" data-end=\"6005\" \/>\u2022 <strong data-start=\"6007\" data-end=\"6029\">Alas desmontables:<\/strong> Incluye dos pares de alas f\u00e1ciles de quitar.<\/p>\n<p data-start=\"6078\" data-end=\"6268\"><strong data-start=\"6078\" data-end=\"6096\">Perfecto para:<\/strong><br data-start=\"6096\" data-end=\"6099\" \/>\u2022 Baby shower, listas de nacimiento, cumplea\u00f1os, Navidad u otras ocasiones especiales.<br data-start=\"6185\" data-end=\"6188\" \/>\u2022 Juguetes \u00fanicos que tambi\u00e9n decoran encantadoramente la habitaci\u00f3n del ni\u00f1o.<\/p>\n<p data-start=\"6270\" data-end=\"6544\"><strong data-start=\"6270\" data-end=\"6283\">Detalles:<\/strong><br data-start=\"6283\" data-end=\"6286\" \/>\u2022 <strong data-start=\"6288\" data-end=\"6299\">Tama\u00f1o:<\/strong> aprox. 45 cm<br data-start=\"6312\" data-end=\"6315\" \/>\u2022 <strong data-start=\"6317\" data-end=\"6330\">Material:<\/strong> 100 % microfibra de poli\u00e9ster (Oeko-Tex 100) y 100 % pelo sint\u00e9tico de poli\u00e9ster. Hipoalerg\u00e9nico, suave y seguro para ni\u00f1os.<br data-start=\"6455\" data-end=\"6458\" \/>\u2022 <strong data-start=\"6460\" data-end=\"6472\">Relleno:<\/strong> Holofiber<br data-start=\"6482\" data-end=\"6485\" \/>\u2022 Hecho en hogar libre de humo y mascotas en Estonia, UE.<\/p>\n<p data-start=\"6546\" data-end=\"6596\"><strong data-start=\"6546\" data-end=\"6566\">El set contiene:<\/strong><br data-start=\"6566\" data-end=\"6569\" \/>\u2022 1x Pegasus de ganchillo<\/p>\n<p data-start=\"6598\" data-end=\"6655\"><strong data-start=\"6598\" data-end=\"6653\">Empaque listo para regalo en cualquier celebraci\u00f3n!<\/strong><\/p>\n<p data-start=\"6657\" data-end=\"6829\"><strong data-start=\"6657\" data-end=\"6686\">Instrucciones de cuidado:<\/strong><br data-start=\"6686\" data-end=\"6689\" \/>\u2022 Usar detergente l\u00edquido e hipoalerg\u00e9nico.<br data-start=\"6732\" data-end=\"6735\" \/>\u2022 Lavar en ciclo delicado a 30 \u00b0C durante 30 minutos.<br data-start=\"6788\" data-end=\"6791\" \/>\u2022 Secar en plano despu\u00e9s del lavado.<\/p>\n","protected":false},"excerpt":{"rendered":"<p>\u00bfEst\u00e1s buscando un amigo \u00fanico y acogedor para que tu peque\u00f1o duerma? \u00a1No busques m\u00e1s, este lindo juguete de ganchillo es justo lo que necesitas! Es perfecto para abrazar a la hora de dormir y para divertirse durante el d\u00eda, convirti\u00e9ndolo en un regalo ideal para cualquier beb\u00e9 o ni\u00f1o, sin importar la edad.<\/p>\n","protected":false},"featured_media":47926,"comment_status":"open","ping_status":"closed","template":"","meta":[],"product_brand":[],"product_cat":[531,536],"product_tag":[],"class_list":{"0":"post-47914","1":"product","2":"type-product","3":"status-publish","4":"has-post-thumbnail","6":"product_cat-hecho-por-encargo","7":"product_cat-juguetes-para-abrazar","9":"first","10":"onbackorder","11":"taxable","12":"shipping-taxable","13":"purchasable","14":"product-type-simple"},"_links":{"self":[{"href":"https:\/\/tinyknit.eu\/es\/wp-json\/wp\/v2\/product\/47914","targetHints":{"allow":["GET"]}}],"collection":[{"href":"https:\/\/tinyknit.eu\/es\/wp-json\/wp\/v2\/product"}],"about":[{"href":"https:\/\/tinyknit.eu\/es\/wp-json\/wp\/v2\/types\/product"}],"replies":[{"embeddable":true,"href":"https:\/\/tinyknit.eu\/es\/wp-json\/wp\/v2\/comments?post=47914"}],"version-history":[{"count":1,"href":"https:\/\/tinyknit.eu\/es\/wp-json\/wp\/v2\/product\/47914\/revisions"}],"predecessor-version":[{"id":47968,"href":"https:\/\/tinyknit.eu\/es\/wp-json\/wp\/v2\/product\/47914\/revisions\/47968"}],"wp:featuredmedia":[{"embeddable":true,"href":"https:\/\/tinyknit.eu\/es\/wp-json\/wp\/v2\/media\/47926"}],"wp:attachment":[{"href":"https:\/\/tinyknit.eu\/es\/wp-json\/wp\/v2\/media?parent=47914"}],"wp:term":[{"taxonomy":"product_brand","embeddable":true,"href":"https:\/\/tinyknit.eu\/es\/wp-json\/wp\/v2\/product_brand?post=47914"},{"taxonomy":"product_cat","embeddable":true,"href":"https:\/\/tinyknit.eu\/es\/wp-json\/wp\/v2\/product_cat?post=47914"},{"taxonomy":"product_tag","embeddable":true,"href":"https:\/\/tinyknit.eu\/es\/wp-json\/wp\/v2\/product_tag?post=47914"}],"curies":[{"name":"wp","href":"https:\/\/api.w.org\/{rel}","templated":true}]}}