{"id":46846,"date":"2026-03-15T10:00:00","date_gmt":"2026-03-15T10:00:00","guid":{"rendered":"https:\/\/tinyknit.eu\/?post_type=product&#038;p=46846"},"modified":"2026-03-15T10:05:26","modified_gmt":"2026-03-15T10:05:26","slug":"juguete-de-peluche-para-dormir-manta-mapache","status":"publish","type":"product","link":"https:\/\/tinyknit.eu\/es\/product\/hecho-por-encargo\/juguete-de-peluche-para-dormir-manta-mapache\/","title":{"rendered":"Juguete de Peluche para Dormir, Manta \u2013 Mapache"},"content":{"rendered":"<p data-start=\"12549\" data-end=\"12872\"><strong data-start=\"12549\" data-end=\"12614\">\u00bfBuscas un compa\u00f1ero de sue\u00f1o \u00fanico y acogedor para tu peque?<\/strong> No tienes que buscar m\u00e1s, porque este adorable juguete de ganchillo es justo lo que necesitas. Es perfecto para acurrucarse a la hora de dormir y para divertirse durante el d\u00eda, por lo que es un regalo ideal para cualquier beb\u00e9 o ni\u00f1o, sin importar la edad.<\/p>\n<p data-start=\"12874\" data-end=\"13626\"><strong data-start=\"12874\" data-end=\"12894\">Caracter\u00edsticas:<\/strong><br data-start=\"12894\" data-end=\"12897\" \/>\u2022 Conexi\u00f3n con los padres. Capacidad para conservar el olor de mam\u00e1 o pap\u00e1. Coloca el juguete junto a tu beb\u00e9 mientras lo alimentas o lo meces y absorber\u00e1 tu aroma. As\u00ed, el beb\u00e9 siempre sentir\u00e1 tu cercan\u00eda, incluso cuando no est\u00e9s cerca.<br data-start=\"13134\" data-end=\"13137\" \/>\u2022 Exploraci\u00f3n. El juguete de mapache de ganchillo ofrece una rica experiencia t\u00e1ctil que capta el inter\u00e9s del ni\u00f1o y le ayuda a explorar el mundo que le rodea.<br data-start=\"13296\" data-end=\"13299\" \/>\u2022 Puede crear recuerdos maravillosos. Nuestros juguetes pueden utilizarse como accesorios para fotograf\u00edas de reci\u00e9n nacidos.<br data-start=\"13424\" data-end=\"13427\" \/>\u2022 Efecto calmante. El dou dou de mapache de ganchillo aporta confort y sensaci\u00f3n de seguridad al beb\u00e9 tanto de d\u00eda como de noche.<br data-start=\"13556\" data-end=\"13559\" \/>\u2022 El set incluye dos pares de alas que se pueden quitar f\u00e1cilmente.<\/p>\n<p data-start=\"13628\" data-end=\"13870\"><strong data-start=\"13628\" data-end=\"13646\">Perfecto para:<\/strong><br data-start=\"13646\" data-end=\"13649\" \/>\u2022 Un regalo maravilloso para baby shower, lista de nacimiento, cumplea\u00f1os, Navidad o cualquier otra ocasi\u00f3n.<br data-start=\"13757\" data-end=\"13760\" \/>\u2022 Un juguete \u00fanico que tambi\u00e9n puede ser un encantador complemento para la decoraci\u00f3n del dormitorio infantil.<\/p>\n<p data-start=\"13872\" data-end=\"14112\"><strong data-start=\"13872\" data-end=\"13883\">Tama\u00f1o:<\/strong> aprox. 60 x 17 cm (23,6 x 6,6&#8243;)<br data-start=\"13915\" data-end=\"13918\" \/><strong data-start=\"13918\" data-end=\"13927\">Hilo:<\/strong> 100 % micropoli\u00e9ster (Oeko-Tex Standard 100) y 100 % piel sint\u00e9tica de poli\u00e9ster. Hilo de felpa hipoalerg\u00e9nico. Muy suave, achuchable y seguro para los ni\u00f1os.<br data-start=\"14086\" data-end=\"14089\" \/><strong data-start=\"14089\" data-end=\"14101\">Relleno:<\/strong> holofiber.<\/p>\n<p data-start=\"14114\" data-end=\"14216\">Nuestros juguetes est\u00e1n hechos en un hogar sin humo y sin mascotas.<br data-start=\"14181\" data-end=\"14184\" \/>Hecho en Estonia, Uni\u00f3n Europea.<\/p>\n<p data-start=\"14218\" data-end=\"14278\"><strong data-start=\"14218\" data-end=\"14238\">El set contiene:<\/strong><br data-start=\"14238\" data-end=\"14241\" \/>\u2022 1 x dou dou de mapache de ganchillo<\/p>\n<p data-start=\"14280\" data-end=\"14395\"><strong data-start=\"14280\" data-end=\"14314\">\u00a1El regalo perfecto para beb\u00e9!<\/strong><br data-start=\"14314\" data-end=\"14317\" \/>Empaque listo para regalar para baby shower, lista de nacimiento o cumplea\u00f1os.<\/p>\n<p data-start=\"14397\" data-end=\"14660\"><strong data-start=\"14397\" data-end=\"14428\">Recomendaciones de cuidado:<\/strong><br data-start=\"14428\" data-end=\"14431\" \/>\u2022 Para prevenir reacciones al\u00e9rgicas, use detergentes l\u00edquidos e hipoalerg\u00e9nicos.<br data-start=\"14512\" data-end=\"14515\" \/>\u2022 Use el ciclo delicado de la lavadora y programe 30 \u00b0C durante 30 minutos.<br data-start=\"14590\" data-end=\"14593\" \/>\u2022 Despu\u00e9s del lavado, deje secar el juguete en posici\u00f3n horizontal.<\/p>\n","protected":false},"excerpt":{"rendered":"<p>\u00bfEst\u00e1s buscando un amigo \u00fanico y acogedor para que tu peque\u00f1o duerma? \u00a1No busques m\u00e1s, este lindo juguete de ganchillo es justo lo que necesitas! Es perfecto para abrazar a la hora de dormir y para divertirse durante el d\u00eda, convirti\u00e9ndolo en un regalo ideal para cualquier beb\u00e9 o ni\u00f1o, sin importar la edad.<\/p>\n","protected":false},"featured_media":46874,"comment_status":"open","ping_status":"closed","template":"","meta":[],"product_brand":[],"product_cat":[531,536],"product_tag":[],"class_list":{"0":"post-46846","1":"product","2":"type-product","3":"status-publish","4":"has-post-thumbnail","6":"product_cat-hecho-por-encargo","7":"product_cat-juguetes-para-abrazar","9":"first","10":"onbackorder","11":"taxable","12":"shipping-taxable","13":"purchasable","14":"product-type-simple"},"_links":{"self":[{"href":"https:\/\/tinyknit.eu\/es\/wp-json\/wp\/v2\/product\/46846","targetHints":{"allow":["GET"]}}],"collection":[{"href":"https:\/\/tinyknit.eu\/es\/wp-json\/wp\/v2\/product"}],"about":[{"href":"https:\/\/tinyknit.eu\/es\/wp-json\/wp\/v2\/types\/product"}],"replies":[{"embeddable":true,"href":"https:\/\/tinyknit.eu\/es\/wp-json\/wp\/v2\/comments?post=46846"}],"version-history":[{"count":1,"href":"https:\/\/tinyknit.eu\/es\/wp-json\/wp\/v2\/product\/46846\/revisions"}],"predecessor-version":[{"id":46883,"href":"https:\/\/tinyknit.eu\/es\/wp-json\/wp\/v2\/product\/46846\/revisions\/46883"}],"wp:featuredmedia":[{"embeddable":true,"href":"https:\/\/tinyknit.eu\/es\/wp-json\/wp\/v2\/media\/46874"}],"wp:attachment":[{"href":"https:\/\/tinyknit.eu\/es\/wp-json\/wp\/v2\/media?parent=46846"}],"wp:term":[{"taxonomy":"product_brand","embeddable":true,"href":"https:\/\/tinyknit.eu\/es\/wp-json\/wp\/v2\/product_brand?post=46846"},{"taxonomy":"product_cat","embeddable":true,"href":"https:\/\/tinyknit.eu\/es\/wp-json\/wp\/v2\/product_cat?post=46846"},{"taxonomy":"product_tag","embeddable":true,"href":"https:\/\/tinyknit.eu\/es\/wp-json\/wp\/v2\/product_tag?post=46846"}],"curies":[{"name":"wp","href":"https:\/\/api.w.org\/{rel}","templated":true}]}}