{"id":46805,"date":"2026-03-15T09:49:34","date_gmt":"2026-03-15T09:49:34","guid":{"rendered":"https:\/\/tinyknit.eu\/?post_type=product&#038;p=46805"},"modified":"2026-03-15T09:55:54","modified_gmt":"2026-03-15T09:55:54","slug":"juguete-de-peluche-para-dormir-manta-zorro-3","status":"publish","type":"product","link":"https:\/\/tinyknit.eu\/es\/product\/hecho-por-encargo\/juguete-de-peluche-para-dormir-manta-zorro-3\/","title":{"rendered":"Juguete de Peluche para Dormir, Manta \u2013 Zorro"},"content":{"rendered":"<p data-start=\"12457\" data-end=\"12780\"><strong data-start=\"12457\" data-end=\"12522\">\u00bfBuscas un compa\u00f1ero de sue\u00f1o \u00fanico y acogedor para tu peque?<\/strong> No tienes que buscar m\u00e1s, porque este adorable juguete de ganchillo es justo lo que necesitas. Es perfecto para acurrucarse a la hora de dormir y para divertirse durante el d\u00eda, por lo que es un regalo ideal para cualquier beb\u00e9 o ni\u00f1o, sin importar la edad.<\/p>\n<p data-start=\"12782\" data-end=\"13530\"><strong data-start=\"12782\" data-end=\"12802\">Caracter\u00edsticas:<\/strong><br data-start=\"12802\" data-end=\"12805\" \/>\u2022 Conexi\u00f3n con los padres. Capacidad para conservar el olor de mam\u00e1 o pap\u00e1. Coloca el juguete junto a tu beb\u00e9 mientras lo alimentas o lo meces y absorber\u00e1 tu aroma. As\u00ed, el beb\u00e9 siempre sentir\u00e1 tu cercan\u00eda, incluso cuando no est\u00e9s cerca.<br data-start=\"13042\" data-end=\"13045\" \/>\u2022 Exploraci\u00f3n. El juguete de zorro de ganchillo ofrece una rica experiencia t\u00e1ctil que capta el inter\u00e9s del ni\u00f1o y le ayuda a explorar el mundo que le rodea.<br data-start=\"13202\" data-end=\"13205\" \/>\u2022 Puede crear recuerdos maravillosos. Nuestros juguetes pueden utilizarse como accesorios para fotograf\u00edas de reci\u00e9n nacidos.<br data-start=\"13330\" data-end=\"13333\" \/>\u2022 Efecto calmante. El dou dou de zorro de ganchillo aporta confort y sensaci\u00f3n de seguridad al beb\u00e9 tanto de d\u00eda como de noche.<br data-start=\"13460\" data-end=\"13463\" \/>\u2022 El set incluye dos pares de alas que se pueden quitar f\u00e1cilmente.<\/p>\n<p data-start=\"13532\" data-end=\"13774\"><strong data-start=\"13532\" data-end=\"13550\">Perfecto para:<\/strong><br data-start=\"13550\" data-end=\"13553\" \/>\u2022 Un regalo maravilloso para baby shower, lista de nacimiento, cumplea\u00f1os, Navidad o cualquier otra ocasi\u00f3n.<br data-start=\"13661\" data-end=\"13664\" \/>\u2022 Un juguete \u00fanico que tambi\u00e9n puede ser un encantador complemento para la decoraci\u00f3n del dormitorio infantil.<\/p>\n<p data-start=\"13776\" data-end=\"14016\"><strong data-start=\"13776\" data-end=\"13787\">Tama\u00f1o:<\/strong> aprox. 60 x 17 cm (23,6 x 6,6&#8243;)<br data-start=\"13819\" data-end=\"13822\" \/><strong data-start=\"13822\" data-end=\"13831\">Hilo:<\/strong> 100 % micropoli\u00e9ster (Oeko-Tex Standard 100) y 100 % piel sint\u00e9tica de poli\u00e9ster. Hilo de felpa hipoalerg\u00e9nico. Muy suave, achuchable y seguro para los ni\u00f1os.<br data-start=\"13990\" data-end=\"13993\" \/><strong data-start=\"13993\" data-end=\"14005\">Relleno:<\/strong> holofiber.<\/p>\n<p data-start=\"14018\" data-end=\"14120\">Nuestros juguetes est\u00e1n hechos en un hogar sin humo y sin mascotas.<br data-start=\"14085\" data-end=\"14088\" \/>Hecho en Estonia, Uni\u00f3n Europea.<\/p>\n<p data-start=\"14122\" data-end=\"14180\"><strong data-start=\"14122\" data-end=\"14142\">El set contiene:<\/strong><br data-start=\"14142\" data-end=\"14145\" \/>\u2022 1 x dou dou de zorro de ganchillo<\/p>\n<p data-start=\"14182\" data-end=\"14297\"><strong data-start=\"14182\" data-end=\"14216\">\u00a1El regalo perfecto para beb\u00e9!<\/strong><br data-start=\"14216\" data-end=\"14219\" \/>Empaque listo para regalar para baby shower, lista de nacimiento o cumplea\u00f1os.<\/p>\n<p data-start=\"14299\" data-end=\"14562\"><strong data-start=\"14299\" data-end=\"14330\">Recomendaciones de cuidado:<\/strong><br data-start=\"14330\" data-end=\"14333\" \/>\u2022 Para prevenir reacciones al\u00e9rgicas, use detergentes l\u00edquidos e hipoalerg\u00e9nicos.<br data-start=\"14414\" data-end=\"14417\" \/>\u2022 Use el ciclo delicado de la lavadora y programe 30 \u00b0C durante 30 minutos.<br data-start=\"14492\" data-end=\"14495\" \/>\u2022 Despu\u00e9s del lavado, deje secar el juguete en posici\u00f3n horizontal.<\/p>\n","protected":false},"excerpt":{"rendered":"<p>\u00bfEst\u00e1s buscando un amigo \u00fanico y acogedor para que tu peque\u00f1o duerma? \u00a1No busques m\u00e1s, este lindo juguete de ganchillo es justo lo que necesitas! Es perfecto para abrazar a la hora de dormir y para divertirse durante el d\u00eda, convirti\u00e9ndolo en un regalo ideal para cualquier beb\u00e9 o ni\u00f1o, sin importar la edad.<\/p>\n","protected":false},"featured_media":46817,"comment_status":"open","ping_status":"closed","template":"","meta":[],"product_brand":[],"product_cat":[531,536],"product_tag":[],"class_list":{"0":"post-46805","1":"product","2":"type-product","3":"status-publish","4":"has-post-thumbnail","6":"product_cat-hecho-por-encargo","7":"product_cat-juguetes-para-abrazar","9":"first","10":"onbackorder","11":"taxable","12":"shipping-taxable","13":"purchasable","14":"product-type-simple"},"_links":{"self":[{"href":"https:\/\/tinyknit.eu\/es\/wp-json\/wp\/v2\/product\/46805","targetHints":{"allow":["GET"]}}],"collection":[{"href":"https:\/\/tinyknit.eu\/es\/wp-json\/wp\/v2\/product"}],"about":[{"href":"https:\/\/tinyknit.eu\/es\/wp-json\/wp\/v2\/types\/product"}],"replies":[{"embeddable":true,"href":"https:\/\/tinyknit.eu\/es\/wp-json\/wp\/v2\/comments?post=46805"}],"version-history":[{"count":1,"href":"https:\/\/tinyknit.eu\/es\/wp-json\/wp\/v2\/product\/46805\/revisions"}],"predecessor-version":[{"id":46841,"href":"https:\/\/tinyknit.eu\/es\/wp-json\/wp\/v2\/product\/46805\/revisions\/46841"}],"wp:featuredmedia":[{"embeddable":true,"href":"https:\/\/tinyknit.eu\/es\/wp-json\/wp\/v2\/media\/46817"}],"wp:attachment":[{"href":"https:\/\/tinyknit.eu\/es\/wp-json\/wp\/v2\/media?parent=46805"}],"wp:term":[{"taxonomy":"product_brand","embeddable":true,"href":"https:\/\/tinyknit.eu\/es\/wp-json\/wp\/v2\/product_brand?post=46805"},{"taxonomy":"product_cat","embeddable":true,"href":"https:\/\/tinyknit.eu\/es\/wp-json\/wp\/v2\/product_cat?post=46805"},{"taxonomy":"product_tag","embeddable":true,"href":"https:\/\/tinyknit.eu\/es\/wp-json\/wp\/v2\/product_tag?post=46805"}],"curies":[{"name":"wp","href":"https:\/\/api.w.org\/{rel}","templated":true}]}}