{"id":39193,"date":"2025-12-06T17:37:56","date_gmt":"2025-12-06T17:37:56","guid":{"rendered":"https:\/\/tinyknit.eu\/?post_type=product&#038;p=39193"},"modified":"2026-01-14T17:56:04","modified_gmt":"2026-01-14T17:56:04","slug":"juguete-de-peluche-para-dormir-manta-panda","status":"publish","type":"product","link":"https:\/\/tinyknit.eu\/es\/product\/hecho-por-encargo\/juguete-de-peluche-para-dormir-manta-panda\/","title":{"rendered":"Juguete de Peluche para Dormir, Manta \u2013 Panda"},"content":{"rendered":"<p data-start=\"6234\" data-end=\"6531\">\u00bfBuscas un amigo de sue\u00f1o \u00fanico y acogedor para tu peque\u00f1o? \u00a1No busques m\u00e1s! Este adorable juguete tejido a ganchillo es justo lo que necesitas. Es perfecto para abrazar a la hora de dormir y jugar durante el d\u00eda, convirti\u00e9ndose en un regalo ideal para cualquier beb\u00e9 o ni\u00f1o, sin importar la edad.<\/p>\n<p data-start=\"6533\" data-end=\"7136\"><strong data-start=\"6533\" data-end=\"6553\">Caracter\u00edsticas:<\/strong><br data-start=\"6553\" data-end=\"6556\" \/>\u2022\u00a0<strong data-start=\"3924\" data-end=\"3952\">Conexi\u00f3n con los padres.<\/strong>\u00a0Capacidad de conservar el olor de mam\u00e1 o pap\u00e1. Coloca el juguete junto a tu beb\u00e9 mientras lo alimentas o lo meces y absorber\u00e1 tu aroma. As\u00ed, el beb\u00e9 puede sentir tu cercan\u00eda incluso cuando no est\u00e1s.<br data-start=\"6766\" data-end=\"6769\" \/>\u2022\u00a0<strong data-start=\"4156\" data-end=\"4172\">Exploraci\u00f3n.<\/strong>\u00a0El juguete de ganchillo ofrece una rica experiencia t\u00e1ctil que capta el inter\u00e9s del ni\u00f1o y apoya su exploraci\u00f3n del mundo que lo rodea.<br data-start=\"6912\" data-end=\"6915\" \/>\u2022\u00a0<strong data-start=\"4313\" data-end=\"4343\">Crea recuerdos incre\u00edbles.<\/strong>\u00a0Nuestros juguetes pueden usarse como atrezzo para fotograf\u00edas de reci\u00e9n nacidos.<br data-start=\"7018\" data-end=\"7021\" \/>\u2022\u00a0<strong data-start=\"4429\" data-end=\"4460\">Confort que ayuda a calmar.<\/strong>\u00a0Un doudou de ganchillo puede aportar al beb\u00e9 una sensaci\u00f3n de confort y seguridad de d\u00eda y de noche.<\/p>\n<p data-start=\"7138\" data-end=\"7370\"><strong data-start=\"7138\" data-end=\"7156\">Perfecto para:<\/strong><br data-start=\"7156\" data-end=\"7159\" \/>\u2022 Un regalo maravilloso para baby shower, lista de nacimiento, cumplea\u00f1os, Navidad o cualquier otra ocasi\u00f3n.<br data-start=\"7267\" data-end=\"7270\" \/>\u2022 Juguete \u00fanico que tambi\u00e9n puede ser un encantador elemento decorativo para la habitaci\u00f3n infantil.<\/p>\n<p data-start=\"7372\" data-end=\"7581\"><strong data-start=\"7372\" data-end=\"7383\">Tama\u00f1o:<\/strong><br \/>\n\u2022 Manta de apego panda aprox. 38 cm (14,9\u201d)<br data-start=\"892\" data-end=\"895\" \/>\u2022 Peluche panda aprox. 33 cm (12,9\u201d)<br data-start=\"7404\" data-end=\"7407\" \/><strong data-start=\"7407\" data-end=\"7416\">Hilo:<\/strong> 100 % micro-poli\u00e9ster (Oeko-Tex 100 Standard) y 100 % poli\u00e9ster de imitaci\u00f3n de piel. Hipoalerg\u00e9nico, muy suave y seguro para los ni\u00f1os.<br data-start=\"7553\" data-end=\"7556\" \/><strong data-start=\"7556\" data-end=\"7568\">Relleno:<\/strong> Holofibra.<\/p>\n<p data-start=\"7583\" data-end=\"7667\">Hecho en un hogar libre de humo y mascotas.<br data-start=\"7626\" data-end=\"7629\" \/>Fabricado en Estonia, Uni\u00f3n Europea.<\/p>\n<p data-start=\"7917\" data-end=\"7975\"><strong data-start=\"7917\" data-end=\"7929\">Incluye:<\/strong><br data-start=\"7929\" data-end=\"7932\" \/>\u2022 1x manta de apego tejida a crochet o peluche<\/p>\n<p data-start=\"7977\" data-end=\"8095\"><strong data-start=\"7977\" data-end=\"8014\">\u00a1El regalo perfecto para un beb\u00e9!<\/strong><br data-start=\"8014\" data-end=\"8017\" \/>Empaque listo para regalar en baby shower, lista de nacimiento o cumplea\u00f1os.<\/p>\n<p data-start=\"8097\" data-end=\"8266\"><strong data-start=\"8097\" data-end=\"8128\">Recomendaciones de cuidado:<\/strong><br data-start=\"8128\" data-end=\"8131\" \/>\u2022 Usa detergentes l\u00edquidos e hipoalerg\u00e9nicos.<br data-start=\"8176\" data-end=\"8179\" \/>\u2022 Ciclo delicado de lavadora a 30 \u00b0C durante 30 minutos.<br data-start=\"8235\" data-end=\"8238\" \/>\u2022 Secar en superficie plana.<\/p>\n","protected":false},"excerpt":{"rendered":"<p>\u00bfEst\u00e1s buscando un amigo \u00fanico y acogedor para que tu peque\u00f1o duerma? \u00a1No busques m\u00e1s, este lindo juguete de ganchillo es justo lo que necesitas! Es perfecto para abrazar a la hora de dormir y para divertirse durante el d\u00eda, convirti\u00e9ndolo en un regalo ideal para cualquier beb\u00e9 o ni\u00f1o, sin importar la edad.<\/p>\n<p><iframe title=\"YouTube video player\" src=\"https:\/\/www.youtube.com\/embed\/R-aMVd7MFMw?si=FotXdXbQUjYLJn8R\" width=\"560\" height=\"315\" frameborder=\"0\" allowfullscreen=\"allowfullscreen\"><\/iframe><\/p>\n","protected":false},"featured_media":39277,"comment_status":"open","ping_status":"closed","template":"","meta":[],"product_brand":[],"product_cat":[531,538,536],"product_tag":[],"class_list":{"0":"post-39193","1":"product","2":"type-product","3":"status-publish","4":"has-post-thumbnail","6":"product_cat-hecho-por-encargo","7":"product_cat-juguetes-de-peluche","8":"product_cat-juguetes-para-abrazar","10":"first","11":"onbackorder","12":"taxable","13":"shipping-taxable","14":"purchasable","15":"product-type-variable"},"_links":{"self":[{"href":"https:\/\/tinyknit.eu\/es\/wp-json\/wp\/v2\/product\/39193","targetHints":{"allow":["GET"]}}],"collection":[{"href":"https:\/\/tinyknit.eu\/es\/wp-json\/wp\/v2\/product"}],"about":[{"href":"https:\/\/tinyknit.eu\/es\/wp-json\/wp\/v2\/types\/product"}],"replies":[{"embeddable":true,"href":"https:\/\/tinyknit.eu\/es\/wp-json\/wp\/v2\/comments?post=39193"}],"version-history":[{"count":2,"href":"https:\/\/tinyknit.eu\/es\/wp-json\/wp\/v2\/product\/39193\/revisions"}],"predecessor-version":[{"id":41675,"href":"https:\/\/tinyknit.eu\/es\/wp-json\/wp\/v2\/product\/39193\/revisions\/41675"}],"wp:featuredmedia":[{"embeddable":true,"href":"https:\/\/tinyknit.eu\/es\/wp-json\/wp\/v2\/media\/39277"}],"wp:attachment":[{"href":"https:\/\/tinyknit.eu\/es\/wp-json\/wp\/v2\/media?parent=39193"}],"wp:term":[{"taxonomy":"product_brand","embeddable":true,"href":"https:\/\/tinyknit.eu\/es\/wp-json\/wp\/v2\/product_brand?post=39193"},{"taxonomy":"product_cat","embeddable":true,"href":"https:\/\/tinyknit.eu\/es\/wp-json\/wp\/v2\/product_cat?post=39193"},{"taxonomy":"product_tag","embeddable":true,"href":"https:\/\/tinyknit.eu\/es\/wp-json\/wp\/v2\/product_tag?post=39193"}],"curies":[{"name":"wp","href":"https:\/\/api.w.org\/{rel}","templated":true}]}}