{"id":38800,"date":"2025-12-06T13:58:59","date_gmt":"2025-12-06T13:58:59","guid":{"rendered":"https:\/\/tinyknit.eu\/?post_type=product&#038;p=38800"},"modified":"2025-12-06T14:17:28","modified_gmt":"2025-12-06T14:17:28","slug":"decoracion-festiva-decoracion-navidena-calcetin-navideno","status":"publish","type":"product","link":"https:\/\/tinyknit.eu\/es\/product\/decoracion-para-el-hogar\/decoracion-festiva-decoracion-navidena-calcetin-navideno\/","title":{"rendered":"Decoraci\u00f3n festiva, decoraci\u00f3n navide\u00f1a \u2013 Calcet\u00edn navide\u00f1o"},"content":{"rendered":"<div class=\"flex-1 overflow-hidden\">\n<div class=\"react-scroll-to-bottom--css-puqei-79elbk h-full dark:bg-gray-800\">\n<div class=\"react-scroll-to-bottom--css-puqei-1n7m0yu\">\n<div class=\"flex flex-col text-sm dark:bg-gray-800\">\n<div class=\"group w-full text-token-text-primary border-b border-black\/10 gizmo:border-0 dark:border-gray-900\/50 gizmo:dark:border-0 bg-gray-50 gizmo:bg-transparent dark:bg-[#444654] gizmo:dark:bg-transparent\" data-testid=\"conversation-turn-9\">\n<div class=\"p-4 justify-center text-base md:gap-6 md:py-6 m-auto\">\n<div class=\"flex flex-1 gap-4 text-base mx-auto md:gap-6 gizmo:gap-3 gizmo:md:px-5 gizmo:lg:px-1 gizmo:xl:px-5 md:max-w-2xl lg:max-w-[38rem] gizmo:md:max-w-3xl gizmo:lg:max-w-[40rem] gizmo:xl:max-w-[48rem] xl:max-w-3xl }\">\n<div class=\"relative flex w-[calc(100%-50px)] flex-col gap-1 gizmo:w-full md:gap-3 lg:w-[calc(100%-115px)] agent-turn\">\n<div class=\"flex flex-grow flex-col gap-3 max-w-full\">\n<div class=\"min-h-[20px] flex flex-col items-start gap-3 whitespace-pre-wrap break-words overflow-x-auto\">\n<div class=\"markdown prose w-full break-words dark:prose-invert light\">\n<p data-start=\"7138\" data-end=\"7353\">Aporta calidez y encanto festivo a tu hogar con nuestra acogedora bota navide\u00f1a decorativa. Perfecta para la chimenea, un rinc\u00f3n festivo o una sesi\u00f3n fotogr\u00e1fica de temporada, a\u00f1ade un toque ideal de magia navide\u00f1a.<\/p>\n<p data-start=\"7355\" data-end=\"7570\">Elaborada con materiales de alta calidad, cuidadosamente tejida a ganchillo y dise\u00f1ada en un estilo navide\u00f1o cl\u00e1sico. Mantiene su forma de manera impecable y ser\u00e1 parte esencial de tu decoraci\u00f3n durante muchos a\u00f1os.<\/p>\n<p data-start=\"7572\" data-end=\"7813\"><strong data-start=\"7572\" data-end=\"7592\">Caracter\u00edsticas:<\/strong><br data-start=\"7592\" data-end=\"7595\" \/>\u2022 Ideal para peque\u00f1os regalos y sorpresas<br data-start=\"7636\" data-end=\"7639\" \/>\u2022 Paleta de colores c\u00e1lida y festiva<br data-start=\"7675\" data-end=\"7678\" \/>\u2022 Perfecta para chimeneas, paredes, estanter\u00edas o habitaciones infantiles<br data-start=\"7751\" data-end=\"7754\" \/>\u2022 Un regalo navide\u00f1o maravilloso para familiares y amigos<\/p>\n<p data-start=\"7815\" data-end=\"8003\"><strong data-start=\"7815\" data-end=\"7826\">Tama\u00f1o:<\/strong> aprox. 40 \u00d7 15 cm (15,7\u201d \u00d7 5,9\u201d)<br data-start=\"7859\" data-end=\"7862\" \/><strong data-start=\"7862\" data-end=\"7875\">Material:<\/strong> tejida a mano con hilo hipoalerg\u00e9nico de felpa y algod\u00f3n, rellena de holofibra. Elaborada en un hogar libre de humo y mascotas.<\/p>\n<p data-start=\"8005\" data-end=\"8037\">Hecho en Estonia, Uni\u00f3n Europea.<\/p>\n<p data-start=\"8039\" data-end=\"8090\"><strong data-start=\"8039\" data-end=\"8061\">Contenido del set:<\/strong><br data-start=\"8061\" data-end=\"8064\" \/>\u2022 1\u00d7 decoraci\u00f3n navide\u00f1a<\/p>\n<p data-start=\"8092\" data-end=\"8274\"><strong data-start=\"8092\" data-end=\"8123\">Recomendaciones de cuidado:<\/strong><br data-start=\"8123\" data-end=\"8126\" \/>\u2022 Usar ciclo delicado a 30 \u00b0C durante 30 minutos.<br data-start=\"8175\" data-end=\"8178\" \/>\u2022 Usar bolsa de lavado para evitar da\u00f1os.<br data-start=\"8219\" data-end=\"8222\" \/>\u2022 Secar en plano.<br data-start=\"8239\" data-end=\"8242\" \/>\u2022 No colgar, torcer ni planchar.<\/p>\n<\/div>\n<\/div>\n<\/div>\n<\/div>\n<\/div>\n<\/div>\n<\/div>\n<\/div>\n<\/div>\n<\/div>\n<\/div>\n","protected":false},"excerpt":{"rendered":"<p>Aporta calidez y encanto festivo a tu hogar con nuestra acogedora bota navide\u00f1a decorativa. Perfecta para la chimenea, un rinc\u00f3n festivo o una sesi\u00f3n fotogr\u00e1fica de temporada, a\u00f1ade un toque ideal de magia navide\u00f1a.<\/p>\n","protected":false},"featured_media":38860,"comment_status":"open","ping_status":"closed","template":"","meta":[],"product_brand":[],"product_cat":[530,531],"product_tag":[],"class_list":{"0":"post-38800","1":"product","2":"type-product","3":"status-publish","4":"has-post-thumbnail","6":"product_cat-decoracion-para-el-hogar","7":"product_cat-hecho-por-encargo","9":"first","10":"onbackorder","11":"taxable","12":"shipping-taxable","13":"purchasable","14":"product-type-variable"},"_links":{"self":[{"href":"https:\/\/tinyknit.eu\/es\/wp-json\/wp\/v2\/product\/38800","targetHints":{"allow":["GET"]}}],"collection":[{"href":"https:\/\/tinyknit.eu\/es\/wp-json\/wp\/v2\/product"}],"about":[{"href":"https:\/\/tinyknit.eu\/es\/wp-json\/wp\/v2\/types\/product"}],"replies":[{"embeddable":true,"href":"https:\/\/tinyknit.eu\/es\/wp-json\/wp\/v2\/comments?post=38800"}],"version-history":[{"count":1,"href":"https:\/\/tinyknit.eu\/es\/wp-json\/wp\/v2\/product\/38800\/revisions"}],"predecessor-version":[{"id":38892,"href":"https:\/\/tinyknit.eu\/es\/wp-json\/wp\/v2\/product\/38800\/revisions\/38892"}],"wp:featuredmedia":[{"embeddable":true,"href":"https:\/\/tinyknit.eu\/es\/wp-json\/wp\/v2\/media\/38860"}],"wp:attachment":[{"href":"https:\/\/tinyknit.eu\/es\/wp-json\/wp\/v2\/media?parent=38800"}],"wp:term":[{"taxonomy":"product_brand","embeddable":true,"href":"https:\/\/tinyknit.eu\/es\/wp-json\/wp\/v2\/product_brand?post=38800"},{"taxonomy":"product_cat","embeddable":true,"href":"https:\/\/tinyknit.eu\/es\/wp-json\/wp\/v2\/product_cat?post=38800"},{"taxonomy":"product_tag","embeddable":true,"href":"https:\/\/tinyknit.eu\/es\/wp-json\/wp\/v2\/product_tag?post=38800"}],"curies":[{"name":"wp","href":"https:\/\/api.w.org\/{rel}","templated":true}]}}