{"id":36576,"date":"2025-11-23T19:55:05","date_gmt":"2025-11-23T19:55:05","guid":{"rendered":"https:\/\/tinyknit.eu\/?post_type=product&#038;p=36576"},"modified":"2025-11-23T20:21:29","modified_gmt":"2025-11-23T20:21:29","slug":"juguete-de-peluche-tejido-a-crochet-juguete-abrazable-gnomos-de-navidad-juego-de-2-piezas","status":"publish","type":"product","link":"https:\/\/tinyknit.eu\/es\/product\/decoracion-para-el-hogar\/juguete-de-peluche-tejido-a-crochet-juguete-abrazable-gnomos-de-navidad-juego-de-2-piezas\/","title":{"rendered":"Juguete de Peluche Tejido a Crochet, Juguete Abrazable \u2013 Gnomos de Navidad (juego de 2 piezas)"},"content":{"rendered":"<div class=\"flex-shrink-0 flex flex-col relative items-end\">\n<div class=\"pt-0\">\n<div class=\"gizmo-bot-avatar flex h-8 w-8 items-center justify-center overflow-hidden rounded-full\">\n<div class=\"relative p-1 rounded-sm flex items-center justify-center bg-token-main-surface-primary text-token-text-primary h-8 w-8\">\n<p data-start=\"9541\" data-end=\"9804\">\u00a1Aporta un toque de acogedora magia navide\u00f1a a tu hogar con estos adorables gnomos de ganchillo hechos a mano! Cada gnomo est\u00e1 elaborado con la t\u00e9cnica amigurumi usando hilo suave y aterciopelado, lo que los hace esponjosos, texturizados y llenos de personalidad.<\/p>\n<p data-start=\"9806\" data-end=\"10039\"><strong>Caracter\u00edsticas:<\/strong><br data-start=\"9822\" data-end=\"9825\" \/>\u2022 Totalmente hecho a mano \u2014 tejido con amor y atenci\u00f3n al detalle.<br data-start=\"9891\" data-end=\"9894\" \/>\u2022 Hilo suave y de alta calidad \u2014 seguro, duradero y agradable al tacto.<br data-start=\"9965\" data-end=\"9968\" \/>\u2022 Estilo escandinavo \u2014 perfecto para la decoraci\u00f3n invernal y navide\u00f1a.<\/p>\n<p data-start=\"10041\" data-end=\"10093\"><strong>Tama\u00f1o:<\/strong><br data-start=\"10048\" data-end=\"10051\" \/>Gnomo peque\u00f1o: 24 cm<br data-start=\"10071\" data-end=\"10074\" \/>Gnomo grande: 30 cm<\/p>\n<p data-start=\"10095\" data-end=\"10245\"><strong>Material:<\/strong> Producto tejido a mano con hilo hipoalerg\u00e9nico, de peluche y algod\u00f3n. Relleno con holofibra. Elaborado en un hogar libre de humo y mascotas.<\/p>\n<p data-start=\"10247\" data-end=\"10279\"><strong>Hecho en Estonia, Uni\u00f3n Europea.<\/strong><\/p>\n<p data-start=\"10281\" data-end=\"10339\"><strong>El set incluye:<\/strong><br data-start=\"10296\" data-end=\"10299\" \/>\u2022 1\u00d7 Gnomos de Navidad (set de 2 piezas)<\/p>\n<p data-start=\"10341\" data-end=\"10681\"><strong>Perfecto para:<\/strong><br data-start=\"10355\" data-end=\"10358\" \/>\u2022 Decorar el sal\u00f3n, estante, chimenea, habitaci\u00f3n infantil u oficina.<br data-start=\"10427\" data-end=\"10430\" \/>\u2022 A\u00f1adir un toque c\u00e1lido y festivo a tu hogar.<br data-start=\"10476\" data-end=\"10479\" \/>\u2022 Un regalo navide\u00f1o especial para familia, amigos o compa\u00f1eros.<br data-start=\"10543\" data-end=\"10546\" \/>\u2022 Coleccionistas de decoraci\u00f3n artesanal o de estilo escandinavo.<br data-start=\"10611\" data-end=\"10614\" \/>Nuestros juguetes se fabrican en un hogar libre de humo y mascotas.<\/p>\n<p data-start=\"10683\" data-end=\"11044\"><strong>Recomendaciones de cuidado:<\/strong><br data-start=\"10710\" data-end=\"10713\" \/>Para la seguridad de los ni\u00f1os, no utilizamos qu\u00edmicos antes del env\u00edo. Puedes lavarlo con un detergente adecuado. Tambi\u00e9n puedes usar vapor sin qu\u00edmicos.<br data-start=\"10867\" data-end=\"10870\" \/>\u2022 Utiliza detergentes l\u00edquidos e hipoalerg\u00e9nicos.<br data-start=\"10919\" data-end=\"10922\" \/>\u2022 Ciclo delicado a 30\u00b0C durante 30 minutos.<br data-start=\"10965\" data-end=\"10968\" \/>\u2022 Para evitar da\u00f1os, usa una bolsa de lavado.<br data-start=\"11013\" data-end=\"11016\" \/>\u2022 Secar en superficie plana.<\/p>\n<\/div>\n<\/div>\n<\/div>\n<\/div>\n","protected":false},"excerpt":{"rendered":"<p>\u00a1Aporta un toque de acogedora magia navide\u00f1a a tu hogar con estos adorables gnomos de ganchillo hechos a mano! Cada gnomo est\u00e1 elaborado con la t\u00e9cnica amigurumi usando hilo suave y aterciopelado, lo que los hace esponjosos, texturizados y llenos de personalidad.<\/p>\n<p><iframe title=\"YouTube video player\" src=\"https:\/\/www.youtube.com\/embed\/kdKQTc8hWAE?si=tR1h8f48rPcVOMxP\" width=\"560\" height=\"315\" frameborder=\"0\" allowfullscreen=\"allowfullscreen\"><\/iframe><\/p>\n","protected":false},"featured_media":36626,"comment_status":"open","ping_status":"closed","template":"","meta":[],"product_brand":[],"product_cat":[530,531,538],"product_tag":[],"class_list":{"0":"post-36576","1":"product","2":"type-product","3":"status-publish","4":"has-post-thumbnail","6":"product_cat-decoracion-para-el-hogar","7":"product_cat-hecho-por-encargo","8":"product_cat-juguetes-de-peluche","10":"first","11":"onbackorder","12":"taxable","13":"shipping-taxable","14":"purchasable","15":"product-type-variable"},"_links":{"self":[{"href":"https:\/\/tinyknit.eu\/es\/wp-json\/wp\/v2\/product\/36576","targetHints":{"allow":["GET"]}}],"collection":[{"href":"https:\/\/tinyknit.eu\/es\/wp-json\/wp\/v2\/product"}],"about":[{"href":"https:\/\/tinyknit.eu\/es\/wp-json\/wp\/v2\/types\/product"}],"replies":[{"embeddable":true,"href":"https:\/\/tinyknit.eu\/es\/wp-json\/wp\/v2\/comments?post=36576"}],"version-history":[{"count":1,"href":"https:\/\/tinyknit.eu\/es\/wp-json\/wp\/v2\/product\/36576\/revisions"}],"predecessor-version":[{"id":36755,"href":"https:\/\/tinyknit.eu\/es\/wp-json\/wp\/v2\/product\/36576\/revisions\/36755"}],"wp:featuredmedia":[{"embeddable":true,"href":"https:\/\/tinyknit.eu\/es\/wp-json\/wp\/v2\/media\/36626"}],"wp:attachment":[{"href":"https:\/\/tinyknit.eu\/es\/wp-json\/wp\/v2\/media?parent=36576"}],"wp:term":[{"taxonomy":"product_brand","embeddable":true,"href":"https:\/\/tinyknit.eu\/es\/wp-json\/wp\/v2\/product_brand?post=36576"},{"taxonomy":"product_cat","embeddable":true,"href":"https:\/\/tinyknit.eu\/es\/wp-json\/wp\/v2\/product_cat?post=36576"},{"taxonomy":"product_tag","embeddable":true,"href":"https:\/\/tinyknit.eu\/es\/wp-json\/wp\/v2\/product_tag?post=36576"}],"curies":[{"name":"wp","href":"https:\/\/api.w.org\/{rel}","templated":true}]}}