{"id":34426,"date":"2025-10-26T19:40:19","date_gmt":"2025-10-26T19:40:19","guid":{"rendered":"https:\/\/tinyknit.eu\/?post_type=product&#038;p=34426"},"modified":"2025-10-26T19:56:28","modified_gmt":"2025-10-26T19:56:28","slug":"juguete-de-peluche-para-dormir-manta-hedwig-buho","status":"publish","type":"product","link":"https:\/\/tinyknit.eu\/es\/product\/hecho-por-encargo\/juguete-de-peluche-para-dormir-manta-hedwig-buho\/","title":{"rendered":"Juguete de Peluche para Dormir, Manta \u2013 Hedwig (B\u00faho)"},"content":{"rendered":"<p data-start=\"6234\" data-end=\"6531\">\u00bfBuscas un amigo de sue\u00f1o \u00fanico y acogedor para tu peque\u00f1o? \u00a1No busques m\u00e1s! Este adorable juguete tejido a ganchillo es justo lo que necesitas. Es perfecto para abrazar a la hora de dormir y jugar durante el d\u00eda, convirti\u00e9ndose en un regalo ideal para cualquier beb\u00e9 o ni\u00f1o, sin importar la edad.<\/p>\n<p data-start=\"6533\" data-end=\"7136\"><strong data-start=\"6533\" data-end=\"6553\">Caracter\u00edsticas:<\/strong><br data-start=\"6553\" data-end=\"6556\" \/>\u2022 <strong data-start=\"6558\" data-end=\"6586\">Conexi\u00f3n con los padres.<\/strong> Capaz de conservar el olor de mam\u00e1 o pap\u00e1. Coloca el juguete junto al beb\u00e9 mientras lo alimentas o meces, y absorber\u00e1 tu aroma, haciendo que el peque\u00f1o sienta siempre tu cercan\u00eda.<br data-start=\"6766\" data-end=\"6769\" \/>\u2022 <strong data-start=\"6771\" data-end=\"6787\">Exploraci\u00f3n.<\/strong> El juguete de ganchillo Hedwig ofrece una experiencia t\u00e1ctil rica que capta el inter\u00e9s del ni\u00f1o y ayuda a explorar el mundo.<br data-start=\"6912\" data-end=\"6915\" \/>\u2022 <strong data-start=\"6917\" data-end=\"6931\">Recuerdos.<\/strong> Nuestros juguetes pueden utilizarse como accesorios para fotograf\u00eda de reci\u00e9n nacidos.<br data-start=\"7018\" data-end=\"7021\" \/>\u2022 <strong data-start=\"7023\" data-end=\"7043\">Efecto calmante.<\/strong> El mu\u00f1eco de apego Hedwig tejido a mano crea comodidad y seguridad para el beb\u00e9 d\u00eda y noche.<\/p>\n<p data-start=\"7138\" data-end=\"7370\"><strong data-start=\"7138\" data-end=\"7156\">Perfecto para:<\/strong><br data-start=\"7156\" data-end=\"7159\" \/>\u2022 Un regalo maravilloso para baby shower, lista de nacimiento, cumplea\u00f1os, Navidad o cualquier otra ocasi\u00f3n.<br data-start=\"7267\" data-end=\"7270\" \/>\u2022 Juguete \u00fanico que tambi\u00e9n puede ser un encantador elemento decorativo para la habitaci\u00f3n infantil.<\/p>\n<p data-start=\"7372\" data-end=\"7581\"><strong data-start=\"7372\" data-end=\"7383\">Tama\u00f1o:<\/strong> aprox. 35 cm (13,7\u201d)<br data-start=\"7404\" data-end=\"7407\" \/><strong data-start=\"7407\" data-end=\"7416\">Hilo:<\/strong> 100 % micro-poli\u00e9ster (Oeko-Tex 100 Standard) y 100 % poli\u00e9ster de imitaci\u00f3n de piel. Hipoalerg\u00e9nico, muy suave y seguro para los ni\u00f1os.<br data-start=\"7553\" data-end=\"7556\" \/><strong data-start=\"7556\" data-end=\"7568\">Relleno:<\/strong> Holofibra.<\/p>\n<p data-start=\"7583\" data-end=\"7667\">Hecho en un hogar libre de humo y mascotas.<br data-start=\"7626\" data-end=\"7629\" \/>Fabricado en Estonia, Uni\u00f3n Europea.<\/p>\n<p data-start=\"7669\" data-end=\"7712\">Hay tres estilos disponibles \u2013 ver fotos.<\/p>\n<p data-start=\"7714\" data-end=\"7915\"><strong data-start=\"7714\" data-end=\"7727\">Estilo #1<\/strong> \u2013 Cuerpo gris fr\u00edo con bufanda a juego<br data-start=\"7766\" data-end=\"7769\" \/><strong data-start=\"7769\" data-end=\"7782\">Estilo #2<\/strong> \u2013 Cuerpo blanco, pico y patas gris fr\u00edo, bufanda colorida<br data-start=\"7840\" data-end=\"7843\" \/><strong data-start=\"7843\" data-end=\"7856\">Estilo #3<\/strong> \u2013 Cuerpo blanco, pico y patas marrones, bufanda colorida<\/p>\n<p data-start=\"7917\" data-end=\"7975\"><strong data-start=\"7917\" data-end=\"7929\">Incluye:<\/strong><br data-start=\"7929\" data-end=\"7932\" \/>\u2022 1x Mu\u00f1eco de apego Hedwig tejido a mano<\/p>\n<p data-start=\"7977\" data-end=\"8095\"><strong data-start=\"7977\" data-end=\"8014\">\u00a1El regalo perfecto para un beb\u00e9!<\/strong><br data-start=\"8014\" data-end=\"8017\" \/>Empaque listo para regalar en baby shower, lista de nacimiento o cumplea\u00f1os.<\/p>\n<p data-start=\"8097\" data-end=\"8266\"><strong data-start=\"8097\" data-end=\"8128\">Recomendaciones de cuidado:<\/strong><br data-start=\"8128\" data-end=\"8131\" \/>\u2022 Usa detergentes l\u00edquidos e hipoalerg\u00e9nicos.<br data-start=\"8176\" data-end=\"8179\" \/>\u2022 Ciclo delicado de lavadora a 30 \u00b0C durante 30 minutos.<br data-start=\"8235\" data-end=\"8238\" \/>\u2022 Secar en superficie plana.<\/p>\n","protected":false},"excerpt":{"rendered":"<p>\u00bfEst\u00e1s buscando un amigo \u00fanico y acogedor para que tu peque\u00f1o duerma? \u00a1No busques m\u00e1s, este lindo juguete de ganchillo es justo lo que necesitas! Es perfecto para abrazar a la hora de dormir y para divertirse durante el d\u00eda, convirti\u00e9ndolo en un regalo ideal para cualquier beb\u00e9 o ni\u00f1o, sin importar la edad.<\/p>\n<p><iframe title=\"YouTube video player\" src=\"https:\/\/www.youtube.com\/embed\/6J_-fvB8jiU?si=Fe8wKpvAN9gsrWAX\" width=\"560\" height=\"315\" frameborder=\"0\" allowfullscreen=\"allowfullscreen\"><\/iframe><\/p>\n","protected":false},"featured_media":34438,"comment_status":"open","ping_status":"closed","template":"","meta":[],"product_brand":[],"product_cat":[531,536],"product_tag":[],"class_list":{"0":"post-34426","1":"product","2":"type-product","3":"status-publish","4":"has-post-thumbnail","6":"product_cat-hecho-por-encargo","7":"product_cat-juguetes-para-abrazar","9":"first","10":"onbackorder","11":"taxable","12":"shipping-taxable","13":"purchasable","14":"product-type-variable"},"_links":{"self":[{"href":"https:\/\/tinyknit.eu\/es\/wp-json\/wp\/v2\/product\/34426","targetHints":{"allow":["GET"]}}],"collection":[{"href":"https:\/\/tinyknit.eu\/es\/wp-json\/wp\/v2\/product"}],"about":[{"href":"https:\/\/tinyknit.eu\/es\/wp-json\/wp\/v2\/types\/product"}],"replies":[{"embeddable":true,"href":"https:\/\/tinyknit.eu\/es\/wp-json\/wp\/v2\/comments?post=34426"}],"version-history":[{"count":1,"href":"https:\/\/tinyknit.eu\/es\/wp-json\/wp\/v2\/product\/34426\/revisions"}],"predecessor-version":[{"id":34561,"href":"https:\/\/tinyknit.eu\/es\/wp-json\/wp\/v2\/product\/34426\/revisions\/34561"}],"wp:featuredmedia":[{"embeddable":true,"href":"https:\/\/tinyknit.eu\/es\/wp-json\/wp\/v2\/media\/34438"}],"wp:attachment":[{"href":"https:\/\/tinyknit.eu\/es\/wp-json\/wp\/v2\/media?parent=34426"}],"wp:term":[{"taxonomy":"product_brand","embeddable":true,"href":"https:\/\/tinyknit.eu\/es\/wp-json\/wp\/v2\/product_brand?post=34426"},{"taxonomy":"product_cat","embeddable":true,"href":"https:\/\/tinyknit.eu\/es\/wp-json\/wp\/v2\/product_cat?post=34426"},{"taxonomy":"product_tag","embeddable":true,"href":"https:\/\/tinyknit.eu\/es\/wp-json\/wp\/v2\/product_tag?post=34426"}],"curies":[{"name":"wp","href":"https:\/\/api.w.org\/{rel}","templated":true}]}}