{"id":34041,"date":"2025-09-25T18:07:55","date_gmt":"2025-09-25T18:07:55","guid":{"rendered":"https:\/\/tinyknit.eu\/?post_type=product&#038;p=34041"},"modified":"2025-09-27T20:17:10","modified_gmt":"2025-09-27T20:17:10","slug":"pequeno-peluche-dormilon-manta-de-consuelo-hipopotamo","status":"publish","type":"product","link":"https:\/\/tinyknit.eu\/es\/product\/hecho-por-encargo\/pequeno-peluche-dormilon-manta-de-consuelo-hipopotamo\/","title":{"rendered":"Peque\u00f1o Peluche Dormil\u00f3n, Manta de Consuelo \u2013 Hipop\u00f3tamo"},"content":{"rendered":"<p>\u00bfEst\u00e1s buscando un amigo de dormir \u00fanico y acogedor para tu peque\u00f1o? \u00a1No busques m\u00e1s, ya que este adorable juguete tejido a crochet es justo lo que necesitas! Es perfecto para abrazos durante la hora de dormir y para jugar durante el d\u00eda, convirti\u00e9ndolo en el regalo ideal para cualquier beb\u00e9 o ni\u00f1o, sin importar su edad.<\/p>\n<p><strong>Caracter\u00edsticas:<\/strong><\/p>\n<ul>\n<li>El juguete dormil\u00f3n enriquece las sensaciones t\u00e1ctiles, ya que combina hilos de diferentes texturas, lo que resultar\u00e1 interesante para el ni\u00f1o y le ayudar\u00e1 a aprender sobre el mundo que lo rodea.<\/li>\n<li>Todos los juguetes est\u00e1n hechos con materiales hipoalerg\u00e9nicos, lo que los hace seguros para los ni\u00f1os.<\/li>\n<li>Este juguete puede convertirse en un complemento interesante para la decoraci\u00f3n de cualquier habitaci\u00f3n infantil.<\/li>\n<\/ul>\n<p><strong>Tama\u00f1o:<\/strong> aprox. 35 cm (13,77\u201c)<br \/>\n<strong>Material:<\/strong> Este art\u00edculo est\u00e1 hecho a mano con hilo hipoalerg\u00e9nico, felpa y algod\u00f3n. Est\u00e1 relleno con holofibra y se elabora en un hogar libre de humo y mascotas.<\/p>\n<p><strong>Fabricado en Estonia, Uni\u00f3n Europea.<\/strong><\/p>\n<p><strong>El set contiene:<\/strong><\/p>\n<ul>\n<li>1x Juguete Dormil\u00f3n<\/li>\n<\/ul>\n<p><strong>\u00a1El Regalo Perfecto para el Beb\u00e9!<\/strong><br \/>\nEmpaque listo para regalar, ideal para un baby shower, registro de beb\u00e9 o celebraci\u00f3n de cumplea\u00f1os.<\/p>\n<p><strong>Recomendaciones de cuidado:<\/strong><\/p>\n<ul>\n<li>Para evitar reacciones al\u00e9rgicas, utiliza detergentes l\u00edquidos e hipoalerg\u00e9nicos.<\/li>\n<li>Lava en la lavadora usando un ciclo delicado, a una temperatura de 30 grados durante 30 minutos.<\/li>\n<li>Despu\u00e9s del lavado, coloca el juguete en posici\u00f3n horizontal para que se seque.<\/li>\n<\/ul>\n","protected":false},"excerpt":{"rendered":"<p>\u00bfEst\u00e1s buscando un amigo de dormir \u00fanico y acogedor para tu peque\u00f1o? \u00a1No busques m\u00e1s, ya que este adorable juguete tejido a crochet es justo lo que necesitas! Es perfecto para abrazos durante la hora de dormir y para jugar durante el d\u00eda, convirti\u00e9ndolo en el regalo ideal para cualquier beb\u00e9 o ni\u00f1o, sin importar su edad.<\/p>\n","protected":false},"featured_media":34069,"comment_status":"open","ping_status":"closed","template":"","meta":[],"product_brand":[],"product_cat":[531,536,532],"product_tag":[],"class_list":{"0":"post-34041","1":"product","2":"type-product","3":"status-publish","4":"has-post-thumbnail","6":"product_cat-hecho-por-encargo","7":"product_cat-juguetes-para-abrazar","8":"product_cat-mini-amigos","10":"first","11":"onbackorder","12":"taxable","13":"shipping-taxable","14":"purchasable","15":"product-type-variable"},"_links":{"self":[{"href":"https:\/\/tinyknit.eu\/es\/wp-json\/wp\/v2\/product\/34041","targetHints":{"allow":["GET"]}}],"collection":[{"href":"https:\/\/tinyknit.eu\/es\/wp-json\/wp\/v2\/product"}],"about":[{"href":"https:\/\/tinyknit.eu\/es\/wp-json\/wp\/v2\/types\/product"}],"replies":[{"embeddable":true,"href":"https:\/\/tinyknit.eu\/es\/wp-json\/wp\/v2\/comments?post=34041"}],"version-history":[{"count":2,"href":"https:\/\/tinyknit.eu\/es\/wp-json\/wp\/v2\/product\/34041\/revisions"}],"predecessor-version":[{"id":34268,"href":"https:\/\/tinyknit.eu\/es\/wp-json\/wp\/v2\/product\/34041\/revisions\/34268"}],"wp:featuredmedia":[{"embeddable":true,"href":"https:\/\/tinyknit.eu\/es\/wp-json\/wp\/v2\/media\/34069"}],"wp:attachment":[{"href":"https:\/\/tinyknit.eu\/es\/wp-json\/wp\/v2\/media?parent=34041"}],"wp:term":[{"taxonomy":"product_brand","embeddable":true,"href":"https:\/\/tinyknit.eu\/es\/wp-json\/wp\/v2\/product_brand?post=34041"},{"taxonomy":"product_cat","embeddable":true,"href":"https:\/\/tinyknit.eu\/es\/wp-json\/wp\/v2\/product_cat?post=34041"},{"taxonomy":"product_tag","embeddable":true,"href":"https:\/\/tinyknit.eu\/es\/wp-json\/wp\/v2\/product_tag?post=34041"}],"curies":[{"name":"wp","href":"https:\/\/api.w.org\/{rel}","templated":true}]}}