{"id":33736,"date":"2025-08-30T14:05:51","date_gmt":"2025-08-30T14:05:51","guid":{"rendered":"https:\/\/tinyknit.eu\/?post_type=product&#038;p=33736"},"modified":"2025-08-30T14:18:26","modified_gmt":"2025-08-30T14:18:26","slug":"clutch-de-nube-de-ganchillo-con-cierre-metalico-oculto-color-miel","status":"publish","type":"product","link":"https:\/\/tinyknit.eu\/es\/product\/bolsos-de-mano-de-ganchillo\/clutch-de-nube-de-ganchillo-con-cierre-metalico-oculto-color-miel\/","title":{"rendered":"Clutch de nube de ganchillo con cierre met\u00e1lico oculto \u2013 color miel"},"content":{"rendered":"<p data-start=\"3524\" data-end=\"3854\">Conoce tu nuevo accesorio favorito \u2014 un clutch de macram\u00e9 de ganchillo que combina el encanto bohemio con la elegancia moderna. Cuidadosamente hecho a mano con toques brillantes de lurex y una suave textura tejida, este bolso estilo \u201cdumpling\u201d es el complemento perfecto para el verano y una pieza llamativa durante todo el a\u00f1o.<\/p>\n<p data-start=\"3856\" data-end=\"3970\">Con un cierre met\u00e1lico oculto, este clutch ofrece seguridad adicional y un detalle refinado que eleva su dise\u00f1o.<\/p>\n<p data-start=\"3972\" data-end=\"4196\">Ya sea en Pascua, un cumplea\u00f1os, el D\u00eda de la Madre, A\u00f1o Nuevo o San Valent\u00edn \u2014 este clutch de ganchillo es un regalo especial que a\u00f1ade encanto a cualquier celebraci\u00f3n \u2014 y tambi\u00e9n funciona como un precioso bolso de noche.<\/p>\n<p data-start=\"4198\" data-end=\"4551\">\u2728 <strong data-start=\"4200\" data-end=\"4221\">Estiloso y \u00fanico:<\/strong> cada bolso est\u00e1 hecho a mano con cuidado y atenci\u00f3n.<br data-start=\"4274\" data-end=\"4277\" \/>\u2728 <strong data-start=\"4279\" data-end=\"4304\">Funcional y vers\u00e1til:<\/strong> \u00fasalo como neceser, bolso de noche o clutch de diario.<br data-start=\"4359\" data-end=\"4362\" \/>\u2728 <strong data-start=\"4364\" data-end=\"4392\">Texturizado y llamativo:<\/strong> el ganchillo y el efecto tipo paja le aportan un aire org\u00e1nico y bohemio.<br data-start=\"4466\" data-end=\"4469\" \/>\u2728 <strong data-start=\"4471\" data-end=\"4502\">Hecho a mano en Estonia, UE<\/strong> \u2014 apoyando la moda lenta y la artesan\u00eda local.<\/p>\n<p data-start=\"4553\" data-end=\"4689\"><strong data-start=\"4553\" data-end=\"4578\">Detalles del producto<\/strong><br data-start=\"4578\" data-end=\"4581\" \/>Tama\u00f1o: aprox. 28 \u00d7 15 \u00d7 10 cm (11\u201d \u00d7 5.9\u201d \u00d7 3.9\u201d)<br data-start=\"4631\" data-end=\"4634\" \/>Material: 100 % poli\u00e9ster con cierre met\u00e1lico oculto.<\/p>\n<p data-start=\"4691\" data-end=\"4743\">El set incluye:<br data-start=\"4706\" data-end=\"4709\" \/>\u2022 1x Elegante clutch color miel<\/p>\n<p data-start=\"4745\" data-end=\"5134\"><strong data-start=\"4745\" data-end=\"4775\">Recomendaciones de cuidado<\/strong><br data-start=\"4775\" data-end=\"4778\" \/>\u2022 Limpiar \u00fanicamente con un pa\u00f1o h\u00famedo y jab\u00f3n suave.<br data-start=\"4832\" data-end=\"4835\" \/>\u2022 No lavar a m\u00e1quina ni secar en secadora.<br data-start=\"4877\" data-end=\"4880\" \/>\u2022 Evitar la exposici\u00f3n prolongada al sol.<br data-start=\"4921\" data-end=\"4924\" \/>\u2022 Guardar en un lugar fresco y seco.<br data-start=\"4960\" data-end=\"4963\" \/>\u2022 No sobrecargar para mantener la forma.<br data-start=\"5003\" data-end=\"5006\" \/>\u2022 Mantener alejado de objetos punzantes.<br data-start=\"5046\" data-end=\"5049\" \/>\u2022 Limpiar suavemente con un pa\u00f1o seco y suave.<br data-start=\"5095\" data-end=\"5098\" \/>\u2022 No colgar, retorcer ni planchar.<\/p>\n","protected":false},"excerpt":{"rendered":"<p>Conoce tu nuevo accesorio favorito \u2014 un clutch de macram\u00e9 de ganchillo que combina el encanto bohemio con la elegancia<\/p>\n","protected":false},"featured_media":33780,"comment_status":"open","ping_status":"closed","template":"","meta":[],"product_brand":[],"product_cat":[736],"product_tag":[],"class_list":{"0":"post-33736","1":"product","2":"type-product","3":"status-publish","4":"has-post-thumbnail","6":"product_cat-bolsos-de-mano-de-ganchillo","8":"first","9":"instock","10":"sale","11":"taxable","12":"shipping-taxable","13":"purchasable","14":"product-type-simple"},"_links":{"self":[{"href":"https:\/\/tinyknit.eu\/es\/wp-json\/wp\/v2\/product\/33736","targetHints":{"allow":["GET"]}}],"collection":[{"href":"https:\/\/tinyknit.eu\/es\/wp-json\/wp\/v2\/product"}],"about":[{"href":"https:\/\/tinyknit.eu\/es\/wp-json\/wp\/v2\/types\/product"}],"replies":[{"embeddable":true,"href":"https:\/\/tinyknit.eu\/es\/wp-json\/wp\/v2\/comments?post=33736"}],"version-history":[{"count":1,"href":"https:\/\/tinyknit.eu\/es\/wp-json\/wp\/v2\/product\/33736\/revisions"}],"predecessor-version":[{"id":33796,"href":"https:\/\/tinyknit.eu\/es\/wp-json\/wp\/v2\/product\/33736\/revisions\/33796"}],"wp:featuredmedia":[{"embeddable":true,"href":"https:\/\/tinyknit.eu\/es\/wp-json\/wp\/v2\/media\/33780"}],"wp:attachment":[{"href":"https:\/\/tinyknit.eu\/es\/wp-json\/wp\/v2\/media?parent=33736"}],"wp:term":[{"taxonomy":"product_brand","embeddable":true,"href":"https:\/\/tinyknit.eu\/es\/wp-json\/wp\/v2\/product_brand?post=33736"},{"taxonomy":"product_cat","embeddable":true,"href":"https:\/\/tinyknit.eu\/es\/wp-json\/wp\/v2\/product_cat?post=33736"},{"taxonomy":"product_tag","embeddable":true,"href":"https:\/\/tinyknit.eu\/es\/wp-json\/wp\/v2\/product_tag?post=33736"}],"curies":[{"name":"wp","href":"https:\/\/api.w.org\/{rel}","templated":true}]}}