{"id":27552,"date":"2025-04-05T19:37:46","date_gmt":"2025-04-05T19:37:46","guid":{"rendered":"https:\/\/tinyknit.eu\/?post_type=product&#038;p=27552"},"modified":"2025-04-05T19:43:27","modified_gmt":"2025-04-05T19:43:27","slug":"set-de-3-panuelos-de-algodon-muselina","status":"publish","type":"product","link":"https:\/\/tinyknit.eu\/es\/product\/panuelos-de-algodon-muselina\/set-de-3-panuelos-de-algodon-muselina\/","title":{"rendered":"Set de 3 pa\u00f1uelos de algod\u00f3n muselina"},"content":{"rendered":"<p class=\"\" data-start=\"2229\" data-end=\"2483\">Nuestro pa\u00f1uelo de algod\u00f3n muselina es delicado para la piel del beb\u00e9. Tiene una textura agradable y es de alta calidad, hecho de tela 100 % algod\u00f3n muselina. Los pa\u00f1uelos de gasa se usan a menudo con reci\u00e9n nacidos, por ejemplo, para la baba o el sudor.<\/p>\n<p class=\"\" data-start=\"2485\" data-end=\"2700\"><strong data-start=\"2485\" data-end=\"2505\">Caracter\u00edsticas:<\/strong><br data-start=\"2505\" data-end=\"2508\" \/>\u2022 Naturalmente antibacteriano<br data-start=\"2537\" data-end=\"2540\" \/>\u2022 Ultra suave y transpirable<br data-start=\"2568\" data-end=\"2571\" \/>\u2022 Muy absorbente \u2013 elimina la humedad de la piel<br data-start=\"2619\" data-end=\"2622\" \/>\u2022 Seguro si el ni\u00f1o lo pone en la boca<br data-start=\"2660\" data-end=\"2663\" \/>\u2022 Se vuelve m\u00e1s suave con cada lavado<\/p>\n<p class=\"\" data-start=\"2702\" data-end=\"2757\"><strong data-start=\"2702\" data-end=\"2713\">Tama\u00f1o:<\/strong> ~27 x 27 cm<br data-start=\"2725\" data-end=\"2728\" \/><strong data-start=\"2728\" data-end=\"2743\">Materiales:<\/strong> 100 % algod\u00f3n<\/p>\n<p class=\"\" data-start=\"2759\" data-end=\"2814\"><strong data-start=\"2759\" data-end=\"2778\">El set incluye:<\/strong><br data-start=\"2778\" data-end=\"2781\" \/>\u2022 3x Pa\u00f1uelos de algod\u00f3n muselina<\/p>\n","protected":false},"excerpt":{"rendered":"<p>Nuestro pa\u00f1uelo de algod\u00f3n muselina es delicado para la piel del beb\u00e9. Tiene una textura agradable y es de alta calidad, hecho de tela 100 % algod\u00f3n muselina. Los pa\u00f1uelos de gasa se usan a menudo con reci\u00e9n nacidos, por ejemplo, para la baba o el sudor.<\/p>\n","protected":false},"featured_media":27539,"comment_status":"open","ping_status":"closed","template":"","meta":[],"product_brand":[],"product_cat":[658],"product_tag":[],"class_list":{"0":"post-27552","1":"product","2":"type-product","3":"status-publish","4":"has-post-thumbnail","6":"product_cat-panuelos-de-algodon-muselina","8":"first","9":"outofstock","10":"taxable","11":"shipping-taxable","12":"purchasable","13":"product-type-simple"},"_links":{"self":[{"href":"https:\/\/tinyknit.eu\/es\/wp-json\/wp\/v2\/product\/27552","targetHints":{"allow":["GET"]}}],"collection":[{"href":"https:\/\/tinyknit.eu\/es\/wp-json\/wp\/v2\/product"}],"about":[{"href":"https:\/\/tinyknit.eu\/es\/wp-json\/wp\/v2\/types\/product"}],"replies":[{"embeddable":true,"href":"https:\/\/tinyknit.eu\/es\/wp-json\/wp\/v2\/comments?post=27552"}],"version-history":[{"count":1,"href":"https:\/\/tinyknit.eu\/es\/wp-json\/wp\/v2\/product\/27552\/revisions"}],"predecessor-version":[{"id":27553,"href":"https:\/\/tinyknit.eu\/es\/wp-json\/wp\/v2\/product\/27552\/revisions\/27553"}],"wp:featuredmedia":[{"embeddable":true,"href":"https:\/\/tinyknit.eu\/es\/wp-json\/wp\/v2\/media\/27539"}],"wp:attachment":[{"href":"https:\/\/tinyknit.eu\/es\/wp-json\/wp\/v2\/media?parent=27552"}],"wp:term":[{"taxonomy":"product_brand","embeddable":true,"href":"https:\/\/tinyknit.eu\/es\/wp-json\/wp\/v2\/product_brand?post=27552"},{"taxonomy":"product_cat","embeddable":true,"href":"https:\/\/tinyknit.eu\/es\/wp-json\/wp\/v2\/product_cat?post=27552"},{"taxonomy":"product_tag","embeddable":true,"href":"https:\/\/tinyknit.eu\/es\/wp-json\/wp\/v2\/product_tag?post=27552"}],"curies":[{"name":"wp","href":"https:\/\/api.w.org\/{rel}","templated":true}]}}