{"id":27361,"date":"2025-03-12T18:48:04","date_gmt":"2025-03-12T18:48:04","guid":{"rendered":"https:\/\/tinyknit.eu\/?post_type=product&#038;p=27361"},"modified":"2025-03-12T19:02:28","modified_gmt":"2025-03-12T19:02:28","slug":"sonajero-de-tela-ganso-blanco","status":"publish","type":"product","link":"https:\/\/tinyknit.eu\/es\/product\/listo-para-enviar\/sonajero-de-tela-ganso-blanco\/","title":{"rendered":"Sonajero de Tela \u2013 Ganso Blanco"},"content":{"rendered":"<p>El sonajero de tela es un excelente regalo para tu beb\u00e9, brindando alegr\u00eda en el descubrimiento y ayudando a desarrollar las habilidades motoras finas del beb\u00e9. El juguete se adapta c\u00f3modamente a la mano del beb\u00e9. Es absolutamente seguro para el beb\u00e9 y no irrita su piel. El sonajero de ganso tiene una textura suave y delicada, perfecta para la estimulaci\u00f3n t\u00e1ctil.<br \/>\nEl cord\u00f3n permite sujetar el juguete en cualquier lugar, por ejemplo, en la cuna o al chupete.<\/p>\n<p><strong>Material:<\/strong> 100% poli\u00e9ster<br \/>\n<strong>Relleno:<\/strong> 100% holofiber (relleno no al\u00e9rgico)<br \/>\n<strong>Tama\u00f1o:<\/strong> ~18 x 11 cm<br \/>\n<strong>Longitud del cord\u00f3n:<\/strong> ~13 cm<br \/>\n<strong>Peso:<\/strong> ~50g<br \/>\n<strong>Adecuado desde el nacimiento.<\/strong><br \/>\nContiene una campanita en su interior. Todas las piezas est\u00e1n aseguradas a mano, no se utiliza pegamento.<br \/>\n\u00a1Atenci\u00f3n! \u00a1El chupete no est\u00e1 incluido en el set!<\/p>\n<p><strong>El set contiene:<\/strong><br \/>\n\u2022 1x Sonajero de tela<\/p>\n<p><strong>Recomendaciones de cuidado:<\/strong> Limpiar con agua tibia y jab\u00f3n, y dejar secar al aire.<\/p>\n","protected":false},"excerpt":{"rendered":"<p>El sonajero de tela es un excelente regalo para tu beb\u00e9, brindando alegr\u00eda en el descubrimiento y ayudando a desarrollar las habilidades motoras finas del beb\u00e9. El juguete se adapta c\u00f3modamente a la mano del beb\u00e9. Es absolutamente seguro para el beb\u00e9 y no irrita su piel. El sonajero de ganso tiene una textura suave y delicada, perfecta para la estimulaci\u00f3n t\u00e1ctil.<br \/>\nEl cord\u00f3n permite sujetar el juguete en cualquier lugar, por ejemplo, en la cuna o al chupete.<\/p>\n<p><iframe title=\"YouTube video player\" src=\"https:\/\/www.youtube.com\/embed\/4b5x8sVAp0k?si=eqkHoEdJ3_hkS4oY\" width=\"560\" height=\"315\" frameborder=\"0\" allowfullscreen=\"allowfullscreen\"><\/iframe><\/p>\n","protected":false},"featured_media":27367,"comment_status":"open","ping_status":"closed","template":"","meta":[],"product_brand":[],"product_cat":[535,529],"product_tag":[],"class_list":{"0":"post-27361","1":"product","2":"type-product","3":"status-publish","4":"has-post-thumbnail","6":"product_cat-listo-para-enviar","7":"product_cat-sonajeros-de-tela","9":"first","10":"instock","11":"taxable","12":"shipping-taxable","13":"purchasable","14":"product-type-simple"},"_links":{"self":[{"href":"https:\/\/tinyknit.eu\/es\/wp-json\/wp\/v2\/product\/27361","targetHints":{"allow":["GET"]}}],"collection":[{"href":"https:\/\/tinyknit.eu\/es\/wp-json\/wp\/v2\/product"}],"about":[{"href":"https:\/\/tinyknit.eu\/es\/wp-json\/wp\/v2\/types\/product"}],"replies":[{"embeddable":true,"href":"https:\/\/tinyknit.eu\/es\/wp-json\/wp\/v2\/comments?post=27361"}],"version-history":[{"count":1,"href":"https:\/\/tinyknit.eu\/es\/wp-json\/wp\/v2\/product\/27361\/revisions"}],"predecessor-version":[{"id":27383,"href":"https:\/\/tinyknit.eu\/es\/wp-json\/wp\/v2\/product\/27361\/revisions\/27383"}],"wp:featuredmedia":[{"embeddable":true,"href":"https:\/\/tinyknit.eu\/es\/wp-json\/wp\/v2\/media\/27367"}],"wp:attachment":[{"href":"https:\/\/tinyknit.eu\/es\/wp-json\/wp\/v2\/media?parent=27361"}],"wp:term":[{"taxonomy":"product_brand","embeddable":true,"href":"https:\/\/tinyknit.eu\/es\/wp-json\/wp\/v2\/product_brand?post=27361"},{"taxonomy":"product_cat","embeddable":true,"href":"https:\/\/tinyknit.eu\/es\/wp-json\/wp\/v2\/product_cat?post=27361"},{"taxonomy":"product_tag","embeddable":true,"href":"https:\/\/tinyknit.eu\/es\/wp-json\/wp\/v2\/product_tag?post=27361"}],"curies":[{"name":"wp","href":"https:\/\/api.w.org\/{rel}","templated":true}]}}