{"id":27021,"date":"2025-03-03T16:27:39","date_gmt":"2025-03-03T16:27:39","guid":{"rendered":"https:\/\/tinyknit.eu\/?post_type=product&#038;p=27021"},"modified":"2025-03-03T16:55:10","modified_gmt":"2025-03-03T16:55:10","slug":"juguete-de-peluche-para-dormir-manta-gatito","status":"publish","type":"product","link":"https:\/\/tinyknit.eu\/es\/product\/hecho-por-encargo\/juguete-de-peluche-para-dormir-manta-gatito\/","title":{"rendered":"Juguete de Peluche para Dormir, Manta \u2013 Gatito"},"content":{"rendered":"<p data-start=\"4248\" data-end=\"4520\">\u00bfEst\u00e1s buscando un compa\u00f1ero de sue\u00f1o \u00fanico y acogedor para tu peque\u00f1o? \u00a1No busques m\u00e1s! Este adorable juguete de crochet es perfecto. Ideal para abrazos a la hora de dormir y diversi\u00f3n durante el d\u00eda, es un regalo ideal para cualquier beb\u00e9 o ni\u00f1o, sin importar la edad.<\/p>\n<p data-start=\"4522\" data-end=\"5246\"><strong data-start=\"4522\" data-end=\"4542\">Caracter\u00edsticas:<\/strong><br data-start=\"4542\" data-end=\"4545\" \/>\u2022 <strong data-start=\"4547\" data-end=\"4575\">Conexi\u00f3n con los padres.<\/strong> Este juguete puede absorber el olor de mam\u00e1 o pap\u00e1. Col\u00f3calo cerca del beb\u00e9 durante la lactancia o al mecerlo, y conservar\u00e1 tu aroma. As\u00ed, tu peque\u00f1o siempre sentir\u00e1 tu presencia, incluso cuando no est\u00e9s cerca.<br data-start=\"4786\" data-end=\"4789\" \/>\u2022 <strong data-start=\"4791\" data-end=\"4807\">Exploraci\u00f3n.<\/strong> El juguete de crochet Gatito ofrece una rica experiencia t\u00e1ctil que captura el inter\u00e9s del ni\u00f1o y le ayuda a explorar el mundo que lo rodea.<br data-start=\"4948\" data-end=\"4951\" \/>\u2022 <strong data-start=\"4953\" data-end=\"4985\">Crea recuerdos inolvidables.<\/strong> Nuestros juguetes son ideales como accesorios para la fotograf\u00eda de reci\u00e9n nacidos.<br data-start=\"5069\" data-end=\"5072\" \/>\u2022 <strong data-start=\"5074\" data-end=\"5094\">Efecto calmante.<\/strong> Este juguete de apego de crochet brinda comodidad y seguridad al beb\u00e9 durante el d\u00eda y la noche.<br data-start=\"5191\" data-end=\"5194\" \/>\u2022 <strong data-start=\"5196\" data-end=\"5244\">El set incluye dos pares de alas removibles.<\/strong><\/p>\n<p data-start=\"5248\" data-end=\"5467\"><strong data-start=\"5248\" data-end=\"5266\">Perfecto para:<\/strong><br data-start=\"5266\" data-end=\"5269\" \/>\u2022 Baby showers, listas de nacimiento, cumplea\u00f1os, Navidad o cualquier otra ocasi\u00f3n especial.<br data-start=\"5361\" data-end=\"5364\" \/>\u2022 Un juguete \u00fanico que tambi\u00e9n puede ser un encantador elemento decorativo en la habitaci\u00f3n del ni\u00f1o.<\/p>\n<p data-start=\"5469\" data-end=\"5670\"><strong data-start=\"5469\" data-end=\"5480\">Tama\u00f1o:<\/strong> aprox. 34 cm (13,3\u201d)<br data-start=\"5501\" data-end=\"5504\" \/><strong data-start=\"5504\" data-end=\"5513\">Hilo:<\/strong> 100 % micropoli\u00e9ster (Oeko-Tex 100 Standard) y 100 % poli\u00e9ster de piel sint\u00e9tica. Hipoalerg\u00e9nico, suave y seguro para los ni\u00f1os.<br data-start=\"5642\" data-end=\"5645\" \/><strong data-start=\"5645\" data-end=\"5657\">Relleno:<\/strong> Holofibra.<\/p>\n<p data-start=\"5672\" data-end=\"5776\">Nuestros juguetes se fabrican en un hogar libre de humo y mascotas.<br data-start=\"5739\" data-end=\"5742\" \/>Hecho en Estonia, Uni\u00f3n Europea.<\/p>\n<p data-start=\"5778\" data-end=\"5844\"><strong data-start=\"5778\" data-end=\"5798\">El set contiene:<\/strong><br data-start=\"5798\" data-end=\"5801\" \/>\u2022 1x Gatito de crochet peludo y abrazable<\/p>\n<p data-start=\"5846\" data-end=\"5973\"><strong data-start=\"5846\" data-end=\"5883\">\u00a1El regalo perfecto para un beb\u00e9!<\/strong><br data-start=\"5883\" data-end=\"5886\" \/>Empaquetado y listo para regalar en un baby shower, lista de nacimiento o cumplea\u00f1os.<\/p>\n<p data-start=\"5975\" data-end=\"6207\"><strong data-start=\"5975\" data-end=\"6006\">Recomendaciones de cuidado:<\/strong><br data-start=\"6006\" data-end=\"6009\" \/>\u2022 Usa detergentes l\u00edquidos e hipoalerg\u00e9nicos para evitar reacciones al\u00e9rgicas.<br data-start=\"6087\" data-end=\"6090\" \/>\u2022 Lava en ciclo delicado a 30\u00b0C durante 30 minutos.<br data-start=\"6141\" data-end=\"6144\" \/>\u2022 Despu\u00e9s del lavado, seca el juguete en posici\u00f3n horizontal.<\/p>\n","protected":false},"excerpt":{"rendered":"<p>\u00bfEst\u00e1s buscando un amigo \u00fanico y acogedor para que tu peque\u00f1o duerma? \u00a1No busques m\u00e1s, este lindo juguete de ganchillo es justo lo que necesitas! Es perfecto para abrazar a la hora de dormir y para divertirse durante el d\u00eda, convirti\u00e9ndolo en un regalo ideal para cualquier beb\u00e9 o ni\u00f1o, sin importar la edad.<\/p>\n<p><iframe title=\"YouTube video player\" src=\"https:\/\/www.youtube.com\/embed\/lqB3lJrKYzY?si=Ts-3VebvyXVK40lC\" width=\"560\" height=\"315\" frameborder=\"0\" allowfullscreen=\"allowfullscreen\"><\/iframe><\/p>\n","protected":false},"featured_media":27041,"comment_status":"open","ping_status":"closed","template":"","meta":[],"product_brand":[],"product_cat":[531,536],"product_tag":[],"class_list":{"0":"post-27021","1":"product","2":"type-product","3":"status-publish","4":"has-post-thumbnail","6":"product_cat-hecho-por-encargo","7":"product_cat-juguetes-para-abrazar","9":"first","10":"onbackorder","11":"taxable","12":"shipping-taxable","13":"purchasable","14":"product-type-simple"},"_links":{"self":[{"href":"https:\/\/tinyknit.eu\/es\/wp-json\/wp\/v2\/product\/27021","targetHints":{"allow":["GET"]}}],"collection":[{"href":"https:\/\/tinyknit.eu\/es\/wp-json\/wp\/v2\/product"}],"about":[{"href":"https:\/\/tinyknit.eu\/es\/wp-json\/wp\/v2\/types\/product"}],"replies":[{"embeddable":true,"href":"https:\/\/tinyknit.eu\/es\/wp-json\/wp\/v2\/comments?post=27021"}],"version-history":[{"count":1,"href":"https:\/\/tinyknit.eu\/es\/wp-json\/wp\/v2\/product\/27021\/revisions"}],"predecessor-version":[{"id":27087,"href":"https:\/\/tinyknit.eu\/es\/wp-json\/wp\/v2\/product\/27021\/revisions\/27087"}],"wp:featuredmedia":[{"embeddable":true,"href":"https:\/\/tinyknit.eu\/es\/wp-json\/wp\/v2\/media\/27041"}],"wp:attachment":[{"href":"https:\/\/tinyknit.eu\/es\/wp-json\/wp\/v2\/media?parent=27021"}],"wp:term":[{"taxonomy":"product_brand","embeddable":true,"href":"https:\/\/tinyknit.eu\/es\/wp-json\/wp\/v2\/product_brand?post=27021"},{"taxonomy":"product_cat","embeddable":true,"href":"https:\/\/tinyknit.eu\/es\/wp-json\/wp\/v2\/product_cat?post=27021"},{"taxonomy":"product_tag","embeddable":true,"href":"https:\/\/tinyknit.eu\/es\/wp-json\/wp\/v2\/product_tag?post=27021"}],"curies":[{"name":"wp","href":"https:\/\/api.w.org\/{rel}","templated":true}]}}