{"id":26950,"date":"2025-03-01T20:01:34","date_gmt":"2025-03-01T20:01:34","guid":{"rendered":"https:\/\/tinyknit.eu\/?post_type=product&#038;p=26950"},"modified":"2025-03-01T20:05:09","modified_gmt":"2025-03-01T20:05:09","slug":"decoracion-de-pared-colgante-de-crochet-para-la-habitacion-infantil-leon","status":"publish","type":"product","link":"https:\/\/tinyknit.eu\/es\/product\/decoracion-de-la-guarderia\/decoracion-de-pared-colgante-de-crochet-para-la-habitacion-infantil-leon\/","title":{"rendered":"Decoraci\u00f3n de pared colgante de crochet para la habitaci\u00f3n infantil \u2013 Le\u00f3n"},"content":{"rendered":"<p data-start=\"2941\" data-end=\"3244\">Decorar una habitaci\u00f3n infantil es una tarea muy importante y responsable a la que todos los padres prestan especial atenci\u00f3n. Nuestra decoraci\u00f3n de pared es un maravilloso elemento decorativo que har\u00e1 que la habitaci\u00f3n de tu hijo sea m\u00e1s \u00fanica y colorida. Se puede colgar en una puerta o en la pared.<\/p>\n<p data-start=\"3246\" data-end=\"3348\">\u00a1A\u00f1ade un toque artesanal al espacio de tu peque\u00f1o con esta decoraci\u00f3n de pared colgante de crochet!<\/p>\n<p data-start=\"3350\" data-end=\"3451\"><strong data-start=\"3350\" data-end=\"3361\">Tama\u00f1o:<\/strong> aprox. 40 x 33 cm<br data-start=\"3379\" data-end=\"3382\" \/><strong data-start=\"3382\" data-end=\"3395\">Material:<\/strong> 55 % algod\u00f3n, 45 % acr\u00edlico y palo de madera de haya.<\/p>\n<p data-start=\"3453\" data-end=\"3550\"><strong data-start=\"3453\" data-end=\"3473\">El set contiene:<\/strong><br data-start=\"3473\" data-end=\"3476\" \/>\u2022 1x Decoraci\u00f3n de pared colgante de crochet para la habitaci\u00f3n infantil<\/p>\n<p data-start=\"3552\" data-end=\"3660\"><strong data-start=\"3552\" data-end=\"3583\">Recomendaciones de cuidado:<\/strong> Lavar a mano a 30\u00b0C con jab\u00f3n para beb\u00e9s. Secar al aire. No usar secadora.<\/p>\n","protected":false},"excerpt":{"rendered":"<p>Decorar una habitaci\u00f3n infantil es una tarea muy importante y responsable a la que todos los padres prestan especial atenci\u00f3n. Nuestra decoraci\u00f3n de pared es un maravilloso elemento decorativo que har\u00e1 que la habitaci\u00f3n de tu hijo sea m\u00e1s \u00fanica y colorida. Se puede colgar en una puerta o en la pared.<\/p>\n","protected":false},"featured_media":26964,"comment_status":"open","ping_status":"closed","template":"","meta":[],"product_brand":[],"product_cat":[560,535],"product_tag":[],"class_list":{"0":"post-26950","1":"product","2":"type-product","3":"status-publish","4":"has-post-thumbnail","6":"product_cat-decoracion-de-la-guarderia","7":"product_cat-listo-para-enviar","9":"first","10":"instock","11":"taxable","12":"shipping-taxable","13":"purchasable","14":"product-type-simple"},"_links":{"self":[{"href":"https:\/\/tinyknit.eu\/es\/wp-json\/wp\/v2\/product\/26950","targetHints":{"allow":["GET"]}}],"collection":[{"href":"https:\/\/tinyknit.eu\/es\/wp-json\/wp\/v2\/product"}],"about":[{"href":"https:\/\/tinyknit.eu\/es\/wp-json\/wp\/v2\/types\/product"}],"replies":[{"embeddable":true,"href":"https:\/\/tinyknit.eu\/es\/wp-json\/wp\/v2\/comments?post=26950"}],"version-history":[{"count":1,"href":"https:\/\/tinyknit.eu\/es\/wp-json\/wp\/v2\/product\/26950\/revisions"}],"predecessor-version":[{"id":26971,"href":"https:\/\/tinyknit.eu\/es\/wp-json\/wp\/v2\/product\/26950\/revisions\/26971"}],"wp:featuredmedia":[{"embeddable":true,"href":"https:\/\/tinyknit.eu\/es\/wp-json\/wp\/v2\/media\/26964"}],"wp:attachment":[{"href":"https:\/\/tinyknit.eu\/es\/wp-json\/wp\/v2\/media?parent=26950"}],"wp:term":[{"taxonomy":"product_brand","embeddable":true,"href":"https:\/\/tinyknit.eu\/es\/wp-json\/wp\/v2\/product_brand?post=26950"},{"taxonomy":"product_cat","embeddable":true,"href":"https:\/\/tinyknit.eu\/es\/wp-json\/wp\/v2\/product_cat?post=26950"},{"taxonomy":"product_tag","embeddable":true,"href":"https:\/\/tinyknit.eu\/es\/wp-json\/wp\/v2\/product_tag?post=26950"}],"curies":[{"name":"wp","href":"https:\/\/api.w.org\/{rel}","templated":true}]}}