{"id":25059,"date":"2025-01-20T16:39:18","date_gmt":"2025-01-20T16:39:18","guid":{"rendered":"https:\/\/tinyknit.eu\/?post_type=product&#038;p=25059"},"modified":"2025-01-22T16:40:29","modified_gmt":"2025-01-22T16:40:29","slug":"manta-de-apego-conejo-19","status":"publish","type":"product","link":"https:\/\/tinyknit.eu\/es\/product\/listo-para-enviar\/manta-de-apego-conejo-19\/","title":{"rendered":"Manta de apego \u2013 Conejo"},"content":{"rendered":"<p>Nuestra manta de apego para beb\u00e9s se utiliza para ayudar a calmar al beb\u00e9 y hacerlo dormir. Su dise\u00f1o plano la hace ligera y f\u00e1cil de abrazar para los m\u00e1s peque\u00f1os. Los padres suelen usarla para facilitar la transici\u00f3n de la cama compartida a dormir solo. El olor de la madre ayuda mucho a mantener al beb\u00e9 tranquilo.<\/p>\n<p>Hecha de algod\u00f3n de alta calidad por un lado y tela de felpa por el otro, su textura de dos materiales ayudar\u00e1 a los beb\u00e9s a desarrollar el sentido del tacto.<\/p>\n<p>Apta desde el nacimiento.<br \/>\n<strong>Tama\u00f1o:<\/strong> aprox. 25 x 25 cm<\/p>\n<p><strong>El set contiene:<\/strong><br \/>\n\u2022 1x Manta de apego para beb\u00e9<\/p>\n<p>Recomendaciones de cuidado: Lavar a mano a 30\u00b0C con jab\u00f3n para beb\u00e9. Secar al aire. No usar secadora.<\/p>\n","protected":false},"excerpt":{"rendered":"<p>Nuestra manta de apego para beb\u00e9s se utiliza para ayudar a calmar al beb\u00e9 y hacerlo dormir. Su dise\u00f1o plano la hace ligera y f\u00e1cil de abrazar para los m\u00e1s peque\u00f1os. Los padres suelen usarla para facilitar la transici\u00f3n de la cama compartida a dormir solo. El olor de la madre ayuda mucho a mantener al beb\u00e9 tranquilo.<\/p>\n<p><iframe width=\"560\" height=\"315\" src=\"https:\/\/www.youtube.com\/embed\/LuVCxm2YCCM?si=8OGgi0m4313IE4vA\" title=\"YouTube video player\" frameborder=\"0\" allow=\"accelerometer; autoplay; clipboard-write; encrypted-media; gyroscope; picture-in-picture; web-share\" referrerpolicy=\"strict-origin-when-cross-origin\" allowfullscreen><\/iframe><\/p>\n","protected":false},"featured_media":25072,"comment_status":"open","ping_status":"closed","template":"","meta":[],"product_brand":[],"product_cat":[535,525],"product_tag":[],"class_list":{"0":"post-25059","1":"product","2":"type-product","3":"status-publish","4":"has-post-thumbnail","6":"product_cat-listo-para-enviar","7":"product_cat-mantas-de-apego","9":"first","10":"instock","11":"sale","12":"taxable","13":"shipping-taxable","14":"purchasable","15":"product-type-simple"},"_links":{"self":[{"href":"https:\/\/tinyknit.eu\/es\/wp-json\/wp\/v2\/product\/25059","targetHints":{"allow":["GET"]}}],"collection":[{"href":"https:\/\/tinyknit.eu\/es\/wp-json\/wp\/v2\/product"}],"about":[{"href":"https:\/\/tinyknit.eu\/es\/wp-json\/wp\/v2\/types\/product"}],"replies":[{"embeddable":true,"href":"https:\/\/tinyknit.eu\/es\/wp-json\/wp\/v2\/comments?post=25059"}],"version-history":[{"count":2,"href":"https:\/\/tinyknit.eu\/es\/wp-json\/wp\/v2\/product\/25059\/revisions"}],"predecessor-version":[{"id":25352,"href":"https:\/\/tinyknit.eu\/es\/wp-json\/wp\/v2\/product\/25059\/revisions\/25352"}],"wp:featuredmedia":[{"embeddable":true,"href":"https:\/\/tinyknit.eu\/es\/wp-json\/wp\/v2\/media\/25072"}],"wp:attachment":[{"href":"https:\/\/tinyknit.eu\/es\/wp-json\/wp\/v2\/media?parent=25059"}],"wp:term":[{"taxonomy":"product_brand","embeddable":true,"href":"https:\/\/tinyknit.eu\/es\/wp-json\/wp\/v2\/product_brand?post=25059"},{"taxonomy":"product_cat","embeddable":true,"href":"https:\/\/tinyknit.eu\/es\/wp-json\/wp\/v2\/product_cat?post=25059"},{"taxonomy":"product_tag","embeddable":true,"href":"https:\/\/tinyknit.eu\/es\/wp-json\/wp\/v2\/product_tag?post=25059"}],"curies":[{"name":"wp","href":"https:\/\/api.w.org\/{rel}","templated":true}]}}