{"id":24616,"date":"2024-12-08T20:04:06","date_gmt":"2024-12-08T20:04:06","guid":{"rendered":"https:\/\/tinyknit.eu\/?post_type=product&#038;p=24616"},"modified":"2025-02-12T07:47:38","modified_gmt":"2025-02-12T07:47:38","slug":"juguete-de-peluche-tejido-a-crochet-juguete-abrazable-oso-de-peluche","status":"publish","type":"product","link":"https:\/\/tinyknit.eu\/es\/product\/juguetes-de-peluche\/juguete-de-peluche-tejido-a-crochet-juguete-abrazable-oso-de-peluche\/","title":{"rendered":"Juguete de Peluche Tejido a Crochet, Juguete Abrazable \u2013 Oso de peluche"},"content":{"rendered":"<div class=\"flex-shrink-0 flex flex-col relative items-end\">\n<div class=\"pt-0\">\n<div class=\"gizmo-bot-avatar flex h-8 w-8 items-center justify-center overflow-hidden rounded-full\">\n<div class=\"relative p-1 rounded-sm flex items-center justify-center bg-token-main-surface-primary text-token-text-primary h-8 w-8\">\n<p>\u00bfEst\u00e1s buscando un amigo \u00fanico y acogedor para que tu peque\u00f1o duerma? \u00a1No busques m\u00e1s, este lindo juguete de ganchillo es justo lo que necesitas! Es perfecto para abrazar a la hora de dormir y para divertirse durante el d\u00eda, convirti\u00e9ndolo en un regalo ideal para cualquier beb\u00e9 o ni\u00f1o, sin importar la edad.<\/p>\n<p><strong>Caracter\u00edsticas:<\/strong><br \/>\n\u2022 El Juguete para Dormir puede enriquecer las sensaciones t\u00e1ctiles, ya que combina diferentes hilos de texturas, lo que ser\u00e1 interesante para el ni\u00f1o y le ayudar\u00e1 a aprender sobre el mundo que lo rodea.<br \/>\n\u2022 Todos los juguetes est\u00e1n hechos con materiales hipoalerg\u00e9nicos, lo que los hace seguros para el ni\u00f1o.<br \/>\n\u2022 El juguete puede convertirse en una adici\u00f3n interesante a la decoraci\u00f3n de la habitaci\u00f3n de cualquier ni\u00f1o.<\/p>\n<p><strong>Tama\u00f1os:<\/strong> ~33 cm<br \/>\n<strong>Material:<\/strong>\u00a0Este art\u00edculo est\u00e1 tejido a mano utilizando hilos hipoalerg\u00e9nicos, de peluche y algod\u00f3n. Est\u00e1 relleno con holofibra y se elabora en un hogar libre de humo y mascotas.<\/p>\n<p>Hecho en Estonia, Uni\u00f3n Europea.<\/p>\n<p><strong>El set contiene:<\/strong><br \/>\n\u2022 1x Juguete para Dormir<\/p>\n<p><strong>\u00a1El Regalo Perfecto para Beb\u00e9s!<\/strong><br \/>\nEmpaque listo para regalar en cualquier baby shower, lista de regalos para beb\u00e9 o celebraci\u00f3n de cumplea\u00f1os.<\/p>\n<p><strong>Recomendaciones de cuidado:<\/strong><br \/>\n\u2022 Para prevenir reacciones al\u00e9rgicas, use detergentes l\u00edquidos y hipoalerg\u00e9nicos.<br \/>\n\u2022 Use el ciclo delicado de la lavadora y ajuste la temperatura a 30 grados durante 30 minutos.<br \/>\n\u2022 Despu\u00e9s de lavar, deje secar el juguete plano.<\/p>\n<\/div>\n<\/div>\n<\/div>\n<\/div>\n","protected":false},"excerpt":{"rendered":"<p>\u00bfEst\u00e1s buscando un amigo \u00fanico y acogedor para que tu peque\u00f1o duerma? \u00a1No busques m\u00e1s, este lindo juguete de ganchillo es justo lo que necesitas! Es perfecto para abrazar a la hora de dormir y para divertirse durante el d\u00eda, convirti\u00e9ndolo en un regalo ideal para cualquier beb\u00e9 o ni\u00f1o, sin importar la edad.<\/p>\n","protected":false},"featured_media":24640,"comment_status":"open","ping_status":"closed","template":"","meta":[],"product_brand":[],"product_cat":[538],"product_tag":[],"class_list":{"0":"post-24616","1":"product","2":"type-product","3":"status-publish","4":"has-post-thumbnail","6":"product_cat-juguetes-de-peluche","8":"first","9":"instock","10":"taxable","11":"shipping-taxable","12":"purchasable","13":"product-type-simple"},"_links":{"self":[{"href":"https:\/\/tinyknit.eu\/es\/wp-json\/wp\/v2\/product\/24616","targetHints":{"allow":["GET"]}}],"collection":[{"href":"https:\/\/tinyknit.eu\/es\/wp-json\/wp\/v2\/product"}],"about":[{"href":"https:\/\/tinyknit.eu\/es\/wp-json\/wp\/v2\/types\/product"}],"replies":[{"embeddable":true,"href":"https:\/\/tinyknit.eu\/es\/wp-json\/wp\/v2\/comments?post=24616"}],"version-history":[{"count":4,"href":"https:\/\/tinyknit.eu\/es\/wp-json\/wp\/v2\/product\/24616\/revisions"}],"predecessor-version":[{"id":25408,"href":"https:\/\/tinyknit.eu\/es\/wp-json\/wp\/v2\/product\/24616\/revisions\/25408"}],"wp:featuredmedia":[{"embeddable":true,"href":"https:\/\/tinyknit.eu\/es\/wp-json\/wp\/v2\/media\/24640"}],"wp:attachment":[{"href":"https:\/\/tinyknit.eu\/es\/wp-json\/wp\/v2\/media?parent=24616"}],"wp:term":[{"taxonomy":"product_brand","embeddable":true,"href":"https:\/\/tinyknit.eu\/es\/wp-json\/wp\/v2\/product_brand?post=24616"},{"taxonomy":"product_cat","embeddable":true,"href":"https:\/\/tinyknit.eu\/es\/wp-json\/wp\/v2\/product_cat?post=24616"},{"taxonomy":"product_tag","embeddable":true,"href":"https:\/\/tinyknit.eu\/es\/wp-json\/wp\/v2\/product_tag?post=24616"}],"curies":[{"name":"wp","href":"https:\/\/api.w.org\/{rel}","templated":true}]}}