{"id":23915,"date":"2023-10-23T16:46:09","date_gmt":"2023-10-23T16:46:09","guid":{"rendered":"https:\/\/tinyknit.eu\/?post_type=product&#038;p=23915"},"modified":"2024-11-20T08:45:49","modified_gmt":"2024-11-20T08:45:49","slug":"juguete-de-peluche-dormilon-manta-tortuga","status":"publish","type":"product","link":"https:\/\/tinyknit.eu\/es\/product\/hecho-por-encargo\/juguete-de-peluche-dormilon-manta-tortuga\/","title":{"rendered":"Juguete de Peluche Dormil\u00f3n, Manta \u2013 Tortuga"},"content":{"rendered":"<p>\u00bfEst\u00e1s buscando un amigo de sue\u00f1o \u00fanico y acogedor para tu peque\u00f1o? \u00a1No busques m\u00e1s, ya que este lindo juguete de ganchillo es justo lo que necesitas! Es perfecto para abrazos durante la hora de dormir y para momentos divertidos de juego durante el d\u00eda, lo que lo convierte en un regalo ideal para cualquier beb\u00e9 o ni\u00f1o, sin importar la edad.<\/p>\n<p>Caracter\u00edsticas: \u2022 El Juguete Dormil\u00f3n puede enriquecer las sensaciones t\u00e1ctiles, ya que combina diferentes hilos con texturas, lo que ser\u00e1 interesante para el ni\u00f1o y lo ayudar\u00e1 a aprender sobre el mundo que lo rodea. \u2022 Todos los juguetes est\u00e1n hechos con materiales hipoalerg\u00e9nicos, lo que los hace seguros para el ni\u00f1o. \u2022 El juguete puede convertirse en un complemento interesante para la decoraci\u00f3n del dormitorio de cualquier ni\u00f1o.<\/p>\n<p>Tama\u00f1o: aprox. 42 x 16 cm<br \/>\nMaterial: Este art\u00edculo est\u00e1 tejido a mano con hilos hipoalerg\u00e9nicos, suaves y de algod\u00f3n. Est\u00e1 relleno con holofibra y hecho en un hogar libre de humo y de mascotas.<\/p>\n<p>Hecho en Estonia, Uni\u00f3n Europea.<\/p>\n<p>El set contiene: \u2022 1x Juguete Dormil\u00f3n<\/p>\n<p>\u00a1El regalo perfecto para el beb\u00e9!<br \/>\nEmpaque listo para regalar para cualquier baby shower, registro de beb\u00e9 o celebraci\u00f3n de cumplea\u00f1os.<\/p>\n<p>Recomendaciones de cuidado: \u2022 Para prevenir reacciones al\u00e9rgicas, utiliza detergentes l\u00edquidos e hipoalerg\u00e9nicos.<br \/>\n\u2022 Usa el ciclo delicado de la lavadora y ajusta la temperatura a 30 grados durante 30 minutos.<br \/>\n\u2022 Despu\u00e9s de lavar, coloca el juguete plano para secar.<\/p>\n","protected":false},"excerpt":{"rendered":"<p>\u00bfEst\u00e1s buscando un amigo de sue\u00f1o \u00fanico y acogedor para tu peque\u00f1o? \u00a1No busques m\u00e1s, ya que este lindo juguete de ganchillo es justo lo que necesitas! Es perfecto para abrazos durante la hora de dormir y para momentos divertidos de juego durante el d\u00eda, lo que lo convierte en un regalo ideal para cualquier beb\u00e9 o ni\u00f1o, sin importar la edad.<\/p>\n","protected":false},"featured_media":23921,"comment_status":"open","ping_status":"closed","template":"","meta":[],"product_brand":[],"product_cat":[531,536],"product_tag":[],"class_list":{"0":"post-23915","1":"product","2":"type-product","3":"status-publish","4":"has-post-thumbnail","6":"product_cat-hecho-por-encargo","7":"product_cat-juguetes-para-abrazar","9":"first","10":"onbackorder","11":"taxable","12":"shipping-taxable","13":"purchasable","14":"product-type-simple"},"_links":{"self":[{"href":"https:\/\/tinyknit.eu\/es\/wp-json\/wp\/v2\/product\/23915","targetHints":{"allow":["GET"]}}],"collection":[{"href":"https:\/\/tinyknit.eu\/es\/wp-json\/wp\/v2\/product"}],"about":[{"href":"https:\/\/tinyknit.eu\/es\/wp-json\/wp\/v2\/types\/product"}],"replies":[{"embeddable":true,"href":"https:\/\/tinyknit.eu\/es\/wp-json\/wp\/v2\/comments?post=23915"}],"version-history":[{"count":1,"href":"https:\/\/tinyknit.eu\/es\/wp-json\/wp\/v2\/product\/23915\/revisions"}],"predecessor-version":[{"id":23922,"href":"https:\/\/tinyknit.eu\/es\/wp-json\/wp\/v2\/product\/23915\/revisions\/23922"}],"wp:featuredmedia":[{"embeddable":true,"href":"https:\/\/tinyknit.eu\/es\/wp-json\/wp\/v2\/media\/23921"}],"wp:attachment":[{"href":"https:\/\/tinyknit.eu\/es\/wp-json\/wp\/v2\/media?parent=23915"}],"wp:term":[{"taxonomy":"product_brand","embeddable":true,"href":"https:\/\/tinyknit.eu\/es\/wp-json\/wp\/v2\/product_brand?post=23915"},{"taxonomy":"product_cat","embeddable":true,"href":"https:\/\/tinyknit.eu\/es\/wp-json\/wp\/v2\/product_cat?post=23915"},{"taxonomy":"product_tag","embeddable":true,"href":"https:\/\/tinyknit.eu\/es\/wp-json\/wp\/v2\/product_tag?post=23915"}],"curies":[{"name":"wp","href":"https:\/\/api.w.org\/{rel}","templated":true}]}}