{"id":23902,"date":"2023-10-24T06:37:16","date_gmt":"2023-10-24T06:37:16","guid":{"rendered":"https:\/\/tinyknit.eu\/?post_type=product&#038;p=23902"},"modified":"2024-11-17T15:06:10","modified_gmt":"2024-11-17T15:06:10","slug":"juguete-de-peluche-dormilon-manta-jirafa","status":"publish","type":"product","link":"https:\/\/tinyknit.eu\/es\/product\/hecho-por-encargo\/juguete-de-peluche-dormilon-manta-jirafa\/","title":{"rendered":"Juguete de Peluche Dormil\u00f3n, Manta \u2013 Jirafa"},"content":{"rendered":"<div class=\"flex max-w-full flex-col flex-grow\">\n<div class=\"min-h-8 text-message flex w-full flex-col items-end gap-2 whitespace-normal break-words [.text-message+&amp;]:mt-5\" dir=\"auto\" data-message-author-role=\"assistant\" data-message-id=\"7e62742a-c79d-4ab8-9bb4-1bde9f83dbf6\" data-message-model-slug=\"gpt-4o-mini\">\n<div class=\"flex w-full flex-col gap-1 empty:hidden first:pt-[3px]\">\n<div class=\"markdown prose w-full break-words dark:prose-invert light\">\n<p>\u00bfEst\u00e1s buscando un amigo de sue\u00f1o \u00fanico y acogedor para tu peque\u00f1o? \u00a1No busques m\u00e1s, ya que este lindo juguete de ganchillo es justo lo que necesitas! Es perfecto para abrazos durante la hora de dormir y para momentos divertidos de juego durante el d\u00eda, lo que lo convierte en un regalo ideal para cualquier beb\u00e9 o ni\u00f1o, sin importar la edad.<\/p>\n<p><strong>Caracter\u00edsticas:<\/strong><br \/>\n\u2022 El Juguete Dormil\u00f3n puede enriquecer las sensaciones t\u00e1ctiles, ya que combina diferentes hilos con texturas, lo que ser\u00e1 interesante para el ni\u00f1o y lo ayudar\u00e1 a aprender sobre el mundo que lo rodea.<br \/>\n\u2022 Todos los juguetes est\u00e1n hechos con materiales hipoalerg\u00e9nicos, lo que los hace seguros para el ni\u00f1o.<br \/>\n\u2022 El juguete puede convertirse en un complemento interesante para la decoraci\u00f3n del dormitorio de cualquier ni\u00f1o.<\/p>\n<p><strong>Tama\u00f1o:<\/strong> aprox. 60 x 20 cm<br \/>\n<strong>Material:<\/strong> Este art\u00edculo est\u00e1 tejido a mano con hilos hipoalerg\u00e9nicos, suaves y de algod\u00f3n. Est\u00e1 relleno con holofibra y hecho en un hogar libre de humo y de mascotas.<\/p>\n<p>Cada componente est\u00e1 hecho a mano mediante tejido, y no contiene ojos de pl\u00e1stico ni ninguna otra parte potencialmente peligrosa para los ni\u00f1os.<br \/>\nHecho en Estonia, Uni\u00f3n Europea.<\/p>\n<p><strong>El set contiene: \u2022<\/strong> 1x Juguete Dormil\u00f3n<\/p>\n<p><strong>\u00a1El regalo perfecto para el beb\u00e9!<\/strong><br \/>\nEmpaque listo para regalar para cualquier baby shower, registro de beb\u00e9 o celebraci\u00f3n de cumplea\u00f1os.<\/p>\n<p>Recomendaciones de cuidado:<br \/>\n\u2022 Para prevenir reacciones al\u00e9rgicas, utiliza detergentes l\u00edquidos e hipoalerg\u00e9nicos.<br \/>\n\u2022 Usa el ciclo delicado de la lavadora y ajusta la temperatura a 30 grados durante 30 minutos.<br \/>\n\u2022 Despu\u00e9s de lavar, coloca el juguete plano para secar.<\/p>\n<\/div>\n<\/div>\n<\/div>\n<\/div>\n","protected":false},"excerpt":{"rendered":"<p>\u00bfEst\u00e1s buscando un amigo de sue\u00f1o \u00fanico y acogedor para tu peque\u00f1o? \u00a1No busques m\u00e1s, ya que este lindo juguete de ganchillo es justo lo que necesitas! Es perfecto para abrazos durante la hora de dormir y para momentos divertidos de juego durante el d\u00eda, lo que lo convierte en un regalo ideal para cualquier beb\u00e9 o ni\u00f1o, sin importar la edad.<\/p>\n","protected":false},"featured_media":24421,"comment_status":"open","ping_status":"closed","template":"","meta":[],"product_brand":[],"product_cat":[531,536],"product_tag":[],"class_list":{"0":"post-23902","1":"product","2":"type-product","3":"status-publish","4":"has-post-thumbnail","6":"product_cat-hecho-por-encargo","7":"product_cat-juguetes-para-abrazar","9":"first","10":"onbackorder","11":"taxable","12":"shipping-taxable","13":"purchasable","14":"product-type-simple"},"_links":{"self":[{"href":"https:\/\/tinyknit.eu\/es\/wp-json\/wp\/v2\/product\/23902","targetHints":{"allow":["GET"]}}],"collection":[{"href":"https:\/\/tinyknit.eu\/es\/wp-json\/wp\/v2\/product"}],"about":[{"href":"https:\/\/tinyknit.eu\/es\/wp-json\/wp\/v2\/types\/product"}],"replies":[{"embeddable":true,"href":"https:\/\/tinyknit.eu\/es\/wp-json\/wp\/v2\/comments?post=23902"}],"version-history":[{"count":1,"href":"https:\/\/tinyknit.eu\/es\/wp-json\/wp\/v2\/product\/23902\/revisions"}],"predecessor-version":[{"id":23905,"href":"https:\/\/tinyknit.eu\/es\/wp-json\/wp\/v2\/product\/23902\/revisions\/23905"}],"wp:featuredmedia":[{"embeddable":true,"href":"https:\/\/tinyknit.eu\/es\/wp-json\/wp\/v2\/media\/24421"}],"wp:attachment":[{"href":"https:\/\/tinyknit.eu\/es\/wp-json\/wp\/v2\/media?parent=23902"}],"wp:term":[{"taxonomy":"product_brand","embeddable":true,"href":"https:\/\/tinyknit.eu\/es\/wp-json\/wp\/v2\/product_brand?post=23902"},{"taxonomy":"product_cat","embeddable":true,"href":"https:\/\/tinyknit.eu\/es\/wp-json\/wp\/v2\/product_cat?post=23902"},{"taxonomy":"product_tag","embeddable":true,"href":"https:\/\/tinyknit.eu\/es\/wp-json\/wp\/v2\/product_tag?post=23902"}],"curies":[{"name":"wp","href":"https:\/\/api.w.org\/{rel}","templated":true}]}}