{"id":23890,"date":"2023-10-25T11:58:57","date_gmt":"2023-10-25T11:58:57","guid":{"rendered":"https:\/\/tinyknit.eu\/?post_type=product&#038;p=23890"},"modified":"2024-11-20T08:43:26","modified_gmt":"2024-11-20T08:43:26","slug":"juguete-de-peluche-para-dormir-manta-dinosaurio","status":"publish","type":"product","link":"https:\/\/tinyknit.eu\/es\/product\/hecho-por-encargo\/juguete-de-peluche-para-dormir-manta-dinosaurio\/","title":{"rendered":"Juguete de Peluche para Dormir, Manta \u2013 Dinosaurio"},"content":{"rendered":"<p>\u00bfEst\u00e1s buscando un amigo de sue\u00f1o \u00fanico y acogedor para tu peque\u00f1o? \u00a1No busques m\u00e1s, este adorable juguete tejido a mano es justo lo que necesitas! Es perfecto para acurrucarse antes de dormir y para jugar durante el d\u00eda, convirti\u00e9ndolo en un regalo ideal para cualquier beb\u00e9 o ni\u00f1o, sin importar la edad.<\/p>\n<p><strong>Caracter\u00edsticas:<\/strong><br \/>\n\u2022 El Juguete para Dormir puede enriquecer las sensaciones t\u00e1ctiles, ya que combina diferentes texturas de hilos, lo que ser\u00e1 interesante para el ni\u00f1o y lo ayudar\u00e1 a aprender sobre el mundo que lo rodea.<br \/>\n\u2022 Todos los juguetes est\u00e1n hechos con materiales hipoalerg\u00e9nicos, lo que los hace seguros para el ni\u00f1o.<br \/>\n\u2022 El juguete puede convertirse en un atractivo a\u00f1adido a la decoraci\u00f3n de cualquier habitaci\u00f3n infantil.<\/p>\n<p><strong>Tama\u00f1o:<\/strong> aprox. 55 x 18 cm<br \/>\n<strong>Material:<\/strong> Este art\u00edculo est\u00e1 tejido a mano con hilo hipoalerg\u00e9nico, suave y de algod\u00f3n. Est\u00e1 relleno con holofibra y hecho en un hogar libre de humo y mascotas.<\/p>\n<p><strong>Hecho en Estonia, Uni\u00f3n Europea.<\/strong><\/p>\n<p><strong>Contenido del Set:<\/strong> \u2022 1x Juguete para Dormir<\/p>\n<p><strong>\u00a1El regalo perfecto para beb\u00e9!<\/strong><br \/>\nEmbalaje listo para regalo, ideal para baby shower, registro de beb\u00e9 o cualquier celebraci\u00f3n de cumplea\u00f1os.<\/p>\n<p><strong>Recomendaciones de cuidado:<\/strong> \u2022 Para prevenir reacciones al\u00e9rgicas, utiliza detergentes l\u00edquidos e hipoalerg\u00e9nicos.<br \/>\n\u2022 Usa el ciclo delicado de la lavadora y ajusta la temperatura a 30 grados durante 30 minutos.<br \/>\n\u2022 Despu\u00e9s de lavar, deja el juguete plano para que se seque.<\/p>\n","protected":false},"excerpt":{"rendered":"<p>\u00bfEst\u00e1s buscando un amigo de sue\u00f1o \u00fanico y acogedor para tu peque\u00f1o? \u00a1No busques m\u00e1s, este adorable juguete tejido a mano es justo lo que necesitas! Es perfecto para acurrucarse antes de dormir y para jugar durante el d\u00eda, convirti\u00e9ndolo en un regalo ideal para cualquier beb\u00e9 o ni\u00f1o, sin importar la edad.<\/p>\n","protected":false},"featured_media":23891,"comment_status":"open","ping_status":"closed","template":"","meta":[],"product_brand":[],"product_cat":[531,536],"product_tag":[],"class_list":{"0":"post-23890","1":"product","2":"type-product","3":"status-publish","4":"has-post-thumbnail","6":"product_cat-hecho-por-encargo","7":"product_cat-juguetes-para-abrazar","9":"first","10":"onbackorder","11":"taxable","12":"shipping-taxable","13":"purchasable","14":"product-type-simple"},"_links":{"self":[{"href":"https:\/\/tinyknit.eu\/es\/wp-json\/wp\/v2\/product\/23890","targetHints":{"allow":["GET"]}}],"collection":[{"href":"https:\/\/tinyknit.eu\/es\/wp-json\/wp\/v2\/product"}],"about":[{"href":"https:\/\/tinyknit.eu\/es\/wp-json\/wp\/v2\/types\/product"}],"replies":[{"embeddable":true,"href":"https:\/\/tinyknit.eu\/es\/wp-json\/wp\/v2\/comments?post=23890"}],"version-history":[{"count":1,"href":"https:\/\/tinyknit.eu\/es\/wp-json\/wp\/v2\/product\/23890\/revisions"}],"predecessor-version":[{"id":23893,"href":"https:\/\/tinyknit.eu\/es\/wp-json\/wp\/v2\/product\/23890\/revisions\/23893"}],"wp:featuredmedia":[{"embeddable":true,"href":"https:\/\/tinyknit.eu\/es\/wp-json\/wp\/v2\/media\/23891"}],"wp:attachment":[{"href":"https:\/\/tinyknit.eu\/es\/wp-json\/wp\/v2\/media?parent=23890"}],"wp:term":[{"taxonomy":"product_brand","embeddable":true,"href":"https:\/\/tinyknit.eu\/es\/wp-json\/wp\/v2\/product_brand?post=23890"},{"taxonomy":"product_cat","embeddable":true,"href":"https:\/\/tinyknit.eu\/es\/wp-json\/wp\/v2\/product_cat?post=23890"},{"taxonomy":"product_tag","embeddable":true,"href":"https:\/\/tinyknit.eu\/es\/wp-json\/wp\/v2\/product_tag?post=23890"}],"curies":[{"name":"wp","href":"https:\/\/api.w.org\/{rel}","templated":true}]}}