{"id":23883,"date":"2023-10-27T15:07:28","date_gmt":"2023-10-27T15:07:28","guid":{"rendered":"https:\/\/tinyknit.eu\/?post_type=product&#038;p=23883"},"modified":"2024-11-20T08:43:24","modified_gmt":"2024-11-20T08:43:24","slug":"juguete-de-peluche-para-dormir-manta-grinch-2","status":"publish","type":"product","link":"https:\/\/tinyknit.eu\/es\/product\/juguetes-para-abrazar\/juguete-de-peluche-para-dormir-manta-grinch-2\/","title":{"rendered":"Juguete de Peluche para Dormir, Manta \u2013 Grinch"},"content":{"rendered":"<p>\u00bfEst\u00e1s buscando un amigo de sue\u00f1o \u00fanico y acogedor para tu peque\u00f1o? \u00a1No busques m\u00e1s, este adorable juguete tejido a mano es justo lo que necesitas! Es perfecto para acurrucarse antes de dormir y para jugar durante el d\u00eda, convirti\u00e9ndolo en un regalo ideal para cualquier beb\u00e9 o ni\u00f1o, sin importar la edad.<\/p>\n<p><strong>Caracter\u00edsticas:<\/strong> \u2022 El Juguete para Dormir puede enriquecer las sensaciones t\u00e1ctiles, ya que combina diferentes texturas de hilos, lo que ser\u00e1 interesante para el ni\u00f1o y lo ayudar\u00e1 a aprender sobre el mundo que lo rodea.<br \/>\n\u2022 Todos los juguetes est\u00e1n hechos con materiales hipoalerg\u00e9nicos, lo que los hace seguros para los ni\u00f1os.<br \/>\n\u2022 Un juguete puede convertirse en una interesante adici\u00f3n a la decoraci\u00f3n de la habitaci\u00f3n de cualquier ni\u00f1o.<\/p>\n<p><strong>Tama\u00f1o:<\/strong> aprox. 60 x 17 cm<br \/>\n<strong>Material:<\/strong> Este art\u00edculo est\u00e1 tejido a mano con hilo hipoalerg\u00e9nico, suave y de algod\u00f3n. Est\u00e1 relleno con holofibra y hecho en un hogar libre de humo y mascotas.<\/p>\n<p>Hecho en Estonia, Uni\u00f3n Europea.<\/p>\n<p><strong>El set contiene:<\/strong> \u2022 1x Juguete para Dormir<\/p>\n<p><strong>\u00a1El regalo perfecto para el beb\u00e9!<\/strong><br \/>\nEmbalaje listo para regalo para cualquier baby shower, registro de beb\u00e9 o celebraci\u00f3n de cumplea\u00f1os.<\/p>\n<p><strong>Recomendaciones de cuidado:<\/strong><br \/>\n\u2022 Para evitar reacciones al\u00e9rgicas, use detergentes l\u00edquidos e hipoalerg\u00e9nicos.<br \/>\n\u2022 Use el ciclo delicado de la lavadora y ajuste la temperatura a 30 grados durante 30 minutos.<br \/>\n\u2022 Despu\u00e9s del lavado, deje el juguete plano para que se seque.<\/p>\n","protected":false},"excerpt":{"rendered":"<p>\u00bfEst\u00e1s buscando un amigo de sue\u00f1o \u00fanico y acogedor para tu peque\u00f1o? \u00a1No busques m\u00e1s, este adorable juguete tejido a mano es justo lo que necesitas! Es perfecto para acurrucarse antes de dormir y para jugar durante el d\u00eda, convirti\u00e9ndolo en un regalo ideal para cualquier beb\u00e9 o ni\u00f1o, sin importar la edad.<\/p>\n","protected":false},"featured_media":23885,"comment_status":"open","ping_status":"closed","template":"","meta":[],"product_brand":[],"product_cat":[536,535,666],"product_tag":[],"class_list":{"0":"post-23883","1":"product","2":"type-product","3":"status-publish","4":"has-post-thumbnail","6":"product_cat-juguetes-para-abrazar","7":"product_cat-listo-para-enviar","8":"product_cat-ofertas","10":"first","11":"instock","12":"sale","13":"taxable","14":"shipping-taxable","15":"purchasable","16":"product-type-simple"},"_links":{"self":[{"href":"https:\/\/tinyknit.eu\/es\/wp-json\/wp\/v2\/product\/23883","targetHints":{"allow":["GET"]}}],"collection":[{"href":"https:\/\/tinyknit.eu\/es\/wp-json\/wp\/v2\/product"}],"about":[{"href":"https:\/\/tinyknit.eu\/es\/wp-json\/wp\/v2\/types\/product"}],"replies":[{"embeddable":true,"href":"https:\/\/tinyknit.eu\/es\/wp-json\/wp\/v2\/comments?post=23883"}],"version-history":[{"count":1,"href":"https:\/\/tinyknit.eu\/es\/wp-json\/wp\/v2\/product\/23883\/revisions"}],"predecessor-version":[{"id":23889,"href":"https:\/\/tinyknit.eu\/es\/wp-json\/wp\/v2\/product\/23883\/revisions\/23889"}],"wp:featuredmedia":[{"embeddable":true,"href":"https:\/\/tinyknit.eu\/es\/wp-json\/wp\/v2\/media\/23885"}],"wp:attachment":[{"href":"https:\/\/tinyknit.eu\/es\/wp-json\/wp\/v2\/media?parent=23883"}],"wp:term":[{"taxonomy":"product_brand","embeddable":true,"href":"https:\/\/tinyknit.eu\/es\/wp-json\/wp\/v2\/product_brand?post=23883"},{"taxonomy":"product_cat","embeddable":true,"href":"https:\/\/tinyknit.eu\/es\/wp-json\/wp\/v2\/product_cat?post=23883"},{"taxonomy":"product_tag","embeddable":true,"href":"https:\/\/tinyknit.eu\/es\/wp-json\/wp\/v2\/product_tag?post=23883"}],"curies":[{"name":"wp","href":"https:\/\/api.w.org\/{rel}","templated":true}]}}