{"id":23873,"date":"2023-10-30T12:43:32","date_gmt":"2023-10-30T12:43:32","guid":{"rendered":"https:\/\/tinyknit.eu\/?post_type=product&#038;p=23873"},"modified":"2025-08-28T11:18:00","modified_gmt":"2025-08-28T11:18:00","slug":"juguete-de-peluche-para-dormir-manta-cebra","status":"publish","type":"product","link":"https:\/\/tinyknit.eu\/es\/product\/hecho-por-encargo\/juguete-de-peluche-para-dormir-manta-cebra\/","title":{"rendered":"Juguete de Peluche para Dormir, Manta \u2013 Cebra"},"content":{"rendered":"<p>\u00bfEst\u00e1s buscando un amigo para dormir \u00fanico y acogedor para tu peque\u00f1o? \u00a1No busques m\u00e1s, este adorable juguete tejido a ganchillo es justo lo que necesitas! Es perfecto para abrazos durante la hora de dormir y para divertirse durante el d\u00eda, lo que lo convierte en el regalo ideal para cualquier beb\u00e9 o ni\u00f1o, sin importar la edad.<\/p>\n<p><strong>Caracter\u00edsticas:<\/strong><br \/>\n\u2022 El Juguete para Dormir enriquece las sensaciones t\u00e1ctiles al combinar hilos de diferentes texturas, lo que resultar\u00e1 interesante para el ni\u00f1o y lo ayudar\u00e1 a aprender sobre el mundo que lo rodea.<br \/>\n\u2022 Todos los juguetes est\u00e1n hechos con materiales hipoalerg\u00e9nicos, lo que los hace seguros para el ni\u00f1o.<br \/>\n\u2022 El juguete puede convertirse en un elemento interesante de decoraci\u00f3n en la habitaci\u00f3n del ni\u00f1o.<\/p>\n<p><strong>Tama\u00f1o:<\/strong> aprox. 58 x 16 cm<br \/>\n<strong>Material:<\/strong> Este art\u00edculo est\u00e1 tejido a mano utilizando hilos hipoalerg\u00e9nicos, de felpa y algod\u00f3n. Est\u00e1 relleno con holofibra y hecho en un hogar libre de humo y mascotas.<\/p>\n<p><strong>Hecho en Estonia, Uni\u00f3n Europea.<\/strong><\/p>\n<p><strong>El set contiene:<\/strong> \u2022 1x Juguete para Dormir<\/p>\n<p><strong>\u00a1El Regalo Perfecto para Beb\u00e9s!<\/strong><br \/>\nEmpaque listo para regalar para cualquier baby shower, registro de beb\u00e9 o celebraci\u00f3n de cumplea\u00f1os.<\/p>\n<p><strong>Recomendaciones de cuidado:<\/strong> \u2022 Para prevenir reacciones al\u00e9rgicas, usa detergentes l\u00edquidos y hipoalerg\u00e9nicos.<br \/>\n\u2022 Usa el ciclo delicado de la lavadora y ajusta la temperatura a 30 grados durante 30 minutos.<br \/>\n\u2022 Despu\u00e9s de lavar, coloca el juguete sobre una superficie plana para que se seque.<\/p>\n","protected":false},"excerpt":{"rendered":"<p>\u00bfEst\u00e1s buscando un amigo para dormir \u00fanico y acogedor para tu peque\u00f1o? \u00a1No busques m\u00e1s, este adorable juguete tejido a ganchillo es justo lo que necesitas! Es perfecto para abrazos durante la hora de dormir y para divertirse durante el d\u00eda, lo que lo convierte en el regalo ideal para cualquier beb\u00e9 o ni\u00f1o, sin importar la edad.<\/p>\n","protected":false},"featured_media":44528,"comment_status":"open","ping_status":"closed","template":"","meta":[],"product_brand":[],"product_cat":[531,536],"product_tag":[],"class_list":{"0":"post-23873","1":"product","2":"type-product","3":"status-publish","4":"has-post-thumbnail","6":"product_cat-hecho-por-encargo","7":"product_cat-juguetes-para-abrazar","9":"first","10":"onbackorder","11":"taxable","12":"shipping-taxable","13":"purchasable","14":"product-type-simple"},"_links":{"self":[{"href":"https:\/\/tinyknit.eu\/es\/wp-json\/wp\/v2\/product\/23873","targetHints":{"allow":["GET"]}}],"collection":[{"href":"https:\/\/tinyknit.eu\/es\/wp-json\/wp\/v2\/product"}],"about":[{"href":"https:\/\/tinyknit.eu\/es\/wp-json\/wp\/v2\/types\/product"}],"replies":[{"embeddable":true,"href":"https:\/\/tinyknit.eu\/es\/wp-json\/wp\/v2\/comments?post=23873"}],"version-history":[{"count":1,"href":"https:\/\/tinyknit.eu\/es\/wp-json\/wp\/v2\/product\/23873\/revisions"}],"predecessor-version":[{"id":23877,"href":"https:\/\/tinyknit.eu\/es\/wp-json\/wp\/v2\/product\/23873\/revisions\/23877"}],"wp:featuredmedia":[{"embeddable":true,"href":"https:\/\/tinyknit.eu\/es\/wp-json\/wp\/v2\/media\/44528"}],"wp:attachment":[{"href":"https:\/\/tinyknit.eu\/es\/wp-json\/wp\/v2\/media?parent=23873"}],"wp:term":[{"taxonomy":"product_brand","embeddable":true,"href":"https:\/\/tinyknit.eu\/es\/wp-json\/wp\/v2\/product_brand?post=23873"},{"taxonomy":"product_cat","embeddable":true,"href":"https:\/\/tinyknit.eu\/es\/wp-json\/wp\/v2\/product_cat?post=23873"},{"taxonomy":"product_tag","embeddable":true,"href":"https:\/\/tinyknit.eu\/es\/wp-json\/wp\/v2\/product_tag?post=23873"}],"curies":[{"name":"wp","href":"https:\/\/api.w.org\/{rel}","templated":true}]}}