{"id":23858,"date":"2024-04-04T08:51:40","date_gmt":"2024-04-04T08:51:40","guid":{"rendered":"https:\/\/tinyknit.eu\/?post_type=product&#038;p=23858"},"modified":"2025-07-30T16:38:14","modified_gmt":"2025-07-30T16:38:14","slug":"juguete-de-peluche-para-dormir-manta-buho","status":"publish","type":"product","link":"https:\/\/tinyknit.eu\/es\/product\/hecho-por-encargo\/juguete-de-peluche-para-dormir-manta-buho\/","title":{"rendered":"Juguete de Peluche para Dormir, Manta \u2013 B\u00faho"},"content":{"rendered":"<p>\u00bfEst\u00e1s buscando un amigo \u00fanico y acogedor para que tu peque\u00f1o duerma? \u00a1No busques m\u00e1s, este lindo juguete de ganchillo es justo lo que necesitas! Es perfecto para abrazar a la hora de dormir y para divertirse durante el d\u00eda, convirti\u00e9ndolo en un regalo ideal para cualquier beb\u00e9 o ni\u00f1o, sin importar la edad.<\/p>\n<p><strong>Caracter\u00edsticas:<\/strong><\/p>\n<p>\u2022 El Juguete para Dormir puede enriquecer las sensaciones t\u00e1ctiles ya que combina diferentes hilos de texturas, lo que ser\u00e1 interesante para el ni\u00f1o y le ayudar\u00e1 a aprender sobre el mundo que lo rodea.<\/p>\n<p>\u2022 Todos los juguetes est\u00e1n hechos con materiales hipoalerg\u00e9nicos, lo que los hace seguros para el ni\u00f1o.<\/p>\n<p>\u2022 El juguete puede convertirse en una adici\u00f3n interesante a la decoraci\u00f3n de la habitaci\u00f3n de cualquier ni\u00f1o.<\/p>\n<p><strong>Altura:<\/strong> aprox. 40 cm<br \/>\n<strong>Material:<\/strong> Este art\u00edculo est\u00e1 tejido a mano utilizando hilos hipoalerg\u00e9nicos, de peluche y algod\u00f3n. Est\u00e1 relleno con holofibra y se elabora en un hogar libre de humo y mascotas.<\/p>\n<p>Hecho en Estonia, Uni\u00f3n Europea.<\/p>\n<p><strong>El set contiene:<\/strong><br \/>\n\u2022 1x Juguete para Dormir<\/p>\n<p><strong>\u00a1El Regalo Perfecto para Beb\u00e9s!<\/strong><br \/>\nEmpaque listo para regalar en cualquier baby shower, lista de regalos para beb\u00e9 o celebraci\u00f3n de cumplea\u00f1os.<\/p>\n<p><strong>Recomendaciones de cuidado:<\/strong> \u2022 Para prevenir reacciones al\u00e9rgicas, use detergentes l\u00edquidos y hipoalerg\u00e9nicos. \u2022 Use el ciclo delicado de la lavadora y ajuste la temperatura a 30 grados durante 30 minutos. \u2022 Despu\u00e9s de lavar, deje secar el juguete plano.<\/p>\n","protected":false},"excerpt":{"rendered":"<p>\u00bfEst\u00e1s buscando un amigo \u00fanico y acogedor para que tu peque\u00f1o duerma? \u00a1No busques m\u00e1s, este lindo juguete de ganchillo es justo lo que necesitas! Es perfecto para abrazar a la hora de dormir y para divertirse durante el d\u00eda, convirti\u00e9ndolo en un regalo ideal para cualquier beb\u00e9 o ni\u00f1o, sin importar la edad.<\/p>\n","protected":false},"featured_media":23862,"comment_status":"open","ping_status":"closed","template":"","meta":[],"product_brand":[],"product_cat":[531,536],"product_tag":[],"class_list":{"0":"post-23858","1":"product","2":"type-product","3":"status-publish","4":"has-post-thumbnail","6":"product_cat-hecho-por-encargo","7":"product_cat-juguetes-para-abrazar","9":"first","10":"onbackorder","11":"taxable","12":"shipping-taxable","13":"purchasable","14":"product-type-simple"},"_links":{"self":[{"href":"https:\/\/tinyknit.eu\/es\/wp-json\/wp\/v2\/product\/23858","targetHints":{"allow":["GET"]}}],"collection":[{"href":"https:\/\/tinyknit.eu\/es\/wp-json\/wp\/v2\/product"}],"about":[{"href":"https:\/\/tinyknit.eu\/es\/wp-json\/wp\/v2\/types\/product"}],"replies":[{"embeddable":true,"href":"https:\/\/tinyknit.eu\/es\/wp-json\/wp\/v2\/comments?post=23858"}],"version-history":[{"count":1,"href":"https:\/\/tinyknit.eu\/es\/wp-json\/wp\/v2\/product\/23858\/revisions"}],"predecessor-version":[{"id":23863,"href":"https:\/\/tinyknit.eu\/es\/wp-json\/wp\/v2\/product\/23858\/revisions\/23863"}],"wp:featuredmedia":[{"embeddable":true,"href":"https:\/\/tinyknit.eu\/es\/wp-json\/wp\/v2\/media\/23862"}],"wp:attachment":[{"href":"https:\/\/tinyknit.eu\/es\/wp-json\/wp\/v2\/media?parent=23858"}],"wp:term":[{"taxonomy":"product_brand","embeddable":true,"href":"https:\/\/tinyknit.eu\/es\/wp-json\/wp\/v2\/product_brand?post=23858"},{"taxonomy":"product_cat","embeddable":true,"href":"https:\/\/tinyknit.eu\/es\/wp-json\/wp\/v2\/product_cat?post=23858"},{"taxonomy":"product_tag","embeddable":true,"href":"https:\/\/tinyknit.eu\/es\/wp-json\/wp\/v2\/product_tag?post=23858"}],"curies":[{"name":"wp","href":"https:\/\/api.w.org\/{rel}","templated":true}]}}