{"id":23819,"date":"2024-08-18T11:32:54","date_gmt":"2024-08-18T11:32:54","guid":{"rendered":"https:\/\/tinyknit.eu\/?post_type=product&#038;p=23819"},"modified":"2024-11-20T08:31:58","modified_gmt":"2024-11-20T08:31:58","slug":"juguete-de-peluche-para-dormir-manta-polilla","status":"publish","type":"product","link":"https:\/\/tinyknit.eu\/es\/product\/juguetes-para-abrazar\/juguete-de-peluche-para-dormir-manta-polilla\/","title":{"rendered":"Juguete de Peluche para Dormir, Manta \u2013 Polilla"},"content":{"rendered":"<p>\u00bfEst\u00e1s buscando un amigo \u00fanico y acogedor para que tu peque\u00f1o duerma? \u00a1No busques m\u00e1s, este lindo juguete de ganchillo es justo lo que necesitas! Es perfecto para abrazar a la hora de dormir y para divertirse durante el d\u00eda, convirti\u00e9ndolo en un regalo ideal para cualquier beb\u00e9 o ni\u00f1o, sin importar la edad.<\/p>\n<p><strong>Caracter\u00edsticas:<\/strong><br \/>\n\u2022 <strong>Comunicaci\u00f3n con los padres.<\/strong> La capacidad de retener el olor de mam\u00e1 o pap\u00e1. Coloca el juguete cerca de tu beb\u00e9 mientras lo alimentas o lo arrullas, y absorber\u00e1 tu aroma. De esta forma, el beb\u00e9 siempre sentir\u00e1 tu cercan\u00eda, incluso cuando no est\u00e9s cerca.<br \/>\n\u2022 <strong>Exploraci\u00f3n.<\/strong> El juguete de ganchillo en forma de polilla ofrece una experiencia t\u00e1ctil rica, lo que cautivar\u00e1 el inter\u00e9s del ni\u00f1o y le ayudar\u00e1 a explorar el mundo que lo rodea.<br \/>\n\u2022 <strong>Crear recuerdos.<\/strong> Nuestros juguetes pueden usarse como accesorios para fotograf\u00eda de reci\u00e9n nacidos.<br \/>\n\u2022 <strong>Efectos calmantes.<\/strong> El juguete de ganchillo en forma de polilla crea comodidad y seguridad para el beb\u00e9 tanto de d\u00eda como de noche.<br \/>\n\u2022 El set incluye dos pares de alas que se pueden quitar f\u00e1cilmente.<\/p>\n<p><strong>Perfecto para:<\/strong><br \/>\n\u2022 Un maravilloso regalo para baby showers, listas de regalos para beb\u00e9, celebraciones de cumplea\u00f1os, Navidad o cualquier otra ocasi\u00f3n.<br \/>\n\u2022 Juguetes \u00fanicos que tambi\u00e9n pueden ser una encantadora adici\u00f3n a la decoraci\u00f3n de la habitaci\u00f3n de cualquier ni\u00f1o.<\/p>\n<p><strong>Tama\u00f1o completo:<\/strong> aprox. 34 cm (13,3\u201d)<br \/>\n<strong>Hilo:<\/strong> 100% Micropoli\u00e9ster (Oeko-Tex 100 Standard) y 100% Piel Sint\u00e9tica de Poli\u00e9ster. Hilo hipoalerg\u00e9nico y suave. Muy suave, abrazable y seguro para los ni\u00f1os.<br \/>\n<strong>Relleno:<\/strong> Holofibra.<\/p>\n<p>Nuestros juguetes est\u00e1n hechos en un hogar libre de humo y mascotas.<br \/>\nHecho en Estonia, Uni\u00f3n Europea.<\/p>\n<p><strong>El set contiene:<\/strong><br \/>\n\u2022 1x Juguete de Ganchillo Polilla con alas en lazos<\/p>\n<p><strong>\u00a1El Regalo Perfecto para Beb\u00e9s!<\/strong><br \/>\nEmpaque listo para regalar en cualquier baby shower, lista de regalos para beb\u00e9 o celebraci\u00f3n de cumplea\u00f1os.<\/p>\n<p><strong>Recomendaciones de cuidado:<\/strong><br \/>\n\u2022 Para prevenir reacciones al\u00e9rgicas, use detergentes l\u00edquidos y hipoalerg\u00e9nicos.<br \/>\n\u2022 Use el ciclo delicado de la lavadora y ajuste la temperatura a 30 grados durante 30 minutos.<br \/>\n\u2022 Despu\u00e9s de lavar, deje secar el juguete plano.<\/p>\n","protected":false},"excerpt":{"rendered":"<p>\u00bfEst\u00e1s buscando un amigo \u00fanico y acogedor para que tu peque\u00f1o duerma? \u00a1No busques m\u00e1s, este lindo juguete de ganchillo es justo lo que necesitas! Es perfecto para abrazar a la hora de dormir y para divertirse durante el d\u00eda, convirti\u00e9ndolo en un regalo ideal para cualquier beb\u00e9 o ni\u00f1o, sin importar la edad.<\/p>\n","protected":false},"featured_media":23834,"comment_status":"open","ping_status":"closed","template":"","meta":[],"product_brand":[],"product_cat":[536,535],"product_tag":[],"class_list":{"0":"post-23819","1":"product","2":"type-product","3":"status-publish","4":"has-post-thumbnail","6":"product_cat-juguetes-para-abrazar","7":"product_cat-listo-para-enviar","9":"first","10":"instock","11":"taxable","12":"shipping-taxable","13":"purchasable","14":"product-type-variable"},"_links":{"self":[{"href":"https:\/\/tinyknit.eu\/es\/wp-json\/wp\/v2\/product\/23819","targetHints":{"allow":["GET"]}}],"collection":[{"href":"https:\/\/tinyknit.eu\/es\/wp-json\/wp\/v2\/product"}],"about":[{"href":"https:\/\/tinyknit.eu\/es\/wp-json\/wp\/v2\/types\/product"}],"replies":[{"embeddable":true,"href":"https:\/\/tinyknit.eu\/es\/wp-json\/wp\/v2\/comments?post=23819"}],"version-history":[{"count":1,"href":"https:\/\/tinyknit.eu\/es\/wp-json\/wp\/v2\/product\/23819\/revisions"}],"predecessor-version":[{"id":23842,"href":"https:\/\/tinyknit.eu\/es\/wp-json\/wp\/v2\/product\/23819\/revisions\/23842"}],"wp:featuredmedia":[{"embeddable":true,"href":"https:\/\/tinyknit.eu\/es\/wp-json\/wp\/v2\/media\/23834"}],"wp:attachment":[{"href":"https:\/\/tinyknit.eu\/es\/wp-json\/wp\/v2\/media?parent=23819"}],"wp:term":[{"taxonomy":"product_brand","embeddable":true,"href":"https:\/\/tinyknit.eu\/es\/wp-json\/wp\/v2\/product_brand?post=23819"},{"taxonomy":"product_cat","embeddable":true,"href":"https:\/\/tinyknit.eu\/es\/wp-json\/wp\/v2\/product_cat?post=23819"},{"taxonomy":"product_tag","embeddable":true,"href":"https:\/\/tinyknit.eu\/es\/wp-json\/wp\/v2\/product_tag?post=23819"}],"curies":[{"name":"wp","href":"https:\/\/api.w.org\/{rel}","templated":true}]}}