{"id":23754,"date":"2024-04-04T06:36:02","date_gmt":"2024-04-04T06:36:02","guid":{"rendered":"https:\/\/tinyknit.eu\/?post_type=product&#038;p=23754"},"modified":"2025-07-30T17:44:02","modified_gmt":"2025-07-30T17:44:02","slug":"juguete-de-peluche-de-ganchillo-dragon","status":"publish","type":"product","link":"https:\/\/tinyknit.eu\/es\/product\/hecho-por-encargo\/juguete-de-peluche-de-ganchillo-dragon\/","title":{"rendered":"Juguete de Peluche de Ganchillo \u2013 Drag\u00f3n"},"content":{"rendered":"<div class=\"flex max-w-full flex-col flex-grow\">\n<div class=\"min-h-8 text-message flex w-full flex-col items-end gap-2 whitespace-normal break-words [.text-message+&amp;]:mt-5\" dir=\"auto\" data-message-author-role=\"assistant\" data-message-id=\"177ec373-ffaa-4922-8fdf-0c8326730058\" data-message-model-slug=\"gpt-4o-mini\">\n<div class=\"flex w-full flex-col gap-1 empty:hidden first:pt-[3px]\">\n<div class=\"markdown prose w-full break-words dark:prose-invert light\">\n<p>Este Peluche de Ganchillo es un juguete de peluche hecho a mano, confeccionado con hilo suave y duradero. Su dise\u00f1o intrincado de ganchillo y colores vibrantes lo convierten en una adici\u00f3n \u00fanica y encantadora a cualquier colecci\u00f3n de juguetes. Perfecto para abrazar o como pieza decorativa, este peluche seguramente traer\u00e1 alegr\u00eda y comodidad a personas de todas las edades.<\/p>\n<p><strong>Caracter\u00edsticas:<\/strong><br \/>\n\u2022 El Peluche de Ganchillo enriquece las sensaciones t\u00e1ctiles al combinar diferentes hilos de texturas, lo que cautivar\u00e1 el inter\u00e9s del ni\u00f1o y lo ayudar\u00e1 a explorar el mundo que lo rodea.<br \/>\n\u2022 Todos los juguetes est\u00e1n hechos con materiales hipoalerg\u00e9nicos, garantizando que sean seguros para los ni\u00f1os.<br \/>\n\u2022 Este juguete tambi\u00e9n puede servir como una encantadora adici\u00f3n a la decoraci\u00f3n de cualquier habitaci\u00f3n infantil.<\/p>\n<p><strong>Altura:<\/strong> aprox. 50 cm<br \/>\n<strong>Material:<\/strong> Este art\u00edculo est\u00e1 tejido a mano utilizando hilos hipoalerg\u00e9nicos, de peluche y algod\u00f3n. Est\u00e1 relleno con holofibra y se elabora en un hogar libre de humo y mascotas.<\/p>\n<p><strong>Hecho en Estonia, Uni\u00f3n Europea.<\/strong><\/p>\n<p><strong>El set contiene:<\/strong><br \/>\n\u2022 1x Peluche de Ganchillo<\/p>\n<p><strong>\u00a1Regalo Perfecto para Beb\u00e9s!<\/strong><br \/>\nEmpaque listo para regalar en cualquier baby shower, lista de regalos para beb\u00e9 o celebraci\u00f3n de cumplea\u00f1os.<\/p>\n<p>Recomendaciones de cuidado:<br \/>\n\u2022 Para prevenir reacciones al\u00e9rgicas, use detergentes l\u00edquidos y hipoalerg\u00e9nicos.<br \/>\n\u2022 Use el ciclo delicado de la lavadora y ajuste la temperatura a 30\u00b0C durante 30 minutos.<br \/>\n\u2022 Despu\u00e9s de lavar, deje secar el juguete plano.<\/p>\n<\/div>\n<\/div>\n<\/div>\n<\/div>\n","protected":false},"excerpt":{"rendered":"<p>Este Peluche de Ganchillo es un juguete de peluche hecho a mano, confeccionado con hilo suave y duradero. Su dise\u00f1o intrincado de ganchillo y colores vibrantes lo convierten en una adici\u00f3n \u00fanica y encantadora a cualquier colecci\u00f3n de juguetes. Perfecto para abrazar o como pieza decorativa, este peluche seguramente traer\u00e1 alegr\u00eda y comodidad a personas de todas las edades.<\/p>\n","protected":false},"featured_media":23757,"comment_status":"open","ping_status":"closed","template":"","meta":[],"product_brand":[],"product_cat":[531,538],"product_tag":[],"class_list":{"0":"post-23754","1":"product","2":"type-product","3":"status-publish","4":"has-post-thumbnail","6":"product_cat-hecho-por-encargo","7":"product_cat-juguetes-de-peluche","9":"first","10":"onbackorder","11":"taxable","12":"shipping-taxable","13":"purchasable","14":"product-type-simple"},"_links":{"self":[{"href":"https:\/\/tinyknit.eu\/es\/wp-json\/wp\/v2\/product\/23754","targetHints":{"allow":["GET"]}}],"collection":[{"href":"https:\/\/tinyknit.eu\/es\/wp-json\/wp\/v2\/product"}],"about":[{"href":"https:\/\/tinyknit.eu\/es\/wp-json\/wp\/v2\/types\/product"}],"replies":[{"embeddable":true,"href":"https:\/\/tinyknit.eu\/es\/wp-json\/wp\/v2\/comments?post=23754"}],"version-history":[{"count":2,"href":"https:\/\/tinyknit.eu\/es\/wp-json\/wp\/v2\/product\/23754\/revisions"}],"predecessor-version":[{"id":23759,"href":"https:\/\/tinyknit.eu\/es\/wp-json\/wp\/v2\/product\/23754\/revisions\/23759"}],"wp:featuredmedia":[{"embeddable":true,"href":"https:\/\/tinyknit.eu\/es\/wp-json\/wp\/v2\/media\/23757"}],"wp:attachment":[{"href":"https:\/\/tinyknit.eu\/es\/wp-json\/wp\/v2\/media?parent=23754"}],"wp:term":[{"taxonomy":"product_brand","embeddable":true,"href":"https:\/\/tinyknit.eu\/es\/wp-json\/wp\/v2\/product_brand?post=23754"},{"taxonomy":"product_cat","embeddable":true,"href":"https:\/\/tinyknit.eu\/es\/wp-json\/wp\/v2\/product_cat?post=23754"},{"taxonomy":"product_tag","embeddable":true,"href":"https:\/\/tinyknit.eu\/es\/wp-json\/wp\/v2\/product_tag?post=23754"}],"curies":[{"name":"wp","href":"https:\/\/api.w.org\/{rel}","templated":true}]}}