{"id":23743,"date":"2024-04-04T07:08:04","date_gmt":"2024-04-04T07:08:04","guid":{"rendered":"https:\/\/tinyknit.eu\/?post_type=product&#038;p=23743"},"modified":"2024-11-20T08:38:45","modified_gmt":"2024-11-20T08:38:45","slug":"juguete-de-peluche-de-ganchillo-oso","status":"publish","type":"product","link":"https:\/\/tinyknit.eu\/es\/product\/hecho-por-encargo\/juguete-de-peluche-de-ganchillo-oso\/","title":{"rendered":"Juguete de Peluche de Ganchillo \u2013 Oso"},"content":{"rendered":"<p>El <strong>Juguete de Peluche de Ganchillo<\/strong> es un mu\u00f1eco artesanal hecho a mano con hilo suave y duradero. Su dise\u00f1o intrincado de ganchillo y colores vibrantes lo convierten en una adici\u00f3n \u00fanica y encantadora a cualquier colecci\u00f3n de juguetes. Perfecto para abrazar o como pieza decorativa, este peluche seguramente traer\u00e1 alegr\u00eda y confort a personas de todas las edades.<\/p>\n<p><strong>Caracter\u00edsticas:<\/strong><br \/>\n\u2022 El Juguete de Peluche puede enriquecer las sensaciones t\u00e1ctiles, ya que combina diferentes texturas de hilo que resultar\u00e1n interesantes para el ni\u00f1o y lo ayudar\u00e1n a explorar el mundo que lo rodea.<br \/>\n\u2022 Todos los juguetes est\u00e1n hechos de materiales hipoalerg\u00e9nicos, lo que los hace seguros para los ni\u00f1os.<br \/>\n\u2022 Este juguete puede convertirse en una adici\u00f3n interesante al interior de la habitaci\u00f3n de cualquier ni\u00f1o.<\/p>\n<p><strong>Altura:<\/strong> Aproximadamente 32 cm<br \/>\n<strong>Material:<\/strong><br \/>\nEste art\u00edculo est\u00e1 tejido a mano utilizando hilo hipoalerg\u00e9nico, suave y de algod\u00f3n. Est\u00e1 relleno con holofibra y fabricado en un hogar libre de humo y mascotas.<\/p>\n<p><strong>Fabricado en:<\/strong> Estonia, Uni\u00f3n Europea<\/p>\n<p><strong>El conjunto incluye:<\/strong><br \/>\n\u2022 1x Juguete de Peluche<\/p>\n<p><strong>\u00a1El regalo perfecto para un beb\u00e9!<\/strong><br \/>\nEmpaque listo para regalar en cualquier baby shower, lista de nacimiento o celebraci\u00f3n de cumplea\u00f1os.<\/p>\n<p><strong>Recomendaciones de cuidado:<\/strong><br \/>\n\u2022 Para prevenir reacciones al\u00e9rgicas, use detergentes l\u00edquidos e hipoalerg\u00e9nicos.<br \/>\n\u2022 Utilice el ciclo delicado de la lavadora y ajuste la temperatura a 30 grados durante 30 minutos.<br \/>\n\u2022 Despu\u00e9s del lavado, coloque el juguete en posici\u00f3n horizontal para secarlo.<br \/>\n\u2022 No colgar, retorcer ni planchar.<\/p>\n","protected":false},"excerpt":{"rendered":"<p>El <strong>Juguete de Peluche de Ganchillo<\/strong> es un mu\u00f1eco artesanal hecho a mano con hilo suave y duradero. Su dise\u00f1o intrincado de ganchillo y colores vibrantes lo convierten en una adici\u00f3n \u00fanica y encantadora a cualquier colecci\u00f3n de juguetes. Perfecto para abrazar o como pieza decorativa, este peluche seguramente traer\u00e1 alegr\u00eda y confort a personas de todas las edades.<\/p>\n","protected":false},"featured_media":23744,"comment_status":"open","ping_status":"closed","template":"","meta":[],"product_brand":[],"product_cat":[531,538],"product_tag":[],"class_list":{"0":"post-23743","1":"product","2":"type-product","3":"status-publish","4":"has-post-thumbnail","6":"product_cat-hecho-por-encargo","7":"product_cat-juguetes-de-peluche","9":"first","10":"onbackorder","11":"taxable","12":"shipping-taxable","13":"purchasable","14":"product-type-simple"},"_links":{"self":[{"href":"https:\/\/tinyknit.eu\/es\/wp-json\/wp\/v2\/product\/23743","targetHints":{"allow":["GET"]}}],"collection":[{"href":"https:\/\/tinyknit.eu\/es\/wp-json\/wp\/v2\/product"}],"about":[{"href":"https:\/\/tinyknit.eu\/es\/wp-json\/wp\/v2\/types\/product"}],"replies":[{"embeddable":true,"href":"https:\/\/tinyknit.eu\/es\/wp-json\/wp\/v2\/comments?post=23743"}],"version-history":[{"count":1,"href":"https:\/\/tinyknit.eu\/es\/wp-json\/wp\/v2\/product\/23743\/revisions"}],"predecessor-version":[{"id":23745,"href":"https:\/\/tinyknit.eu\/es\/wp-json\/wp\/v2\/product\/23743\/revisions\/23745"}],"wp:featuredmedia":[{"embeddable":true,"href":"https:\/\/tinyknit.eu\/es\/wp-json\/wp\/v2\/media\/23744"}],"wp:attachment":[{"href":"https:\/\/tinyknit.eu\/es\/wp-json\/wp\/v2\/media?parent=23743"}],"wp:term":[{"taxonomy":"product_brand","embeddable":true,"href":"https:\/\/tinyknit.eu\/es\/wp-json\/wp\/v2\/product_brand?post=23743"},{"taxonomy":"product_cat","embeddable":true,"href":"https:\/\/tinyknit.eu\/es\/wp-json\/wp\/v2\/product_cat?post=23743"},{"taxonomy":"product_tag","embeddable":true,"href":"https:\/\/tinyknit.eu\/es\/wp-json\/wp\/v2\/product_tag?post=23743"}],"curies":[{"name":"wp","href":"https:\/\/api.w.org\/{rel}","templated":true}]}}