{"id":23740,"date":"2024-04-04T07:12:05","date_gmt":"2024-04-04T07:12:05","guid":{"rendered":"https:\/\/tinyknit.eu\/?post_type=product&#038;p=23740"},"modified":"2026-04-14T13:24:49","modified_gmt":"2026-04-14T13:24:49","slug":"juguete-de-peluche-tejido-a-crochet-oso-2","status":"publish","type":"product","link":"https:\/\/tinyknit.eu\/es\/product\/hecho-por-encargo\/juguete-de-peluche-tejido-a-crochet-oso-2\/","title":{"rendered":"Juguete de Peluche Tejido a Crochet \u2013 Oso"},"content":{"rendered":"<p>El <strong>Juguete de Peluche Tejido a Crochet<\/strong> es un mu\u00f1eco artesanal hecho con hilo suave y duradero. Su dise\u00f1o intrincado de crochet y colores vibrantes lo convierten en una adici\u00f3n \u00fanica y encantadora para cualquier colecci\u00f3n de juguetes. Perfecto para abrazos o como pieza decorativa, este peluche seguramente traer\u00e1 alegr\u00eda y confort a personas de todas las edades.<\/p>\n<h3><strong>Caracter\u00edsticas:<\/strong><\/h3>\n<ul>\n<li><strong>Estimulaci\u00f3n t\u00e1ctil:<\/strong> Este peluche combina diferentes texturas de hilo, lo que resulta interesante para el ni\u00f1o y lo ayuda a explorar y aprender sobre su entorno.<\/li>\n<li><strong>Materiales hipoalerg\u00e9nicos:<\/strong> Todos los juguetes est\u00e1n hechos con materiales seguros para los ni\u00f1os.<\/li>\n<li><strong>Decoraci\u00f3n encantadora:<\/strong> Puede ser un complemento \u00fanico y atractivo para la decoraci\u00f3n del dormitorio infantil.<\/li>\n<\/ul>\n<h3><strong>Altura:<\/strong><\/h3>\n<ul>\n<li>Aprox. 32 cm<\/li>\n<\/ul>\n<h3><strong>Material:<\/strong><\/h3>\n<ul>\n<li><strong>Hilo:<\/strong> Tejido a mano con hilo de algod\u00f3n y felpa hipoalerg\u00e9nico, certificado por el est\u00e1ndar Oeko-Tex 100.<\/li>\n<li><strong>Relleno:<\/strong> Holofibra.<\/li>\n<li>Fabricado en un hogar libre de humo y mascotas.<\/li>\n<\/ul>\n<h3><strong>Fabricado en:<\/strong><\/h3>\n<p>Estonia, Uni\u00f3n Europea.<\/p>\n<h3><strong>El set incluye:<\/strong><\/h3>\n<ul>\n<li>1x Juguete de Peluche<\/li>\n<\/ul>\n<h3><strong>El regalo perfecto para beb\u00e9s:<\/strong><\/h3>\n<p>Empacado listo para regalar, ideal para baby showers, registros de beb\u00e9s o celebraciones de cumplea\u00f1os.<\/p>\n<h3><strong>Recomendaciones de cuidado:<\/strong><\/h3>\n<ul>\n<li>Para evitar reacciones al\u00e9rgicas, use detergentes l\u00edquidos e hipoalerg\u00e9nicos.<\/li>\n<li>Lave en ciclo delicado de la lavadora a una temperatura de 30 grados durante 30 minutos.<\/li>\n<li>Para evitar da\u00f1os al art\u00edculo, se recomienda utilizar una bolsa de lavado.<\/li>\n<li>Despu\u00e9s de lavar, deje secar el juguete en posici\u00f3n horizontal.<\/li>\n<li>No colgar, retorcer ni planchar.<\/li>\n<\/ul>\n","protected":false},"excerpt":{"rendered":"<p>El <strong>Juguete de Peluche Tejido a Crochet<\/strong> es un mu\u00f1eco artesanal hecho con hilo suave y duradero. Su dise\u00f1o intrincado de crochet y colores vibrantes lo convierten en una adici\u00f3n \u00fanica y encantadora para cualquier colecci\u00f3n de juguetes. Perfecto para abrazos o como pieza decorativa, este peluche seguramente traer\u00e1 alegr\u00eda y confort a personas de todas las edades.<\/p>\n","protected":false},"featured_media":23741,"comment_status":"open","ping_status":"closed","template":"","meta":[],"product_brand":[],"product_cat":[531,538],"product_tag":[],"class_list":{"0":"post-23740","1":"product","2":"type-product","3":"status-publish","4":"has-post-thumbnail","6":"product_cat-hecho-por-encargo","7":"product_cat-juguetes-de-peluche","9":"first","10":"onbackorder","11":"taxable","12":"shipping-taxable","13":"purchasable","14":"product-type-simple"},"_links":{"self":[{"href":"https:\/\/tinyknit.eu\/es\/wp-json\/wp\/v2\/product\/23740","targetHints":{"allow":["GET"]}}],"collection":[{"href":"https:\/\/tinyknit.eu\/es\/wp-json\/wp\/v2\/product"}],"about":[{"href":"https:\/\/tinyknit.eu\/es\/wp-json\/wp\/v2\/types\/product"}],"replies":[{"embeddable":true,"href":"https:\/\/tinyknit.eu\/es\/wp-json\/wp\/v2\/comments?post=23740"}],"version-history":[{"count":1,"href":"https:\/\/tinyknit.eu\/es\/wp-json\/wp\/v2\/product\/23740\/revisions"}],"predecessor-version":[{"id":23742,"href":"https:\/\/tinyknit.eu\/es\/wp-json\/wp\/v2\/product\/23740\/revisions\/23742"}],"wp:featuredmedia":[{"embeddable":true,"href":"https:\/\/tinyknit.eu\/es\/wp-json\/wp\/v2\/media\/23741"}],"wp:attachment":[{"href":"https:\/\/tinyknit.eu\/es\/wp-json\/wp\/v2\/media?parent=23740"}],"wp:term":[{"taxonomy":"product_brand","embeddable":true,"href":"https:\/\/tinyknit.eu\/es\/wp-json\/wp\/v2\/product_brand?post=23740"},{"taxonomy":"product_cat","embeddable":true,"href":"https:\/\/tinyknit.eu\/es\/wp-json\/wp\/v2\/product_cat?post=23740"},{"taxonomy":"product_tag","embeddable":true,"href":"https:\/\/tinyknit.eu\/es\/wp-json\/wp\/v2\/product_tag?post=23740"}],"curies":[{"name":"wp","href":"https:\/\/api.w.org\/{rel}","templated":true}]}}