{"id":23730,"date":"2024-04-04T07:31:23","date_gmt":"2024-04-04T07:31:23","guid":{"rendered":"https:\/\/tinyknit.eu\/?post_type=product&#038;p=23730"},"modified":"2025-11-07T18:40:02","modified_gmt":"2025-11-07T18:40:02","slug":"juguete-de-peluche-tejido-a-crochet-carnero-2","status":"publish","type":"product","link":"https:\/\/tinyknit.eu\/es\/product\/hecho-por-encargo\/juguete-de-peluche-tejido-a-crochet-carnero-2\/","title":{"rendered":"Juguete de Peluche Tejido a Crochet \u2013 Carnero"},"content":{"rendered":"<p>El Juguete de Peluche Tejido a Crochet es un mu\u00f1eco hecho a mano elaborado con hilo suave y duradero. Su dise\u00f1o de crochet intrincado y colores vibrantes lo convierten en una adici\u00f3n \u00fanica y encantadora para cualquier colecci\u00f3n de juguetes. Perfecto para abrazar o como pieza decorativa, este peluche brindar\u00e1 alegr\u00eda y comodidad a personas de todas las edades.<\/p>\n<h3><strong>Caracter\u00edsticas:<\/strong><\/h3>\n<ul>\n<li><strong>Estimulaci\u00f3n t\u00e1ctil:<\/strong> Este peluche combina hilos de diferentes texturas, estimulando las sensaciones t\u00e1ctiles del ni\u00f1o y ayud\u00e1ndole a explorar el mundo que le rodea.<\/li>\n<li><strong>Seguridad garantizada:<\/strong> Fabricado con materiales hipoalerg\u00e9nicos, lo que lo hace completamente seguro para los ni\u00f1os.<\/li>\n<li><strong>Decoraci\u00f3n \u00fanica:<\/strong> Un complemento interesante y encantador para la decoraci\u00f3n del dormitorio infantil.<\/li>\n<\/ul>\n<h3><strong>Altura:<\/strong><\/h3>\n<p>Aproximadamente 32 cm<\/p>\n<h3><strong>Material:<\/strong><\/h3>\n<ul>\n<li>Hecho a mano con hilo hipoalerg\u00e9nico, suave y de algod\u00f3n.<\/li>\n<li>Relleno de holofibra.<\/li>\n<li>Fabricado en un hogar libre de humo y mascotas.<\/li>\n<\/ul>\n<p><strong>Fabricado en Estonia, Uni\u00f3n Europea.<\/strong><\/p>\n<h3><strong>Contenido del set:<\/strong><\/h3>\n<p>\u2022 1x Juguete de Peluche Tejido<\/p>\n<h3><strong>El regalo perfecto para beb\u00e9s:<\/strong><\/h3>\n<p>Empaque listo para regalar, ideal para baby showers, registros de beb\u00e9 o celebraciones de cumplea\u00f1os.<\/p>\n<h3><strong>Recomendaciones de cuidado:<\/strong><\/h3>\n<ul>\n<li>Para evitar reacciones al\u00e9rgicas, utiliza detergentes l\u00edquidos e hipoalerg\u00e9nicos.<\/li>\n<li>Lava en el ciclo delicado de la lavadora a 30 grados durante 30 minutos.<\/li>\n<li>Despu\u00e9s de lavar, coloca el juguete plano para secar.<\/li>\n<\/ul>\n","protected":false},"excerpt":{"rendered":"<p>El Juguete de Peluche Tejido a Crochet es un mu\u00f1eco hecho a mano elaborado con hilo suave y duradero. Su dise\u00f1o de crochet intrincado y colores vibrantes lo convierten en una adici\u00f3n \u00fanica y encantadora para cualquier colecci\u00f3n de juguetes. Perfecto para abrazar o como pieza decorativa, este peluche brindar\u00e1 alegr\u00eda y comodidad a personas de todas las edades.<\/p>\n<p><iframe width=\"560\" height=\"315\" src=\"https:\/\/www.youtube.com\/embed\/TjU4XabAqbM?si=Y0PR4f5rZvdrUerO\" title=\"YouTube video player\" frameborder=\"0\" allow=\"accelerometer; autoplay; clipboard-write; encrypted-media; gyroscope; picture-in-picture; web-share\" referrerpolicy=\"strict-origin-when-cross-origin\" allowfullscreen><\/iframe><\/p>\n","protected":false},"featured_media":38579,"comment_status":"open","ping_status":"closed","template":"","meta":[],"product_brand":[],"product_cat":[531,538],"product_tag":[],"class_list":{"0":"post-23730","1":"product","2":"type-product","3":"status-publish","4":"has-post-thumbnail","6":"product_cat-hecho-por-encargo","7":"product_cat-juguetes-de-peluche","9":"first","10":"onbackorder","11":"taxable","12":"shipping-taxable","13":"purchasable","14":"product-type-variable"},"_links":{"self":[{"href":"https:\/\/tinyknit.eu\/es\/wp-json\/wp\/v2\/product\/23730","targetHints":{"allow":["GET"]}}],"collection":[{"href":"https:\/\/tinyknit.eu\/es\/wp-json\/wp\/v2\/product"}],"about":[{"href":"https:\/\/tinyknit.eu\/es\/wp-json\/wp\/v2\/types\/product"}],"replies":[{"embeddable":true,"href":"https:\/\/tinyknit.eu\/es\/wp-json\/wp\/v2\/comments?post=23730"}],"version-history":[{"count":2,"href":"https:\/\/tinyknit.eu\/es\/wp-json\/wp\/v2\/product\/23730\/revisions"}],"predecessor-version":[{"id":34903,"href":"https:\/\/tinyknit.eu\/es\/wp-json\/wp\/v2\/product\/23730\/revisions\/34903"}],"wp:featuredmedia":[{"embeddable":true,"href":"https:\/\/tinyknit.eu\/es\/wp-json\/wp\/v2\/media\/38579"}],"wp:attachment":[{"href":"https:\/\/tinyknit.eu\/es\/wp-json\/wp\/v2\/media?parent=23730"}],"wp:term":[{"taxonomy":"product_brand","embeddable":true,"href":"https:\/\/tinyknit.eu\/es\/wp-json\/wp\/v2\/product_brand?post=23730"},{"taxonomy":"product_cat","embeddable":true,"href":"https:\/\/tinyknit.eu\/es\/wp-json\/wp\/v2\/product_cat?post=23730"},{"taxonomy":"product_tag","embeddable":true,"href":"https:\/\/tinyknit.eu\/es\/wp-json\/wp\/v2\/product_tag?post=23730"}],"curies":[{"name":"wp","href":"https:\/\/api.w.org\/{rel}","templated":true}]}}