{"id":23703,"date":"2024-10-27T18:45:02","date_gmt":"2024-10-27T18:45:02","guid":{"rendered":"https:\/\/tinyknit.eu\/?post_type=product&#038;p=23703"},"modified":"2025-11-07T18:19:35","modified_gmt":"2025-11-07T18:19:35","slug":"juguete-de-peluche-tejido-a-crochet-juguete-abrazable-pulpo","status":"publish","type":"product","link":"https:\/\/tinyknit.eu\/es\/product\/juguetes-de-peluche\/cuddle-toy-octopus-es\/juguete-de-peluche-tejido-a-crochet-juguete-abrazable-pulpo\/","title":{"rendered":"Juguete de Peluche Tejido a Crochet, Juguete Abrazable \u2013 Pulpo"},"content":{"rendered":"<p>\u00bfEst\u00e1s buscando un compa\u00f1ero de dise\u00f1o \u00fanico y perfecto para la hora de dormir que a tu hijo le encantar\u00e1? \u00a1No busques m\u00e1s, porque este adorable Juguete de Pulpo Tejido a Crochet es la opci\u00f3n ideal! Es perfecto para abrazar en la hora de dormir y proporciona entretenimiento sin fin durante el d\u00eda, convirti\u00e9ndolo en un regalo maravilloso para cualquier beb\u00e9 o ni\u00f1o peque\u00f1o, sin importar su edad (y no bromeo, \u00a1incluso los adultos lo adorar\u00e1n!).<\/p>\n<p><strong>Caracter\u00edsticas:<\/strong><\/p>\n<ul>\n<li><strong>Comunicaci\u00f3n con los padres:<\/strong> La capacidad de retener el olor de mam\u00e1 o pap\u00e1. Coloca el juguete cerca de tu beb\u00e9 mientras lo alimentas o lo mec\u00e9s, y absorber\u00e1 tu aroma. De esta manera, el beb\u00e9 siempre sentir\u00e1 tu cercan\u00eda, incluso cuando no est\u00e9s cerca.<\/li>\n<li><strong>Exploraci\u00f3n:<\/strong> El Pulpo Tejido a Crochet ofrece una rica experiencia t\u00e1ctil, que cautivar\u00e1 el inter\u00e9s del ni\u00f1o y le ayudar\u00e1 a explorar el mundo que lo rodea.<\/li>\n<li><strong>Creaci\u00f3n de recuerdos:<\/strong> Nuestros juguetes tambi\u00e9n pueden usarse como accesorios fotogr\u00e1ficos para sesiones de fotos de reci\u00e9n nacidos.<\/li>\n<li><strong>Efectos calmantes:<\/strong> El Juguete Abrazable Pulpo crea comodidad y seguridad para el beb\u00e9 durante el d\u00eda y la noche.<\/li>\n<\/ul>\n<p><strong>Perfecto para:<\/strong><\/p>\n<ul>\n<li>Es un regalo maravilloso para baby showers, registros de beb\u00e9, celebraciones de cumplea\u00f1os, Navidad o cualquier otra ocasi\u00f3n.<\/li>\n<li>Un juguete \u00fanico que tambi\u00e9n puede ser un encantador complemento para la decoraci\u00f3n de la habitaci\u00f3n de cualquier ni\u00f1o.<\/li>\n<\/ul>\n<p><strong>Tama\u00f1o:<\/strong><br \/>\nAproximadamente 24&#215;64 cm (9\u201d x 25,1\u201d).<\/p>\n<p><strong>Material:<\/strong><\/p>\n<ul>\n<li><strong>Hilo:<\/strong> 100% Micropoli\u00e9ster (Oeko-Tex 100 Standard). Hilo hipoalerg\u00e9nico y suave. Muy suave, abrazable y seguro para los ni\u00f1os.<\/li>\n<li><strong>Relleno:<\/strong> Holofibra.<br \/>\nNuestros juguetes est\u00e1n hechos en un hogar libre de humo y mascotas.<\/li>\n<\/ul>\n<p><strong>Empaque:<\/strong><br \/>\nEl art\u00edculo se empaqueta en nuestra bolsa de marca y se env\u00eda en una caja de cart\u00f3n (consulta todas las fotos del listado para ver nuestro empaque).<\/p>\n<p>Hecho en Estonia, Uni\u00f3n Europea.<\/p>\n<p><strong>El set contiene:<\/strong><br \/>\n1x Juguete de Peluche Suave<\/p>\n<p><strong>Recomendaciones de cuidado:<\/strong><br \/>\nPara la seguridad de tus hijos, no tratamos nuestros juguetes con productos qu\u00edmicos antes del env\u00edo. Puedes lavarlo t\u00fa mismo con un detergente adecuado. Tambi\u00e9n puedes hacer un tratamiento al vapor sin usar productos qu\u00edmicos.<\/p>\n<ul>\n<li>Para evitar reacciones al\u00e9rgicas, utiliza detergentes l\u00edquidos e hipoalerg\u00e9nicos.<\/li>\n<li>Usa el ciclo delicado de la lavadora y ajusta la temperatura a 30 grados durante 30 minutos.<\/li>\n<li>Para evitar da\u00f1os, recomendamos usar una bolsa de lavado.<\/li>\n<li>Despu\u00e9s de lavar, deja el art\u00edculo plano para que se seque.<\/li>\n<li>No lo cuelgues, estrujes ni planches.<\/li>\n<\/ul>\n","protected":false},"excerpt":{"rendered":"<p>\u00bfEst\u00e1s buscando un compa\u00f1ero de dise\u00f1o \u00fanico y perfecto para la hora de dormir que a tu hijo le encantar\u00e1? \u00a1No busques m\u00e1s, porque este adorable Juguete de Pulpo Tejido a Crochet es la opci\u00f3n ideal! Es perfecto para abrazar en la hora de dormir y proporciona entretenimiento sin fin durante el d\u00eda, convirti\u00e9ndolo en un regalo maravilloso para cualquier beb\u00e9 o ni\u00f1o peque\u00f1o, sin importar su edad (y no bromeo, \u00a1incluso los adultos lo adorar\u00e1n!).<\/p>\n<p><iframe title=\"YouTube video player\" src=\"https:\/\/www.youtube.com\/embed\/16HvC-opHug?si=azZvjT4VgAqCJuOK\" width=\"560\" height=\"315\" frameborder=\"0\" allowfullscreen=\"allowfullscreen\"><\/iframe><\/p>\n","protected":false},"featured_media":34830,"comment_status":"open","ping_status":"closed","template":"","meta":[],"product_brand":[],"product_cat":[539,538],"product_tag":[],"class_list":{"0":"post-23703","1":"product","2":"type-product","3":"status-publish","4":"has-post-thumbnail","6":"product_cat-cuddle-toy-octopus-es","7":"product_cat-juguetes-de-peluche","9":"first","10":"onbackorder","11":"taxable","12":"shipping-taxable","13":"purchasable","14":"product-type-simple"},"_links":{"self":[{"href":"https:\/\/tinyknit.eu\/es\/wp-json\/wp\/v2\/product\/23703","targetHints":{"allow":["GET"]}}],"collection":[{"href":"https:\/\/tinyknit.eu\/es\/wp-json\/wp\/v2\/product"}],"about":[{"href":"https:\/\/tinyknit.eu\/es\/wp-json\/wp\/v2\/types\/product"}],"replies":[{"embeddable":true,"href":"https:\/\/tinyknit.eu\/es\/wp-json\/wp\/v2\/comments?post=23703"}],"version-history":[{"count":2,"href":"https:\/\/tinyknit.eu\/es\/wp-json\/wp\/v2\/product\/23703\/revisions"}],"predecessor-version":[{"id":34838,"href":"https:\/\/tinyknit.eu\/es\/wp-json\/wp\/v2\/product\/23703\/revisions\/34838"}],"wp:featuredmedia":[{"embeddable":true,"href":"https:\/\/tinyknit.eu\/es\/wp-json\/wp\/v2\/media\/34830"}],"wp:attachment":[{"href":"https:\/\/tinyknit.eu\/es\/wp-json\/wp\/v2\/media?parent=23703"}],"wp:term":[{"taxonomy":"product_brand","embeddable":true,"href":"https:\/\/tinyknit.eu\/es\/wp-json\/wp\/v2\/product_brand?post=23703"},{"taxonomy":"product_cat","embeddable":true,"href":"https:\/\/tinyknit.eu\/es\/wp-json\/wp\/v2\/product_cat?post=23703"},{"taxonomy":"product_tag","embeddable":true,"href":"https:\/\/tinyknit.eu\/es\/wp-json\/wp\/v2\/product_tag?post=23703"}],"curies":[{"name":"wp","href":"https:\/\/api.w.org\/{rel}","templated":true}]}}