{"id":23629,"date":"2023-04-07T16:18:28","date_gmt":"2023-04-07T16:18:28","guid":{"rendered":"https:\/\/tinyknit.eu\/?post_type=product&#038;p=23629"},"modified":"2024-11-16T19:23:57","modified_gmt":"2024-11-16T19:23:57","slug":"almohada-suave-para-ninos-luna-2","status":"publish","type":"product","link":"https:\/\/tinyknit.eu\/es\/product\/almohadas\/almohada-suave-para-ninos-luna-2\/","title":{"rendered":"Almohada Suave para Ni\u00f1os &#8211; Luna"},"content":{"rendered":"<p>Almohadas suaves pueden ser el complemento perfecto para una habitaci\u00f3n de beb\u00e9 simple y discreta. Al colocarlas en la cama o cuna de un ni\u00f1o, puedes mejorar el dise\u00f1o general con un toque de elegancia. Los hermosos y naturales tonos de las almohadas tambi\u00e9n crear\u00e1n una atm\u00f3sfera c\u00e1lida y acogedora en tu hogar.<\/p>\n<p><strong>Caracter\u00edsticas:<\/strong><br \/>\n\u2022 La almohada puede enriquecer las sensaciones t\u00e1ctiles, ya que combina diferentes hilos texturizados, lo que resultar\u00e1 interesante para el ni\u00f1o y ayudar\u00e1 a que aprenda sobre el mundo que lo rodea.<br \/>\n\u2022 Todas las almohadas est\u00e1n hechas de materiales hipoalerg\u00e9nicos, lo que las hace seguras para el ni\u00f1o.<br \/>\n\u2022 La almohada puede convertirse en un a\u00f1adido interesante para el interior de la habitaci\u00f3n de cualquier ni\u00f1o.<\/p>\n<p><strong>Tama\u00f1o:<\/strong> aprox. 31 x 27 cm<br \/>\n<strong>Material:<\/strong> Este art\u00edculo est\u00e1 tejido a mano con hilos hipoalerg\u00e9nicos, suaves y de algod\u00f3n. Est\u00e1 relleno con holofibra y hecho en un hogar libre de humo y mascotas.<\/p>\n<p><strong>Hecho en Estonia, Uni\u00f3n Europea.<\/strong><\/p>\n<p><strong>El set contiene:<\/strong><br \/>\n\u2022 1x Almohada suave<\/p>\n<p><strong>\u00a1El regalo perfecto para el beb\u00e9!<\/strong><br \/>\nEmpaque listo para regalar para cualquier baby shower, registro de beb\u00e9 o celebraci\u00f3n de cumplea\u00f1os.<\/p>\n<p><strong>Recomendaciones de cuidado:<\/strong><br \/>\n\u2022 Para evitar reacciones al\u00e9rgicas, utiliza detergentes l\u00edquidos e hipoalerg\u00e9nicos.<br \/>\n\u2022 Usa el ciclo delicado de la lavadora y ajusta la temperatura a 30 grados durante 30 minutos.<br \/>\n\u2022 Despu\u00e9s de lavar, deja secar la almohada plana.<\/p>\n","protected":false},"excerpt":{"rendered":"<p>Almohadas suaves pueden ser el complemento perfecto para una habitaci\u00f3n de beb\u00e9 simple y discreta. Al colocarlas en la cama o cuna de un ni\u00f1o, puedes mejorar el dise\u00f1o general con un toque de elegancia. Los hermosos y naturales tonos de las almohadas tambi\u00e9n crear\u00e1n una atm\u00f3sfera c\u00e1lida y acogedora en tu hogar.<\/p>\n","protected":false},"featured_media":23632,"comment_status":"open","ping_status":"closed","template":"","meta":[],"product_brand":[],"product_cat":[534,530,531],"product_tag":[],"class_list":{"0":"post-23629","1":"product","2":"type-product","3":"status-publish","4":"has-post-thumbnail","6":"product_cat-almohadas","7":"product_cat-decoracion-para-el-hogar","8":"product_cat-hecho-por-encargo","10":"first","11":"onbackorder","12":"taxable","13":"shipping-taxable","14":"purchasable","15":"product-type-simple"},"_links":{"self":[{"href":"https:\/\/tinyknit.eu\/es\/wp-json\/wp\/v2\/product\/23629","targetHints":{"allow":["GET"]}}],"collection":[{"href":"https:\/\/tinyknit.eu\/es\/wp-json\/wp\/v2\/product"}],"about":[{"href":"https:\/\/tinyknit.eu\/es\/wp-json\/wp\/v2\/types\/product"}],"replies":[{"embeddable":true,"href":"https:\/\/tinyknit.eu\/es\/wp-json\/wp\/v2\/comments?post=23629"}],"version-history":[{"count":1,"href":"https:\/\/tinyknit.eu\/es\/wp-json\/wp\/v2\/product\/23629\/revisions"}],"predecessor-version":[{"id":23641,"href":"https:\/\/tinyknit.eu\/es\/wp-json\/wp\/v2\/product\/23629\/revisions\/23641"}],"wp:featuredmedia":[{"embeddable":true,"href":"https:\/\/tinyknit.eu\/es\/wp-json\/wp\/v2\/media\/23632"}],"wp:attachment":[{"href":"https:\/\/tinyknit.eu\/es\/wp-json\/wp\/v2\/media?parent=23629"}],"wp:term":[{"taxonomy":"product_brand","embeddable":true,"href":"https:\/\/tinyknit.eu\/es\/wp-json\/wp\/v2\/product_brand?post=23629"},{"taxonomy":"product_cat","embeddable":true,"href":"https:\/\/tinyknit.eu\/es\/wp-json\/wp\/v2\/product_cat?post=23629"},{"taxonomy":"product_tag","embeddable":true,"href":"https:\/\/tinyknit.eu\/es\/wp-json\/wp\/v2\/product_tag?post=23629"}],"curies":[{"name":"wp","href":"https:\/\/api.w.org\/{rel}","templated":true}]}}