{"id":23476,"date":"2023-04-01T20:45:02","date_gmt":"2023-04-01T20:45:02","guid":{"rendered":"https:\/\/tinyknit.eu\/?post_type=product&#038;p=23476"},"modified":"2024-11-20T08:56:14","modified_gmt":"2024-11-20T08:56:14","slug":"funda-para-camison-suave-bolsa-para-pijama-tigre","status":"publish","type":"product","link":"https:\/\/tinyknit.eu\/es\/product\/hecho-por-encargo\/funda-para-camison-suave-bolsa-para-pijama-tigre\/","title":{"rendered":"Funda para Camis\u00f3n Suave, Bolsa para Pijama \u2013 Tigre"},"content":{"rendered":"<p>La Bolsa para Pijamas es un juguete tejido a ganchillo encantador y vers\u00e1til que cumple m\u00faltiples funciones. Los ni\u00f1os pueden disfrutar jugando con ella, abraz\u00e1ndola mientras duermen e incluso aprender a ser ordenados, ya que tiene un cuerpo vac\u00edo donde pueden guardar sus pijamas durante el d\u00eda. Adem\u00e1s, algunos padres optan por a\u00f1adir una bolsita de lavanda dentro del juguete para ayudar a calmar a su beb\u00e9 antes de dormir.<\/p>\n<p><strong>Caracter\u00edsticas:<\/strong><br \/>\n\u2022 Una Bolsa para Pijamas puede ayudar a ense\u00f1ar a su hijo sobre la organizaci\u00f3n, ya que es mucho m\u00e1s divertido poner los pijamas dentro de un juguete que esconderlos debajo de una almohada.<br \/>\n\u2022 Tambi\u00e9n puede ayudar en el desarrollo de las habilidades motoras finas, ya que los ni\u00f1os aprenden a abrir y cerrar el cord\u00f3n.<br \/>\n\u2022 Las habilidades motoras finas est\u00e1n directamente relacionadas con el desarrollo de la memoria, la atenci\u00f3n y la coordinaci\u00f3n.<br \/>\n\u2022 El juguete puede enriquecer las sensaciones t\u00e1ctiles, ya que combina diferentes hilos texturizados, lo que ser\u00e1 interesante para el ni\u00f1o y lo ayudar\u00e1 a aprender sobre el mundo que lo rodea.<br \/>\n\u2022 Puede calmar y ayudar al ni\u00f1o a quedarse dormido, ya que la Bolsa para Pijamas es muy agradable para abrazar. Todos los juguetes est\u00e1n hechos con materiales hipoalerg\u00e9nicos, lo que los hace seguros para el ni\u00f1o.<br \/>\n\u2022 Una Bolsa para Pijamas puede convertirse en un interesante complemento para la decoraci\u00f3n de cualquier habitaci\u00f3n infantil.<\/p>\n<p><strong>Tama\u00f1o:<\/strong> aprox. 58 x 22 cm<br \/>\n<strong>Material:<\/strong> Este art\u00edculo est\u00e1 tejido a mano con hilo hipoalerg\u00e9nico, suave y de algod\u00f3n. Est\u00e1 relleno con holofibra y fabricado en un hogar libre de humo y mascotas.<\/p>\n<p><strong>Hecho en Estonia, Uni\u00f3n Europea.<\/strong><\/p>\n<p>El conjunto contiene: \u2022 1x Bolsa para Pijamas<\/p>\n<p>\u00a1El Regalo Perfecto para Beb\u00e9s!<br \/>\nEmbalaje listo para regalar para cualquier baby shower, registro de beb\u00e9 o celebraci\u00f3n de cumplea\u00f1os.<\/p>\n<p>Tenga en cuenta que este juguete viene con un cierre de cord\u00f3n. Es importante supervisar a los ni\u00f1os menores de 3 a\u00f1os o a aquellos que tienen tendencia a meter cosas en su boca.<\/p>\n<p><strong>Recomendaciones de cuidado:<\/strong> \u2022 Para evitar reacciones al\u00e9rgicas, utilice detergentes l\u00edquidos e hipoalerg\u00e9nicos. \u2022 Use el ciclo delicado de la lavadora y ajuste la temperatura a 30 grados durante 30 minutos. \u2022 Despu\u00e9s de lavar, deje secar el juguete acostado.<\/p>\n","protected":false},"excerpt":{"rendered":"<p>La Bolsa para Pijamas es un juguete tejido a ganchillo encantador y vers\u00e1til que cumple m\u00faltiples funciones. Los ni\u00f1os pueden disfrutar jugando con ella, abraz\u00e1ndola mientras duermen e incluso aprender a ser ordenados, ya que tiene un cuerpo vac\u00edo donde pueden guardar sus pijamas durante el d\u00eda. Adem\u00e1s, algunos padres optan por a\u00f1adir una bolsita de lavanda dentro del juguete para ayudar a calmar a su beb\u00e9 antes de dormir.<\/p>\n","protected":false},"featured_media":23480,"comment_status":"open","ping_status":"closed","template":"","meta":[],"product_brand":[],"product_cat":[531,533],"product_tag":[],"class_list":{"0":"post-23476","1":"product","2":"type-product","3":"status-publish","4":"has-post-thumbnail","6":"product_cat-hecho-por-encargo","7":"product_cat-juguete-guarda-pijamas","9":"first","10":"onbackorder","11":"taxable","12":"shipping-taxable","13":"purchasable","14":"product-type-simple"},"_links":{"self":[{"href":"https:\/\/tinyknit.eu\/es\/wp-json\/wp\/v2\/product\/23476","targetHints":{"allow":["GET"]}}],"collection":[{"href":"https:\/\/tinyknit.eu\/es\/wp-json\/wp\/v2\/product"}],"about":[{"href":"https:\/\/tinyknit.eu\/es\/wp-json\/wp\/v2\/types\/product"}],"replies":[{"embeddable":true,"href":"https:\/\/tinyknit.eu\/es\/wp-json\/wp\/v2\/comments?post=23476"}],"version-history":[{"count":1,"href":"https:\/\/tinyknit.eu\/es\/wp-json\/wp\/v2\/product\/23476\/revisions"}],"predecessor-version":[{"id":23481,"href":"https:\/\/tinyknit.eu\/es\/wp-json\/wp\/v2\/product\/23476\/revisions\/23481"}],"wp:featuredmedia":[{"embeddable":true,"href":"https:\/\/tinyknit.eu\/es\/wp-json\/wp\/v2\/media\/23480"}],"wp:attachment":[{"href":"https:\/\/tinyknit.eu\/es\/wp-json\/wp\/v2\/media?parent=23476"}],"wp:term":[{"taxonomy":"product_brand","embeddable":true,"href":"https:\/\/tinyknit.eu\/es\/wp-json\/wp\/v2\/product_brand?post=23476"},{"taxonomy":"product_cat","embeddable":true,"href":"https:\/\/tinyknit.eu\/es\/wp-json\/wp\/v2\/product_cat?post=23476"},{"taxonomy":"product_tag","embeddable":true,"href":"https:\/\/tinyknit.eu\/es\/wp-json\/wp\/v2\/product_tag?post=23476"}],"curies":[{"name":"wp","href":"https:\/\/api.w.org\/{rel}","templated":true}]}}