{"id":23471,"date":"2023-04-01T20:58:36","date_gmt":"2023-04-01T20:58:36","guid":{"rendered":"https:\/\/tinyknit.eu\/?post_type=product&#038;p=23471"},"modified":"2024-11-20T08:56:06","modified_gmt":"2024-11-20T08:56:06","slug":"funda-para-camison-suave-bolsa-para-pijama-zorro-2","status":"publish","type":"product","link":"https:\/\/tinyknit.eu\/es\/product\/hecho-por-encargo\/funda-para-camison-suave-bolsa-para-pijama-zorro-2\/","title":{"rendered":"Funda para Camis\u00f3n Suave, Bolsa para Pijama \u2013 Zorro"},"content":{"rendered":"<p>La <strong>Bolsa para Pijama<\/strong> es un juguete encantador y vers\u00e1til de croch\u00e9 que cumple m\u00faltiples funciones. Los ni\u00f1os pueden disfrutar jugando con \u00e9l, abrazarlo mientras duermen e incluso aprender a ser organizados, ya que tiene un cuerpo vac\u00edo donde pueden guardar sus pijamas durante el d\u00eda. Adem\u00e1s, algunos padres eligen colocar una bolsita de lavanda dentro del juguete para ayudar a calmar a su beb\u00e9 antes de dormir.<\/p>\n<p><strong>Caracter\u00edsticas:<\/strong><br \/>\n\u2022 <strong>Fomenta la organizaci\u00f3n:<\/strong> Es mucho m\u00e1s divertido guardar los pijamas dentro de un juguete que esconderlos bajo la almohada, ayudando a los ni\u00f1os a aprender a ser ordenados.<br \/>\n\u2022 <strong>Desarrollo de habilidades motoras finas:<\/strong> Los ni\u00f1os aprenden a abrir y cerrar el cord\u00f3n, lo que contribuye al desarrollo de la memoria, la atenci\u00f3n y la coordinaci\u00f3n.<br \/>\n\u2022 <strong>Enriquecimiento sensorial:<\/strong> El juguete combina diferentes hilos texturizados, lo que crea una experiencia t\u00e1ctil interesante para el ni\u00f1o y lo ayuda a explorar su entorno.<br \/>\n\u2022 <strong>Reconfortante:<\/strong> Este juguete es muy agradable para abrazar, lo que puede ayudar a calmar y hacer que el ni\u00f1o se duerma m\u00e1s f\u00e1cilmente.<br \/>\n\u2022 <strong>Materiales seguros:<\/strong> Todos los juguetes est\u00e1n hechos con materiales hipoalerg\u00e9nicos, lo que asegura que sean seguros para el ni\u00f1o. \u2022 <strong>Decorativo:<\/strong> La <strong>Bolsa para Pijama<\/strong> puede convertirse en una divertida y atractiva adici\u00f3n al interior de cualquier habitaci\u00f3n infantil.<\/p>\n<p><strong>Tama\u00f1o:<\/strong> aprox. 58 x 22 cm<br \/>\n<strong>Material:<\/strong> Este art\u00edculo est\u00e1 tejido a mano con hilos hipoalerg\u00e9nicos, suaves y de algod\u00f3n. Est\u00e1 relleno con holofibra y fabricado en un hogar libre de humo y mascotas.<\/p>\n<p><strong>Fabricado en Estonia, Uni\u00f3n Europea.<\/strong><\/p>\n<p><strong>Contenido del Set:<\/strong> \u2022 1x Bolsa para Pijama<\/p>\n<p><strong>\u00a1El Regalo Perfecto para un Beb\u00e9!<\/strong><br \/>\nEmpaque listo para regalo para cualquier baby shower, registro de beb\u00e9 o celebraci\u00f3n de cumplea\u00f1os.<\/p>\n<p><strong>Nota importante:<\/strong> Este juguete viene con un cord\u00f3n. Es importante supervisar a los ni\u00f1os menores de 3 a\u00f1os o aquellos que tienden a llevarse cosas a la boca.<\/p>\n<p><strong>Recomendaciones de cuidado:<\/strong> \u2022 Para evitar reacciones al\u00e9rgicas, use detergentes l\u00edquidos e hipoalerg\u00e9nicos. \u2022 Use el ciclo delicado de la lavadora y ajuste la temperatura a 30 grados durante 30 minutos. \u2022 Despu\u00e9s de lavar, deje secar el juguete en plano.<\/p>\n","protected":false},"excerpt":{"rendered":"<p>La <strong>Bolsa para Pijama<\/strong> es un juguete encantador y vers\u00e1til de croch\u00e9 que cumple m\u00faltiples funciones. Los ni\u00f1os pueden disfrutar jugando con \u00e9l, abrazarlo mientras duermen e incluso aprender a ser organizados, ya que tiene un cuerpo vac\u00edo donde pueden guardar sus pijamas durante el d\u00eda. Adem\u00e1s, algunos padres eligen colocar una bolsita de lavanda dentro del juguete para ayudar a calmar a su beb\u00e9 antes de dormir.<\/p>\n","protected":false},"featured_media":23474,"comment_status":"open","ping_status":"closed","template":"","meta":[],"product_brand":[],"product_cat":[531,533],"product_tag":[],"class_list":{"0":"post-23471","1":"product","2":"type-product","3":"status-publish","4":"has-post-thumbnail","6":"product_cat-hecho-por-encargo","7":"product_cat-juguete-guarda-pijamas","9":"first","10":"onbackorder","11":"taxable","12":"shipping-taxable","13":"purchasable","14":"product-type-simple"},"_links":{"self":[{"href":"https:\/\/tinyknit.eu\/es\/wp-json\/wp\/v2\/product\/23471","targetHints":{"allow":["GET"]}}],"collection":[{"href":"https:\/\/tinyknit.eu\/es\/wp-json\/wp\/v2\/product"}],"about":[{"href":"https:\/\/tinyknit.eu\/es\/wp-json\/wp\/v2\/types\/product"}],"replies":[{"embeddable":true,"href":"https:\/\/tinyknit.eu\/es\/wp-json\/wp\/v2\/comments?post=23471"}],"version-history":[{"count":1,"href":"https:\/\/tinyknit.eu\/es\/wp-json\/wp\/v2\/product\/23471\/revisions"}],"predecessor-version":[{"id":23475,"href":"https:\/\/tinyknit.eu\/es\/wp-json\/wp\/v2\/product\/23471\/revisions\/23475"}],"wp:featuredmedia":[{"embeddable":true,"href":"https:\/\/tinyknit.eu\/es\/wp-json\/wp\/v2\/media\/23474"}],"wp:attachment":[{"href":"https:\/\/tinyknit.eu\/es\/wp-json\/wp\/v2\/media?parent=23471"}],"wp:term":[{"taxonomy":"product_brand","embeddable":true,"href":"https:\/\/tinyknit.eu\/es\/wp-json\/wp\/v2\/product_brand?post=23471"},{"taxonomy":"product_cat","embeddable":true,"href":"https:\/\/tinyknit.eu\/es\/wp-json\/wp\/v2\/product_cat?post=23471"},{"taxonomy":"product_tag","embeddable":true,"href":"https:\/\/tinyknit.eu\/es\/wp-json\/wp\/v2\/product_tag?post=23471"}],"curies":[{"name":"wp","href":"https:\/\/api.w.org\/{rel}","templated":true}]}}