{"id":23466,"date":"2023-04-01T21:45:45","date_gmt":"2023-04-01T21:45:45","guid":{"rendered":"https:\/\/tinyknit.eu\/?post_type=product&#038;p=23466"},"modified":"2024-11-16T18:38:27","modified_gmt":"2024-11-16T18:38:27","slug":"funda-para-camison-suave-bolsa-para-pijama-oso-de-crochet-2","status":"publish","type":"product","link":"https:\/\/tinyknit.eu\/es\/product\/juguete-guarda-pijamas\/funda-para-camison-suave-bolsa-para-pijama-oso-de-crochet-2\/","title":{"rendered":"Funda para Camis\u00f3n Suave, Bolsa para Pijama \u2013 Oso de Crochet"},"content":{"rendered":"<p>La <strong>Bolsa para Pijama<\/strong> es un juguete encantador y vers\u00e1til de croch\u00e9 que cumple m\u00faltiples funciones. Es perfecta para que los ni\u00f1os jueguen con ella, la abracen mientras duermen e incluso aprendan a ser ordenados, ya que tiene un cuerpo vac\u00edo donde pueden guardar sus pijamas durante el d\u00eda. Adem\u00e1s, algunos padres optan por poner una bolsita de lavanda dentro del juguete para ayudar a calmar a sus peque\u00f1os antes de dormir.<\/p>\n<p><strong>Caracter\u00edsticas:<\/strong><br \/>\n\u2022 <strong>Ense\u00f1a organizaci\u00f3n:<\/strong> La Bolsa para Pijama hace que sea divertido para los ni\u00f1os guardar sus pijamas dentro del juguete, alent\u00e1ndolos a mantener su habitaci\u00f3n ordenada.<br \/>\n\u2022 <strong>Desarrolla habilidades motoras finas:<\/strong> Al aprender a abrir y cerrar el cord\u00f3n, los ni\u00f1os tambi\u00e9n desarrollan habilidades motoras finas, esenciales para la memoria, atenci\u00f3n y coordinaci\u00f3n.<br \/>\n\u2022 <strong>Enriquecimiento sensorial:<\/strong> La combinaci\u00f3n de hilos texturizados ayuda a enriquecer las sensaciones t\u00e1ctiles, despertando la curiosidad y ayudando al ni\u00f1o a explorar el mundo que lo rodea.<br \/>\n\u2022 <strong>Reconfortante y c\u00f3modo:<\/strong> La Bolsa para Pijama es suave y agradable para abrazar, favoreciendo la relajaci\u00f3n y el sue\u00f1o.<br \/>\n\u2022 <strong>Seguro y hipoalerg\u00e9nico:<\/strong> Todos los materiales utilizados son hipoalerg\u00e9nicos, garantizando la seguridad para el ni\u00f1o. \u2022 <strong>Decorativo:<\/strong> Este tierno juguete tambi\u00e9n sirve como una adici\u00f3n \u00fanica y encantadora para la habitaci\u00f3n de cualquier ni\u00f1o.<\/p>\n<p><strong>Tama\u00f1o:<\/strong> aprox. 58 x 22 cm<br \/>\n<strong>Material:<\/strong> Hecho a mano con hilo hipoalerg\u00e9nico, suave y de algod\u00f3n. Relleno con holofibra y realizado en un hogar libre de humo y mascotas.<\/p>\n<p><strong>Hecho en Estonia, Uni\u00f3n Europea.<\/strong><\/p>\n<p><strong>Contenido del Set:<\/strong> \u2022 1x Bolsa para Pijama<\/p>\n<p><strong>Regalo perfecto para el beb\u00e9:<\/strong><br \/>\nEmbalaje listo para regalar, ideal para baby showers, registros de beb\u00e9s o celebraciones de cumplea\u00f1os.<\/p>\n<p><strong>Nota importante:<\/strong><br \/>\nEste juguete contiene un cord\u00f3n con bloqueo. Es importante supervisar a los ni\u00f1os menores de 3 a\u00f1os o aquellos que tienden a poner objetos en la boca.<\/p>\n<p><strong>Recomendaciones de cuidado:<\/strong><br \/>\n\u2022 Para evitar reacciones al\u00e9rgicas, usar detergentes l\u00edquidos e hipoalerg\u00e9nicos.<br \/>\n\u2022 Lavar en ciclo delicado, ajustando la temperatura a 30\u00b0C durante 30 minutos.<br \/>\n\u2022 Despu\u00e9s del lavado, dejar el juguete plano para que se seque.<\/p>\n","protected":false},"excerpt":{"rendered":"<p>La <strong>Bolsa para Pijama<\/strong> es un juguete encantador y vers\u00e1til de croch\u00e9 que cumple m\u00faltiples funciones. Es perfecta para que los ni\u00f1os jueguen con ella, la abracen mientras duermen e incluso aprendan a ser ordenados, ya que tiene un cuerpo vac\u00edo donde pueden guardar sus pijamas durante el d\u00eda. Adem\u00e1s, algunos padres optan por poner una bolsita de lavanda dentro del juguete para ayudar a calmar a sus peque\u00f1os antes de dormir.<\/p>\n","protected":false},"featured_media":23469,"comment_status":"open","ping_status":"closed","template":"","meta":[],"product_brand":[],"product_cat":[533,535,666],"product_tag":[],"class_list":{"0":"post-23466","1":"product","2":"type-product","3":"status-publish","4":"has-post-thumbnail","6":"product_cat-juguete-guarda-pijamas","7":"product_cat-listo-para-enviar","8":"product_cat-ofertas","10":"first","11":"instock","12":"sale","13":"taxable","14":"shipping-taxable","15":"purchasable","16":"product-type-simple"},"_links":{"self":[{"href":"https:\/\/tinyknit.eu\/es\/wp-json\/wp\/v2\/product\/23466","targetHints":{"allow":["GET"]}}],"collection":[{"href":"https:\/\/tinyknit.eu\/es\/wp-json\/wp\/v2\/product"}],"about":[{"href":"https:\/\/tinyknit.eu\/es\/wp-json\/wp\/v2\/types\/product"}],"replies":[{"embeddable":true,"href":"https:\/\/tinyknit.eu\/es\/wp-json\/wp\/v2\/comments?post=23466"}],"version-history":[{"count":1,"href":"https:\/\/tinyknit.eu\/es\/wp-json\/wp\/v2\/product\/23466\/revisions"}],"predecessor-version":[{"id":23470,"href":"https:\/\/tinyknit.eu\/es\/wp-json\/wp\/v2\/product\/23466\/revisions\/23470"}],"wp:featuredmedia":[{"embeddable":true,"href":"https:\/\/tinyknit.eu\/es\/wp-json\/wp\/v2\/media\/23469"}],"wp:attachment":[{"href":"https:\/\/tinyknit.eu\/es\/wp-json\/wp\/v2\/media?parent=23466"}],"wp:term":[{"taxonomy":"product_brand","embeddable":true,"href":"https:\/\/tinyknit.eu\/es\/wp-json\/wp\/v2\/product_brand?post=23466"},{"taxonomy":"product_cat","embeddable":true,"href":"https:\/\/tinyknit.eu\/es\/wp-json\/wp\/v2\/product_cat?post=23466"},{"taxonomy":"product_tag","embeddable":true,"href":"https:\/\/tinyknit.eu\/es\/wp-json\/wp\/v2\/product_tag?post=23466"}],"curies":[{"name":"wp","href":"https:\/\/api.w.org\/{rel}","templated":true}]}}