{"id":23439,"date":"2023-10-23T19:23:03","date_gmt":"2023-10-23T19:23:03","guid":{"rendered":"https:\/\/tinyknit.eu\/?post_type=product&#038;p=23439"},"modified":"2024-11-20T08:45:36","modified_gmt":"2024-11-20T08:45:36","slug":"funda-suave-para-camison-bolsa-para-pijamas-pinguino-de-crochet","status":"publish","type":"product","link":"https:\/\/tinyknit.eu\/es\/product\/hecho-por-encargo\/funda-suave-para-camison-bolsa-para-pijamas-pinguino-de-crochet\/","title":{"rendered":"Funda Suave para Camis\u00f3n, Bolsa para Pijamas \u2013 Ping\u00fcino de Crochet"},"content":{"rendered":"<p>La <strong>Bolsa para Pijamas<\/strong> es un juguete de crochet encantador y multifuncional que aporta diversi\u00f3n y utilidad. Los ni\u00f1os pueden disfrutar jugando con ella, abraz\u00e1ndola mientras duermen e incluso aprender a ser ordenados, ya que cuenta con un cuerpo hueco para guardar los pijamas durante el d\u00eda. Adem\u00e1s, algunos padres optan por a\u00f1adir un saquito de lavanda en su interior para calmar al beb\u00e9 antes de acostarlo.<\/p>\n<p><strong>Caracter\u00edsticas:<\/strong><\/p>\n<ul>\n<li>Ayuda a ense\u00f1ar a los ni\u00f1os sobre organizaci\u00f3n, ya que guardar los pijamas en un juguete es mucho m\u00e1s divertido que esconderlos bajo la almohada.<\/li>\n<li>Contribuye al desarrollo de habilidades motoras finas al aprender a abrir y cerrar el seguro del cord\u00f3n, habilidades esenciales relacionadas con la memoria, atenci\u00f3n y coordinaci\u00f3n.<\/li>\n<li>Enriquece las sensaciones t\u00e1ctiles al combinar hilos de distintas texturas, estimulando el aprendizaje y la exploraci\u00f3n del mundo que los rodea.<\/li>\n<li>Su suavidad y dise\u00f1o acogedor ayudan al ni\u00f1o a relajarse y dormir mejor.<\/li>\n<li>Fabricada con materiales hipoalerg\u00e9nicos, es segura para los ni\u00f1os.<\/li>\n<li>Un complemento decorativo ideal para cualquier dormitorio infantil.<\/li>\n<\/ul>\n<p><strong>Tama\u00f1o:<\/strong> aprox. 58 x 22 cm<br \/>\n<strong>Material:<\/strong> Tejido a mano con hilo hipoalerg\u00e9nico, felpa y algod\u00f3n. Relleno con holofibra, elaborado en un ambiente libre de humo y mascotas.<\/p>\n<p><strong>Fabricado en Estonia, Uni\u00f3n Europea.<\/strong><\/p>\n<p><strong>El set incluye:<\/strong><\/p>\n<ul>\n<li>1x Bolsa para Pijamas<\/li>\n<\/ul>\n<p><strong>\u00a1El Regalo Perfecto para Beb\u00e9s!<\/strong><br \/>\nEmpaque listo para regalar, perfecto para baby showers, registros de beb\u00e9 o celebraciones de cumplea\u00f1os.<\/p>\n<p><strong>Nota:<\/strong> Incluye un seguro con cord\u00f3n. Supervisa a los ni\u00f1os menores de 3 a\u00f1os o aquellos que tienden a llevar objetos a la boca.<\/p>\n<p><strong>Recomendaciones de cuidado:<\/strong><\/p>\n<ul>\n<li>Usa detergentes l\u00edquidos e hipoalerg\u00e9nicos para evitar reacciones al\u00e9rgicas.<\/li>\n<li>Lava a m\u00e1quina en un ciclo delicado a 30 grados durante 30 minutos.<\/li>\n<li>Seca el juguete en posici\u00f3n horizontal.<\/li>\n<\/ul>\n","protected":false},"excerpt":{"rendered":"<p>La <strong>Bolsa para Pijamas<\/strong> es un juguete de crochet encantador y multifuncional que aporta diversi\u00f3n y utilidad. Los ni\u00f1os pueden disfrutar jugando con ella, abraz\u00e1ndola mientras duermen e incluso aprender a ser ordenados, ya que cuenta con un cuerpo hueco para guardar los pijamas durante el d\u00eda. Adem\u00e1s, algunos padres optan por a\u00f1adir un saquito de lavanda en su interior para calmar al beb\u00e9 antes de acostarlo.<\/p>\n","protected":false},"featured_media":23442,"comment_status":"open","ping_status":"closed","template":"","meta":[],"product_brand":[],"product_cat":[531,533],"product_tag":[],"class_list":{"0":"post-23439","1":"product","2":"type-product","3":"status-publish","4":"has-post-thumbnail","6":"product_cat-hecho-por-encargo","7":"product_cat-juguete-guarda-pijamas","9":"first","10":"onbackorder","11":"taxable","12":"shipping-taxable","13":"purchasable","14":"product-type-simple"},"_links":{"self":[{"href":"https:\/\/tinyknit.eu\/es\/wp-json\/wp\/v2\/product\/23439","targetHints":{"allow":["GET"]}}],"collection":[{"href":"https:\/\/tinyknit.eu\/es\/wp-json\/wp\/v2\/product"}],"about":[{"href":"https:\/\/tinyknit.eu\/es\/wp-json\/wp\/v2\/types\/product"}],"replies":[{"embeddable":true,"href":"https:\/\/tinyknit.eu\/es\/wp-json\/wp\/v2\/comments?post=23439"}],"version-history":[{"count":1,"href":"https:\/\/tinyknit.eu\/es\/wp-json\/wp\/v2\/product\/23439\/revisions"}],"predecessor-version":[{"id":23443,"href":"https:\/\/tinyknit.eu\/es\/wp-json\/wp\/v2\/product\/23439\/revisions\/23443"}],"wp:featuredmedia":[{"embeddable":true,"href":"https:\/\/tinyknit.eu\/es\/wp-json\/wp\/v2\/media\/23442"}],"wp:attachment":[{"href":"https:\/\/tinyknit.eu\/es\/wp-json\/wp\/v2\/media?parent=23439"}],"wp:term":[{"taxonomy":"product_brand","embeddable":true,"href":"https:\/\/tinyknit.eu\/es\/wp-json\/wp\/v2\/product_brand?post=23439"},{"taxonomy":"product_cat","embeddable":true,"href":"https:\/\/tinyknit.eu\/es\/wp-json\/wp\/v2\/product_cat?post=23439"},{"taxonomy":"product_tag","embeddable":true,"href":"https:\/\/tinyknit.eu\/es\/wp-json\/wp\/v2\/product_tag?post=23439"}],"curies":[{"name":"wp","href":"https:\/\/api.w.org\/{rel}","templated":true}]}}