{"id":23434,"date":"2023-10-23T19:41:26","date_gmt":"2023-10-23T19:41:26","guid":{"rendered":"https:\/\/tinyknit.eu\/?post_type=product&#038;p=23434"},"modified":"2024-11-20T08:45:33","modified_gmt":"2024-11-20T08:45:33","slug":"funda-suave-para-camison-bolsa-para-pijamas-leon-de-crochet-2","status":"publish","type":"product","link":"https:\/\/tinyknit.eu\/es\/product\/hecho-por-encargo\/funda-suave-para-camison-bolsa-para-pijamas-leon-de-crochet-2\/","title":{"rendered":"Funda Suave para Camis\u00f3n, Bolsa para Pijamas \u2013 Le\u00f3n de Crochet"},"content":{"rendered":"<p>La <strong>Bolsa para Pijamas<\/strong> es un juguete tejido a crochet encantador y vers\u00e1til que cumple m\u00faltiples funciones. Los ni\u00f1os pueden disfrutar jugando con ella, abraz\u00e1ndola mientras duermen e incluso aprender a ser ordenados, ya que tiene un cuerpo hueco donde pueden guardar sus pijamas durante el d\u00eda. Adem\u00e1s, algunos padres optan por agregar un saquito de lavanda en su interior para ayudar a calmar al beb\u00e9 antes de dormir.<\/p>\n<p><strong>Caracter\u00edsticas:<\/strong><\/p>\n<ul>\n<li>Ayuda a ense\u00f1ar a los ni\u00f1os sobre organizaci\u00f3n, ya que es mucho m\u00e1s divertido guardar los pijamas dentro de un juguete que esconderlos bajo la almohada.<\/li>\n<li>Contribuye al desarrollo de habilidades motoras finas, al aprender a abrir y cerrar el seguro del cord\u00f3n. Estas habilidades est\u00e1n directamente relacionadas con la memoria, la atenci\u00f3n y la coordinaci\u00f3n.<\/li>\n<li>Enriquece las sensaciones t\u00e1ctiles al combinar hilos de diferentes texturas, lo que resulta interesante para los ni\u00f1os y les ayuda a explorar el mundo que los rodea.<\/li>\n<li>Puede calmar y ayudar al ni\u00f1o a conciliar el sue\u00f1o, ya que es muy agradable de abrazar. Todos los juguetes est\u00e1n hechos con materiales hipoalerg\u00e9nicos, haci\u00e9ndolos seguros para los ni\u00f1os.<\/li>\n<li>Es un complemento encantador para la decoraci\u00f3n de cualquier dormitorio infantil.<\/li>\n<\/ul>\n<p><strong>Tama\u00f1o:<\/strong> aprox. 58 x 22 cm<br \/>\n<strong>Material:<\/strong> Este art\u00edculo est\u00e1 hecho a mano con hilo hipoalerg\u00e9nico, felpa y algod\u00f3n. Est\u00e1 relleno con holofibra y elaborado en un hogar libre de humo y mascotas.<\/p>\n<p><strong>Fabricado en Estonia, Uni\u00f3n Europea.<\/strong><\/p>\n<p><strong>El set contiene:<\/strong><\/p>\n<ul>\n<li>1x Bolsa para Pijamas<\/li>\n<\/ul>\n<p><strong>\u00a1El Regalo Perfecto para el Beb\u00e9!<\/strong><br \/>\nEmpaque listo para regalar, ideal para un baby shower, registro de beb\u00e9 o celebraci\u00f3n de cumplea\u00f1os.<\/p>\n<p><strong>Nota:<\/strong> Este juguete incluye un seguro con cord\u00f3n. Es importante supervisar a los ni\u00f1os menores de 3 a\u00f1os o aquellos que tienden a llevar objetos a la boca.<\/p>\n<p><strong>Recomendaciones de cuidado:<\/strong><\/p>\n<ul>\n<li>Para evitar reacciones al\u00e9rgicas, utiliza detergentes l\u00edquidos e hipoalerg\u00e9nicos.<\/li>\n<li>Lava en la lavadora usando un ciclo delicado, a una temperatura de 30 grados durante 30 minutos.<\/li>\n<li>Despu\u00e9s del lavado, coloca el juguete en posici\u00f3n horizontal para que se seque.<\/li>\n<\/ul>\n","protected":false},"excerpt":{"rendered":"<p>La <strong>Bolsa para Pijamas<\/strong> es un juguete tejido a crochet encantador y vers\u00e1til que cumple m\u00faltiples funciones. Los ni\u00f1os pueden disfrutar jugando con ella, abraz\u00e1ndola mientras duermen e incluso aprender a ser ordenados, ya que tiene un cuerpo hueco donde pueden guardar sus pijamas durante el d\u00eda. Adem\u00e1s, algunos padres optan por agregar un saquito de lavanda en su interior para ayudar a calmar al beb\u00e9 antes de dormir.<\/p>\n","protected":false},"featured_media":23437,"comment_status":"open","ping_status":"closed","template":"","meta":[],"product_brand":[],"product_cat":[531,533],"product_tag":[],"class_list":{"0":"post-23434","1":"product","2":"type-product","3":"status-publish","4":"has-post-thumbnail","6":"product_cat-hecho-por-encargo","7":"product_cat-juguete-guarda-pijamas","9":"first","10":"onbackorder","11":"taxable","12":"shipping-taxable","13":"purchasable","14":"product-type-simple"},"_links":{"self":[{"href":"https:\/\/tinyknit.eu\/es\/wp-json\/wp\/v2\/product\/23434","targetHints":{"allow":["GET"]}}],"collection":[{"href":"https:\/\/tinyknit.eu\/es\/wp-json\/wp\/v2\/product"}],"about":[{"href":"https:\/\/tinyknit.eu\/es\/wp-json\/wp\/v2\/types\/product"}],"replies":[{"embeddable":true,"href":"https:\/\/tinyknit.eu\/es\/wp-json\/wp\/v2\/comments?post=23434"}],"version-history":[{"count":1,"href":"https:\/\/tinyknit.eu\/es\/wp-json\/wp\/v2\/product\/23434\/revisions"}],"predecessor-version":[{"id":23438,"href":"https:\/\/tinyknit.eu\/es\/wp-json\/wp\/v2\/product\/23434\/revisions\/23438"}],"wp:featuredmedia":[{"embeddable":true,"href":"https:\/\/tinyknit.eu\/es\/wp-json\/wp\/v2\/media\/23437"}],"wp:attachment":[{"href":"https:\/\/tinyknit.eu\/es\/wp-json\/wp\/v2\/media?parent=23434"}],"wp:term":[{"taxonomy":"product_brand","embeddable":true,"href":"https:\/\/tinyknit.eu\/es\/wp-json\/wp\/v2\/product_brand?post=23434"},{"taxonomy":"product_cat","embeddable":true,"href":"https:\/\/tinyknit.eu\/es\/wp-json\/wp\/v2\/product_cat?post=23434"},{"taxonomy":"product_tag","embeddable":true,"href":"https:\/\/tinyknit.eu\/es\/wp-json\/wp\/v2\/product_tag?post=23434"}],"curies":[{"name":"wp","href":"https:\/\/api.w.org\/{rel}","templated":true}]}}