{"id":23396,"date":"2023-04-02T06:04:13","date_gmt":"2023-04-02T06:04:13","guid":{"rendered":"https:\/\/tinyknit.eu\/product\/sin%20categor\u00eda\/soft-pillow-for-kids-rainbow\/"},"modified":"2025-04-05T18:57:40","modified_gmt":"2025-04-05T18:57:40","slug":"soft-pillow-for-kids-rainbow","status":"publish","type":"product","link":"https:\/\/tinyknit.eu\/es\/product\/almohadas\/soft-pillow-for-kids-rainbow\/","title":{"rendered":"Almohada Suave para Ni\u00f1os &#8211; Arco\u00edris"},"content":{"rendered":"<div class=\"flex-shrink-0 flex flex-col relative items-end\">\n<div>\n<div class=\"pt-0\">\n<div class=\"gizmo-bot-avatar flex h-8 w-8 items-center justify-center overflow-hidden rounded-full\">\n<div class=\"relative p-1 rounded-sm flex items-center justify-center bg-token-main-surface-primary text-token-text-primary h-8 w-8\">Las almohadas suaves pueden ser el complemento perfecto para una habitaci\u00f3n de beb\u00e9 sencilla y discreta. Al colocarlas en la cama o cuna del ni\u00f1o, puedes realzar el dise\u00f1o general con un toque de elegancia. Los hermosos tonos naturales de las almohadas tambi\u00e9n crear\u00e1n una atm\u00f3sfera c\u00e1lida y acogedora en tu hogar.<\/div>\n<\/div>\n<\/div>\n<\/div>\n<\/div>\n<div class=\"group\/conversation-turn relative flex w-full min-w-0 flex-col agent-turn\">\n<div class=\"flex-col gap-1 md:gap-3\">\n<div class=\"flex max-w-full flex-col flex-grow\">\n<div class=\"min-h-8 text-message flex w-full flex-col items-end gap-2 whitespace-normal break-words [.text-message+&amp;]:mt-5\" dir=\"auto\" data-message-author-role=\"assistant\" data-message-id=\"d448c210-ef61-4828-a719-83011556fbe3\" data-message-model-slug=\"gpt-4o-mini\">\n<div class=\"flex w-full flex-col gap-1 empty:hidden first:pt-[3px]\">\n<div class=\"markdown prose w-full break-words dark:prose-invert light\">\n<p><strong>Caracter\u00edsticas:<\/strong><\/p>\n<ul>\n<li>La almohada enriquece las sensaciones t\u00e1ctiles, ya que combina hilos de diferentes texturas, lo que resulta interesante para el ni\u00f1o y le ayuda a aprender sobre el mundo que lo rodea.<\/li>\n<li>Todas las almohadas est\u00e1n hechas con materiales hipoalerg\u00e9nicos, lo que las hace seguras para los ni\u00f1os.<\/li>\n<li>Esta almohada puede convertirse en un complemento encantador para cualquier habitaci\u00f3n infantil.<\/li>\n<\/ul>\n<p><strong>Tama\u00f1o:<\/strong> aprox. 31 x 27 cm<br \/>\n<strong>Material:<\/strong> Este art\u00edculo est\u00e1 hecho a mano con hilo hipoalerg\u00e9nico, felpa y algod\u00f3n. Est\u00e1 relleno con holofibra y se elabora en un hogar libre de humo y mascotas.<\/p>\n<p><strong>Fabricado en Estonia, Uni\u00f3n Europea.<\/strong><\/p>\n<p><strong>El set contiene:<\/strong><\/p>\n<ul>\n<li>1x Almohada suave<\/li>\n<\/ul>\n<p><strong>\u00a1El Regalo Perfecto para el Beb\u00e9!<\/strong><br \/>\nEmpaque listo para regalar, ideal para un baby shower, registro de beb\u00e9 o celebraci\u00f3n de cumplea\u00f1os.<\/p>\n<p><strong>Recomendaciones de cuidado:<\/strong><\/p>\n<ul>\n<li>Para evitar reacciones al\u00e9rgicas, utiliza detergentes l\u00edquidos e hipoalerg\u00e9nicos.<\/li>\n<li>Lava en la lavadora usando un ciclo delicado, a una temperatura de 30 grados durante 30 minutos.<\/li>\n<li>Despu\u00e9s del lavado, coloca la almohada en posici\u00f3n horizontal para que se seque.<\/li>\n<\/ul>\n<\/div>\n<\/div>\n<\/div>\n<\/div>\n<\/div>\n<\/div>\n","protected":false},"excerpt":{"rendered":"<p>Las almohadas suaves pueden ser el complemento perfecto para una habitaci\u00f3n de beb\u00e9 sencilla y discreta. Al colocarlas en la cama o cuna del ni\u00f1o, puedes realzar el dise\u00f1o general con un toque de elegancia. Los hermosos tonos naturales de las almohadas tambi\u00e9n crear\u00e1n una atm\u00f3sfera c\u00e1lida y acogedora en tu hogar.<\/p>\n","protected":false},"featured_media":23398,"comment_status":"open","ping_status":"closed","template":"","meta":[],"product_brand":[],"product_cat":[534,530,531],"product_tag":[],"class_list":{"0":"post-23396","1":"product","2":"type-product","3":"status-publish","4":"has-post-thumbnail","6":"product_cat-almohadas","7":"product_cat-decoracion-para-el-hogar","8":"product_cat-hecho-por-encargo","10":"first","11":"onbackorder","12":"taxable","13":"shipping-taxable","14":"purchasable","15":"product-type-simple"},"_links":{"self":[{"href":"https:\/\/tinyknit.eu\/es\/wp-json\/wp\/v2\/product\/23396","targetHints":{"allow":["GET"]}}],"collection":[{"href":"https:\/\/tinyknit.eu\/es\/wp-json\/wp\/v2\/product"}],"about":[{"href":"https:\/\/tinyknit.eu\/es\/wp-json\/wp\/v2\/types\/product"}],"replies":[{"embeddable":true,"href":"https:\/\/tinyknit.eu\/es\/wp-json\/wp\/v2\/comments?post=23396"}],"version-history":[{"count":2,"href":"https:\/\/tinyknit.eu\/es\/wp-json\/wp\/v2\/product\/23396\/revisions"}],"predecessor-version":[{"id":23400,"href":"https:\/\/tinyknit.eu\/es\/wp-json\/wp\/v2\/product\/23396\/revisions\/23400"}],"wp:featuredmedia":[{"embeddable":true,"href":"https:\/\/tinyknit.eu\/es\/wp-json\/wp\/v2\/media\/23398"}],"wp:attachment":[{"href":"https:\/\/tinyknit.eu\/es\/wp-json\/wp\/v2\/media?parent=23396"}],"wp:term":[{"taxonomy":"product_brand","embeddable":true,"href":"https:\/\/tinyknit.eu\/es\/wp-json\/wp\/v2\/product_brand?post=23396"},{"taxonomy":"product_cat","embeddable":true,"href":"https:\/\/tinyknit.eu\/es\/wp-json\/wp\/v2\/product_cat?post=23396"},{"taxonomy":"product_tag","embeddable":true,"href":"https:\/\/tinyknit.eu\/es\/wp-json\/wp\/v2\/product_tag?post=23396"}],"curies":[{"name":"wp","href":"https:\/\/api.w.org\/{rel}","templated":true}]}}